{"id":242480,"date":"2025-03-20T15:14:41","date_gmt":"2025-03-20T15:14:41","guid":{"rendered":"https:\/\/aromasentia.com\/product\/cinnamon-50ml-essential-oil\/"},"modified":"2025-06-23T19:17:40","modified_gmt":"2025-06-23T19:17:40","slug":"cannelle-huile-essentielle-professionnelle-50ml","status":"publish","type":"product","link":"https:\/\/aromasentia.com\/fr\/cannelle-huile-essentielle-professionnelle-50ml\/","title":{"rendered":"Cannelle &#8211; Huile Essentielle Professionnelle 50ml"},"content":{"rendered":"<p><strong><span style=\"color: rgb(75, 80, 88);\">L&rsquo;Huile Essentielle de Cannelle<\/span><\/strong> est extraite par distillation \u00e0 la vapeur de l&rsquo;arbre Cinnamomum zeylanicum, \u00e9galement appel\u00e9 cannelle de Ceylan ou cannelle vraie. L\u00e0 &nbsp;sont deux sortes d&rsquo;huiles essentielles extraites : l&rsquo;une des feuilles, plus douce, jaune \u00e0 brun clair, et le plus souvent utilis\u00e9e en aromath\u00e9rapie ; et l&rsquo;autre de l&rsquo;\u00e9corce, qui est d&rsquo;un brun plus fonc\u00e9 et n&rsquo;est g\u00e9n\u00e9ralement pas pr\u00e9f\u00e9r\u00e9e en aromath\u00e9rapie.&nbsp;<\/p>\n<p>L&rsquo;huile de cannelle est un calmant avec de puissantes propri\u00e9t\u00e9s antiseptiques. Lorsqu&rsquo;elle est utilis\u00e9e dans un br\u00fbleur \u00e0 mazout, cette huile est cens\u00e9e aider les rhumes et les bronchites, et soulager la d\u00e9pression.&nbsp;<\/p>\n<p>Elle est utilis\u00e9e pour soulager la bronchite, la diarrh\u00e9e, les frissons, les infections, la grippe, les rhumatismes et l&rsquo;arthrite lorsqu&rsquo;elle est utilis\u00e9e dans l&rsquo;eau du bain ou m\u00e9lang\u00e9e \u00e0 une huile de massage. Il soulage les naus\u00e9es et les vomissements. Il stimule le syst\u00e8me glandulaire et r\u00e9duit donc les douleurs menstruelles. \u00e9vitez l&rsquo;huile de feuilles pendant la grossesse. L&rsquo;huile d&rsquo;\u00e9corce est tr\u00e8s forte et ne doit \u00eatre utilis\u00e9e que dilu\u00e9e, sous la surveillance d&rsquo;un expert.&nbsp;<\/p>\n<p>Le cannelier est originaire du sous-continent indien et a \u00e9t\u00e9 un \u00e9l\u00e9ment important du commerce pendant des si\u00e8cles entre l&rsquo;Inde, la Chine et l&rsquo;\u00e9gypte. La source de la cannelle a longtemps \u00e9t\u00e9 un myst\u00e8re pour le monde occidental. Selon H\u00e9rodote et d&rsquo;autres auteurs, l&rsquo;Arabie \u00e9tait la source de la cannelle. L&rsquo;histoire raconte que des oiseaux cannelle g\u00e9ants ont ramass\u00e9 des b\u00e2tons de cannelle pour leurs nids dans un endroit myst\u00e9rieux o\u00f9poussaient des canneliers.&nbsp;<\/p>\n<p>Les Arabes ont ensuite tromp\u00e9 les oiseaux et obtenu d&rsquo;eux la cannelle. C&rsquo;\u00e9tait la croyance jusqu&rsquo;en 1310 \u00e0 Byzance.<\/p>\n<p><strong><span style=\"color: rgb(75, 80, 88);\">Nom latin :&nbsp;<\/span><\/strong>Cinnamomum Zeylanicum.&nbsp;<\/p>\n<p><strong><span style=\"color: rgb(75, 80, 88);\">Partie de la plante utilis\u00e9e :<\/span><\/strong> feuilles et brindilles&nbsp;<\/p>\n<p><strong><span style=\"color: rgb(75, 80, 88);\">Source :<\/span><\/strong> Sri-Lanka.&nbsp;<\/p>\n<p><strong><span style=\"color: rgb(75, 80, 88);\">M\u00e9thode d&rsquo;extraction :&nbsp;<\/span><\/strong>Distillation \u00e0 la vapeur.&nbsp;<\/p>\n<p>Les fiches techniques sont disponibles, pr\u00eates \u00e0 imprimer et \u00e0 partager avec vos clients. Vous aurez besoin d&rsquo;un mot de passe pour t\u00e9l\u00e9charger le PDF que vous trouverez \u00e0 la fin de l&#8217;email de confirmation de votre commande (ATTENTION: les fiches techniques ne sont disponibles qu\u2019en anglais pour le moment).<\/p>\n<p><strong><span style=\"color: rgb(141, 186, 216);\">Les huiles essentielles mises en bouteille \u00e0 Ancient Wisdom sont utilis\u00e9es par des centaines d\u2019aromat\u00e9rapeutes et autres professionnels. Nous ne faisons pas de compromis sur la qualit\u00e9 et la puret\u00e9 des huiles essentielles.<\/span><\/strong><\/p>\n","protected":false},"excerpt":{"rendered":"<p>L&rsquo;Huile Essentielle de Cannelle est extraite par distillation \u00e0 la vapeur de l&rsquo;arbre Cinnamomum zeylanicum, \u00e9galement appel\u00e9 cannelle de Ceylan ou cannelle vraie. L\u00e0 &nbsp;sont deux sortes d&rsquo;huiles essentielles extraites : l&rsquo;une des feuilles, plus douce, jaune \u00e0 brun clair, et le plus souvent utilis\u00e9e en aromath\u00e9rapie ; et l&rsquo;autre de l&rsquo;\u00e9corce, qui est d&rsquo;un [&hellip;]<\/p>\n","protected":false},"featured_media":268224,"comment_status":"closed","ping_status":"open","template":"","meta":{"_angie_page":false},"product_brand":[27093],"product_cat":[16450,26135,26888,23646,25842],"product_tag":[],"class_list":{"0":"post-242480","1":"product","2":"type-product","3":"status-publish","4":"has-post-thumbnail","6":"product_brand-ancient-wisdom","7":"product_cat-aromatherapie-et-parfums-d-ambiance","8":"product_cat-cannelle","9":"product_cat-epice","10":"product_cat-huiles-essentielles","11":"product_cat-senteurs-aromes","12":"pa_collection-50ml-essential-oil-fr","13":"pa_made-in-sri-lanka","14":"pa_size-50ml","16":"first","17":"instock","18":"purchasable","19":"product-type-simple"},"supplier_id":null,"supplier_sku":"PrEO-21","barcode":null,"atum_controlled":true,"out_stock_date":null,"out_stock_threshold":null,"inheritable":false,"inbound_stock":null,"stock_on_hold":0,"sold_today":0,"sales_last_days":0,"reserved_stock":null,"customer_returns":null,"warehouse_damage":null,"lost_in_post":null,"other_logs":null,"out_stock_days":0,"lost_sales":0,"has_location":null,"update_date":"2026-05-08T05:16:51","atum_locations":[],"atum_stock_status":"instock","restock_status":false,"low_stock_amount":"","sales_update_date":"2025-09-05T00:18:02","calc_backorders":null,"_links":{"self":[{"href":"https:\/\/aromasentia.com\/fr\/wp-json\/wp\/v2\/product\/242480","targetHints":{"allow":["GET"]}}],"collection":[{"href":"https:\/\/aromasentia.com\/fr\/wp-json\/wp\/v2\/product"}],"about":[{"href":"https:\/\/aromasentia.com\/fr\/wp-json\/wp\/v2\/types\/product"}],"replies":[{"embeddable":true,"href":"https:\/\/aromasentia.com\/fr\/wp-json\/wp\/v2\/comments?post=242480"}],"version-history":[{"count":0,"href":"https:\/\/aromasentia.com\/fr\/wp-json\/wp\/v2\/product\/242480\/revisions"}],"wp:featuredmedia":[{"embeddable":true,"href":"https:\/\/aromasentia.com\/fr\/wp-json\/wp\/v2\/media\/268224"}],"wp:attachment":[{"href":"https:\/\/aromasentia.com\/fr\/wp-json\/wp\/v2\/media?parent=242480"}],"wp:term":[{"taxonomy":"product_brand","embeddable":true,"href":"https:\/\/aromasentia.com\/fr\/wp-json\/wp\/v2\/product_brand?post=242480"},{"taxonomy":"product_cat","embeddable":true,"href":"https:\/\/aromasentia.com\/fr\/wp-json\/wp\/v2\/product_cat?post=242480"},{"taxonomy":"product_tag","embeddable":true,"href":"https:\/\/aromasentia.com\/fr\/wp-json\/wp\/v2\/product_tag?post=242480"}],"curies":[{"name":"wp","href":"https:\/\/api.w.org\/{rel}","templated":true}]}}