{"id":242476,"date":"2025-03-20T15:14:41","date_gmt":"2025-03-20T15:14:41","guid":{"rendered":"https:\/\/aromasentia.com\/product\/citronella-50ml-essential-oil\/"},"modified":"2025-06-23T19:17:40","modified_gmt":"2025-06-23T19:17:40","slug":"citronelle-huile-essentielle-professionnelle-50ml","status":"publish","type":"product","link":"https:\/\/aromasentia.com\/fr\/citronelle-huile-essentielle-professionnelle-50ml\/","title":{"rendered":"Citronelle- Huile Essentielle Professionnelle 50ml"},"content":{"rendered":"<p><strong><span style=\"color: rgb(75, 80, 88);\">L&rsquo;huile de Citronnelle<\/span><\/strong> est distill\u00e9e \u00e0 la vapeur \u00e0 partir des feuilles et des tiges des esp\u00e8ces de plantes Cymbopogon, en particulier Cymbopogon Winteranius.&nbsp;<\/p>\n<p>L&rsquo;huile de citronnelle est r\u00e9put\u00e9e comme insectifuge d&rsquo;origine v\u00e9g\u00e9tale, bio-pesticide au mode d&rsquo;action non toxique, et est homologu\u00e9e pour cet usage aux USA depuis 1948.&nbsp;<\/p>\n<p>Les principaux pays producteurs de cette huile sont l&rsquo;Indon\u00e9sie et la Chine, qui font ensemble environ 40% de l&rsquo;huile essentielle de citronnelle du monde. En plus d&rsquo;\u00eatre utile comme insectifuge pour la peau, cette huile est bonne pour la transpiration excessive, la peau et les cheveux gras, et fonctionne comme un d\u00e9odorant. On dit qu&rsquo;il apaise les douleurs dues aux rhumatismes et \u00e0 l&rsquo;arthrite, et qu&rsquo;il r\u00e9siste \u00e0 la grippe, au rhume et aux infections mineures.&nbsp;<\/p>\n<p>L&rsquo;huile est bonne pour le syst\u00e8me digestif pour gu\u00e9rir la colique, les infections intestinales et se d\u00e9barrasser des parasites intestinaux. Il soulage les crampes et les douleurs menstruelles et acc\u00e9l\u00e8re le rythme cardiaque. Utilis\u00e9 dans un vaporisateur, il est connu pour dissiper la fatigue, les maux de t\u00eate et les n\u00e9vralgies, et cr\u00e9er une ambiance de joie et d&rsquo;optimisme.&nbsp;<\/p>\n<p>Eviter l&rsquo;utilisation pendant la grossesse, et chez les enfants de moins de 3 ans. Ne pas consommer en interne. Les cultures anciennes en Inde, en \u00e9gypte et ailleurs, o\u00f9poussaient les esp\u00e8ces de gramin\u00e9es Cymbopogon, les utilisaient pour repousser les insectes, en particulier les moustiques. \u00e0 cette \u00e9poque, les gens s&rsquo;installaient pr\u00e8s des rivi\u00e8res et des plans d&rsquo;eau.&nbsp;<\/p>\n<p>Bien que ce soit une bonne chose \u00e0 bien des \u00e9gards, cela signifiait \u00e9galement une abondance d&rsquo;insectes, de moustiques, qui apportaient des maladies et tuaient des gens.<\/p>\n<p><strong><span style=\"color: rgb(75, 80, 88);\">Nom latin :<\/span><\/strong> Cymbopogon Winteranius&nbsp;<\/p>\n<p><strong><span style=\"color: rgb(75, 80, 88);\">Partie de la plante utilis\u00e9e : <\/span><\/strong>herbe s\u00e9ch\u00e9e&nbsp;<\/p>\n<p><strong><span style=\"color: rgb(75, 80, 88);\">Source :<\/span><\/strong> Java&nbsp;<\/p>\n<p><strong><span style=\"color: rgb(75, 80, 88);\">M\u00e9thode d&rsquo;extraction : <\/span><\/strong>Distillation \u00e0 la vapeur&nbsp;<\/p>\n<p>Les fiches techniques sont disponibles, pr\u00eates \u00e0 imprimer et \u00e0 partager avec vos clients. Vous aurez besoin d&rsquo;un mot de passe pour t\u00e9l\u00e9charger le PDF que vous trouverez \u00e0 la fin de l&#8217;email de confirmation de votre commande (ATTENTION: les fiches techniques ne sont disponibles qu\u2019en anglais pour le moment).<\/p>\n<p><strong><span style=\"color: rgb(141, 186, 216);\">Les huiles essentielles mises en bouteille \u00e0 Ancient Wisdom sont utilis\u00e9es par des centaines d\u2019aromat\u00e9rapeutes et autres professionnels. Nous ne faisons pas de compromis sur la qualit\u00e9 et la puret\u00e9 des huiles essentielles.<\/span><\/strong><\/p>\n","protected":false},"excerpt":{"rendered":"<p>L&rsquo;huile de Citronnelle est distill\u00e9e \u00e0 la vapeur \u00e0 partir des feuilles et des tiges des esp\u00e8ces de plantes Cymbopogon, en particulier Cymbopogon Winteranius.&nbsp; L&rsquo;huile de citronnelle est r\u00e9put\u00e9e comme insectifuge d&rsquo;origine v\u00e9g\u00e9tale, bio-pesticide au mode d&rsquo;action non toxique, et est homologu\u00e9e pour cet usage aux USA depuis 1948.&nbsp; Les principaux pays producteurs de cette [&hellip;]<\/p>\n","protected":false},"featured_media":268215,"comment_status":"closed","ping_status":"open","template":"","meta":{"_angie_page":false},"product_brand":[27093],"product_cat":[16450,26140,26818,23646,25842],"product_tag":[],"class_list":{"0":"post-242476","1":"product","2":"type-product","3":"status-publish","4":"has-post-thumbnail","6":"product_brand-ancient-wisdom","7":"product_cat-aromatherapie-et-parfums-d-ambiance","8":"product_cat-citronnelle","9":"product_cat-hesperide-agrumes","10":"product_cat-huiles-essentielles","11":"product_cat-senteurs-aromes","12":"pa_collection-50ml-essential-oil-fr","13":"pa_made-in-viet-nam","14":"pa_size-50ml","16":"first","17":"instock","18":"purchasable","19":"product-type-simple"},"supplier_id":null,"supplier_sku":"PrEO-20","barcode":null,"atum_controlled":true,"out_stock_date":null,"out_stock_threshold":null,"inheritable":false,"inbound_stock":null,"stock_on_hold":0,"sold_today":0,"sales_last_days":0,"reserved_stock":null,"customer_returns":null,"warehouse_damage":null,"lost_in_post":null,"other_logs":null,"out_stock_days":0,"lost_sales":0,"has_location":null,"update_date":"2026-05-08T05:16:51","atum_locations":[],"atum_stock_status":"instock","restock_status":false,"low_stock_amount":"","sales_update_date":"2026-01-20T05:14:08","calc_backorders":null,"_links":{"self":[{"href":"https:\/\/aromasentia.com\/fr\/wp-json\/wp\/v2\/product\/242476","targetHints":{"allow":["GET"]}}],"collection":[{"href":"https:\/\/aromasentia.com\/fr\/wp-json\/wp\/v2\/product"}],"about":[{"href":"https:\/\/aromasentia.com\/fr\/wp-json\/wp\/v2\/types\/product"}],"replies":[{"embeddable":true,"href":"https:\/\/aromasentia.com\/fr\/wp-json\/wp\/v2\/comments?post=242476"}],"version-history":[{"count":0,"href":"https:\/\/aromasentia.com\/fr\/wp-json\/wp\/v2\/product\/242476\/revisions"}],"wp:featuredmedia":[{"embeddable":true,"href":"https:\/\/aromasentia.com\/fr\/wp-json\/wp\/v2\/media\/268215"}],"wp:attachment":[{"href":"https:\/\/aromasentia.com\/fr\/wp-json\/wp\/v2\/media?parent=242476"}],"wp:term":[{"taxonomy":"product_brand","embeddable":true,"href":"https:\/\/aromasentia.com\/fr\/wp-json\/wp\/v2\/product_brand?post=242476"},{"taxonomy":"product_cat","embeddable":true,"href":"https:\/\/aromasentia.com\/fr\/wp-json\/wp\/v2\/product_cat?post=242476"},{"taxonomy":"product_tag","embeddable":true,"href":"https:\/\/aromasentia.com\/fr\/wp-json\/wp\/v2\/product_tag?post=242476"}],"curies":[{"name":"wp","href":"https:\/\/api.w.org\/{rel}","templated":true}]}}