{"id":242468,"date":"2025-03-20T15:14:41","date_gmt":"2025-03-20T15:14:41","guid":{"rendered":"https:\/\/aromasentia.com\/product\/chamomile-dilute-50ml-essential-oil\/"},"modified":"2025-06-23T19:17:39","modified_gmt":"2025-06-23T19:17:39","slug":"camomille-romaine-dilue-huile-essentielle-professionnelle-50ml","status":"publish","type":"product","link":"https:\/\/aromasentia.com\/fr\/camomille-romaine-dilue-huile-essentielle-professionnelle-50ml\/","title":{"rendered":"Camomille Romaine (Dilu\u00e9) &#8211; Huile Essentielle Professionnelle 50ml"},"content":{"rendered":"<p><strong><span style=\"color: rgb(75, 80, 88);\">La Camomille Romaine&nbsp;<\/span><\/strong>donne une huile essentielle qui est bleu clair lorsqu&rsquo;elle est fra\u00eeche. Il peut \u00eatre extrait de la fleur et des parties sup\u00e9rieures de la plante. Il a d&rsquo;excellentes propri\u00e9t\u00e9s calmantes et on dit qu&rsquo;il soulage l&rsquo;irritation, l&rsquo;impatience et qu&rsquo;il aide d&rsquo;autres probl\u00e8mes menstruels et m\u00e9nopausiques.&nbsp;<\/p>\n<p>La camomille romaine est une plante \u00e0 feuilles persistantes avec une odeur de pomme fra\u00eeche, et est principalement cultiv\u00e9e en France, en Belgique et en Europe de l&rsquo;Est. Cette herbe est excellente pour les probl\u00e8mes de peau comme l&rsquo;acn\u00e9, l&rsquo;ecz\u00e9ma, les \u00e9ruptions cutan\u00e9es, les plaies, la dermatite, la peau s\u00e8che\/qui d\u00e9mange et toute allergie.&nbsp;<\/p>\n<p>On dit qu&rsquo;il est bon pour les douleurs abdominales, les probl\u00e8mes de v\u00e9sicule biliaire et les infections de la gorge, et qu&rsquo;il aide \u00e0 soulager les allergies, le rhume des foins et l&rsquo;asthme. Cette huile est utile en solution dilu\u00e9e pour calmer les enfants souffrant de coliques, d&rsquo;irritabilit\u00e9, de diarrh\u00e9es et de pouss\u00e9es dentaires.&nbsp;<\/p>\n<p>En vaporisateur, elle calme les maux de t\u00eate, les troubles nerveux et les migraines. Bien que cette huile soit suffisamment douce pour \u00eatre utilis\u00e9e avec des enfants et des b\u00e9b\u00e9s, consultez toujours un expert avant de l&rsquo;administrer.&nbsp;<\/p>\n<p>L&rsquo;utilisation m\u00e9dicinale de la camomille remonte \u00e0 des milliers d&rsquo;ann\u00e9es chez les anciens \u00e9gyptiens, Romains et Grecs. L&rsquo;huile de camomille \u00e9tait utilis\u00e9e pour embaumer les corps. Hippocrate, le grand m\u00e9decin grec, aurait utilis\u00e9 la camomille comme rem\u00e8de \u00e0 base de plantes.&nbsp;<\/p>\n<p>Dans la mythologie, la camomille est l&rsquo;une des neuf herbes sacr\u00e9es donn\u00e9es par Wodan, le dieu des enfers, aux mortels pour am\u00e9liorer leur vie.<\/p>\n<p><strong><span style=\"color: rgb(75, 80, 88);\">Nom latin : <\/span><\/strong>Anthemis Nobilis&nbsp;<\/p>\n<p><strong><span style=\"color: rgb(75, 80, 88);\">Partie de la plante utilis\u00e9e :<\/span><\/strong> Fleurs&nbsp;<\/p>\n<p><strong><span style=\"color: rgb(75, 80, 88);\">Source : <\/span><\/strong>Angleterre&nbsp;<\/p>\n<p><strong><span style=\"color: rgb(75, 80, 88);\">M\u00e9thode d&rsquo;extraction :<\/span><\/strong> Distillation \u00e0 la vapeur 5% de dilution dans l&rsquo;huile de p\u00e9pins de raisin&nbsp;<\/p>\n<p>Les fiches techniques sont disponibles, pr\u00eates \u00e0 imprimer et \u00e0 partager avec vos clients. Vous aurez besoin d&rsquo;un mot de passe pour t\u00e9l\u00e9charger le PDF que vous trouverez \u00e0 la fin de l&#8217;email de confirmation de votre commande (ATTENTION: les fiches techniques ne sont disponibles qu\u2019en anglais pour le moment).<\/p>\n<p><strong><span style=\"color: rgb(141, 186, 216);\">Les huiles essentielles mises en bouteille \u00e0 Ancient Wisdom sont utilis\u00e9es par des centaines d\u2019aromat\u00e9rapeutes et autres professionnels. Nous ne faisons pas de compromis sur la qualit\u00e9 et la puret\u00e9 des huiles essentielles.<\/span><\/strong><\/p>\n","protected":false},"excerpt":{"rendered":"<p>La Camomille Romaine&nbsp;donne une huile essentielle qui est bleu clair lorsqu&rsquo;elle est fra\u00eeche. Il peut \u00eatre extrait de la fleur et des parties sup\u00e9rieures de la plante. Il a d&rsquo;excellentes propri\u00e9t\u00e9s calmantes et on dit qu&rsquo;il soulage l&rsquo;irritation, l&rsquo;impatience et qu&rsquo;il aide d&rsquo;autres probl\u00e8mes menstruels et m\u00e9nopausiques.&nbsp; La camomille romaine est une plante \u00e0 feuilles [&hellip;]<\/p>\n","protected":false},"featured_media":268197,"comment_status":"closed","ping_status":"open","template":"","meta":{"_angie_page":false},"product_brand":[27093],"product_cat":[16450,26126,26832,23646,25842],"product_tag":[],"class_list":{"0":"post-242468","1":"product","2":"type-product","3":"status-publish","4":"has-post-thumbnail","6":"product_brand-ancient-wisdom","7":"product_cat-aromatherapie-et-parfums-d-ambiance","8":"product_cat-camomille-romaine","9":"product_cat-floral","10":"product_cat-huiles-essentielles","11":"product_cat-senteurs-aromes","12":"pa_collection-50ml-essential-oil-fr","13":"pa_made-in-royaume-uni","14":"pa_size-50ml","16":"first","17":"instock","18":"purchasable","19":"product-type-simple"},"supplier_id":null,"supplier_sku":"PrEO-18","barcode":null,"atum_controlled":true,"out_stock_date":null,"out_stock_threshold":null,"inheritable":false,"inbound_stock":null,"stock_on_hold":0,"sold_today":0,"sales_last_days":0,"reserved_stock":null,"customer_returns":null,"warehouse_damage":null,"lost_in_post":null,"other_logs":null,"out_stock_days":0,"lost_sales":0,"has_location":null,"update_date":"2026-04-27T07:18:20","atum_locations":[],"atum_stock_status":"instock","restock_status":false,"low_stock_amount":"","sales_update_date":"2025-09-05T00:18:02","calc_backorders":null,"_links":{"self":[{"href":"https:\/\/aromasentia.com\/fr\/wp-json\/wp\/v2\/product\/242468","targetHints":{"allow":["GET"]}}],"collection":[{"href":"https:\/\/aromasentia.com\/fr\/wp-json\/wp\/v2\/product"}],"about":[{"href":"https:\/\/aromasentia.com\/fr\/wp-json\/wp\/v2\/types\/product"}],"replies":[{"embeddable":true,"href":"https:\/\/aromasentia.com\/fr\/wp-json\/wp\/v2\/comments?post=242468"}],"version-history":[{"count":0,"href":"https:\/\/aromasentia.com\/fr\/wp-json\/wp\/v2\/product\/242468\/revisions"}],"wp:featuredmedia":[{"embeddable":true,"href":"https:\/\/aromasentia.com\/fr\/wp-json\/wp\/v2\/media\/268197"}],"wp:attachment":[{"href":"https:\/\/aromasentia.com\/fr\/wp-json\/wp\/v2\/media?parent=242468"}],"wp:term":[{"taxonomy":"product_brand","embeddable":true,"href":"https:\/\/aromasentia.com\/fr\/wp-json\/wp\/v2\/product_brand?post=242468"},{"taxonomy":"product_cat","embeddable":true,"href":"https:\/\/aromasentia.com\/fr\/wp-json\/wp\/v2\/product_cat?post=242468"},{"taxonomy":"product_tag","embeddable":true,"href":"https:\/\/aromasentia.com\/fr\/wp-json\/wp\/v2\/product_tag?post=242468"}],"curies":[{"name":"wp","href":"https:\/\/api.w.org\/{rel}","templated":true}]}}