{"id":242460,"date":"2025-03-20T15:14:41","date_gmt":"2025-03-20T15:14:41","guid":{"rendered":"https:\/\/aromasentia.com\/product\/fennel-50ml-essential-oil\/"},"modified":"2025-06-23T19:17:38","modified_gmt":"2025-06-23T19:17:38","slug":"fenouil-huile-essentielle-professionnelle-50ml","status":"publish","type":"product","link":"https:\/\/aromasentia.com\/fr\/fenouil-huile-essentielle-professionnelle-50ml\/","title":{"rendered":"Fenouil &#8211; Huile Essentielle Professionnelle 50ml"},"content":{"rendered":"<p><strong><span style=\"color: rgb(75, 80, 88);\">L&rsquo;huile essentielle de Fenouil<\/span><\/strong> est extraite de la plante Foeniculum vulgare var. dulce, qui est du fenouil doux, \u00e9galement connu sous le nom de fenouil romain. Il est extrait des graines broy\u00e9es par distillation \u00e0 la vapeur.&nbsp;<\/p>\n<p>L&rsquo;huile, comme les graines, est bonne pour la digestion ainsi que pour beaucoup d&rsquo;autres maux. Il est utilis\u00e9 en aromath\u00e9rapie pour traiter la peau grasse, les rides et l&rsquo;ob\u00e9sit\u00e9. On dit qu&rsquo;il stimule le courage, la d\u00e9termination et la force. Cette huile est un rem\u00e8de populaire pour les probl\u00e8mes digestifs comme les flatulences, la constipation, les coliques, les naus\u00e9es, les vomissements et l&rsquo;anorexie. Il aide \u00e9galement \u00e0 perdre du poids car il est cens\u00e9 favoriser la sensation d&rsquo;un estomac plein.&nbsp;<\/p>\n<p>On pense que son effet diur\u00e9tique aide \u00e0 disperser la cellulite. L&rsquo;huile de fenouil est cens\u00e9e tonifier la rate et le foie. Il a un effet nettoyant et tonifiant sur la peau et soulage les ecchymoses. Veuillez noter que cette huile ne doit pas \u00eatre utilis\u00e9e \u00e0 fortes doses et doit \u00eatre \u00e9vit\u00e9e pendant la grossesse, l&rsquo;allaitement et les personnes souffrant de cancer du sein et d&rsquo;\u00e9pilepsie. Le mot fenouil vient du latin &laquo; foenum &raquo;, qui signifie &laquo; foin &raquo;.&nbsp;<\/p>\n<p>\u00e0 l&rsquo;\u00e9poque m\u00e9di\u00e9vale, il \u00e9tait connu sous le nom de &laquo; Fenkle &raquo;. C&rsquo;\u00e9tait une herbe populaire utilis\u00e9e par les anciens Chinois, \u00e9gyptiens et Romains, qui croyaient que le fenouil aidait \u00e0 prolonger la vie et am\u00e9liorait le courage et la force d&rsquo;une personne. On croyait aussi qu&rsquo;il \u00e9loignait les mauvais esprits.&nbsp;<\/p>\n<p>On dit que le fenouil \u00e9tait utilis\u00e9 pour renforcer la vue, soigner les morsures de serpent et soulager les coliques. En Inde, les graines de fenouil nature, r\u00f4ties ou enrob\u00e9es de menthe, appel\u00e9es &laquo; saunf &raquo;, sont souvent servies apr\u00e8s les repas pour faciliter la digestion.<\/p>\n<p><strong><span style=\"color: rgb(75, 80, 88);\">Nom latin :<\/span><\/strong> Foeniculum Vulgare.&nbsp;<\/p>\n<p><strong><span style=\"color: rgb(75, 80, 88);\">Partie de la plante utilis\u00e9e : <\/span><\/strong>graines broy\u00e9es.&nbsp;<\/p>\n<p><strong><span style=\"color: rgb(75, 80, 88);\">Source :<\/span><\/strong> Ukraine.&nbsp;<\/p>\n<p><strong><span style=\"color: rgb(75, 80, 88);\">M\u00e9thode d&rsquo;extraction : <\/span><\/strong>Distillation \u00e0 la vapeur.&nbsp;<\/p>\n<p>Les fiches techniques sont disponibles, pr\u00eates \u00e0 imprimer et \u00e0 partager avec vos clients. Vous aurez besoin d&rsquo;un mot de passe pour t\u00e9l\u00e9charger le PDF que vous trouverez \u00e0 la fin de l&#8217;email de confirmation de votre commande (ATTENTION: les fiches techniques ne sont disponibles qu\u2019en anglais pour le moment).<\/p>\n<p><strong><span style=\"color: rgb(141, 186, 216);\">Les huiles essentielles mises en bouteille \u00e0 Ancient Wisdom sont utilis\u00e9es par des centaines d\u2019aromat\u00e9rapeutes et autres professionnels. Nous ne faisons pas de compromis sur la qualit\u00e9 et la puret\u00e9 des huiles essentielles.<\/span><\/strong><\/p>\n","protected":false},"excerpt":{"rendered":"<p>L&rsquo;huile essentielle de Fenouil est extraite de la plante Foeniculum vulgare var. dulce, qui est du fenouil doux, \u00e9galement connu sous le nom de fenouil romain. Il est extrait des graines broy\u00e9es par distillation \u00e0 la vapeur.&nbsp; L&rsquo;huile, comme les graines, est bonne pour la digestion ainsi que pour beaucoup d&rsquo;autres maux. Il est utilis\u00e9 [&hellip;]<\/p>\n","protected":false},"featured_media":268179,"comment_status":"closed","ping_status":"open","template":"","meta":{"_angie_page":false},"product_brand":[27093],"product_cat":[16450,26185,26860,23646,25842],"product_tag":[],"class_list":{"0":"post-242460","1":"product","2":"type-product","3":"status-publish","4":"has-post-thumbnail","6":"product_brand-ancient-wisdom","7":"product_cat-aromatherapie-et-parfums-d-ambiance","8":"product_cat-fenouil","9":"product_cat-herbes-aromatiques","10":"product_cat-huiles-essentielles","11":"product_cat-senteurs-aromes","12":"pa_collection-50ml-essential-oil-fr","13":"pa_made-in-ukraine","14":"pa_size-50ml","16":"first","17":"instock","18":"purchasable","19":"product-type-simple"},"supplier_id":null,"supplier_sku":"PrEO-16","barcode":null,"atum_controlled":true,"out_stock_date":null,"out_stock_threshold":null,"inheritable":false,"inbound_stock":null,"stock_on_hold":0,"sold_today":0,"sales_last_days":0,"reserved_stock":null,"customer_returns":null,"warehouse_damage":null,"lost_in_post":null,"other_logs":null,"out_stock_days":0,"lost_sales":0,"has_location":null,"update_date":"2026-05-08T05:16:51","atum_locations":[],"atum_stock_status":"instock","restock_status":false,"low_stock_amount":"","sales_update_date":"2026-01-30T01:24:24","calc_backorders":null,"_links":{"self":[{"href":"https:\/\/aromasentia.com\/fr\/wp-json\/wp\/v2\/product\/242460","targetHints":{"allow":["GET"]}}],"collection":[{"href":"https:\/\/aromasentia.com\/fr\/wp-json\/wp\/v2\/product"}],"about":[{"href":"https:\/\/aromasentia.com\/fr\/wp-json\/wp\/v2\/types\/product"}],"replies":[{"embeddable":true,"href":"https:\/\/aromasentia.com\/fr\/wp-json\/wp\/v2\/comments?post=242460"}],"version-history":[{"count":0,"href":"https:\/\/aromasentia.com\/fr\/wp-json\/wp\/v2\/product\/242460\/revisions"}],"wp:featuredmedia":[{"embeddable":true,"href":"https:\/\/aromasentia.com\/fr\/wp-json\/wp\/v2\/media\/268179"}],"wp:attachment":[{"href":"https:\/\/aromasentia.com\/fr\/wp-json\/wp\/v2\/media?parent=242460"}],"wp:term":[{"taxonomy":"product_brand","embeddable":true,"href":"https:\/\/aromasentia.com\/fr\/wp-json\/wp\/v2\/product_brand?post=242460"},{"taxonomy":"product_cat","embeddable":true,"href":"https:\/\/aromasentia.com\/fr\/wp-json\/wp\/v2\/product_cat?post=242460"},{"taxonomy":"product_tag","embeddable":true,"href":"https:\/\/aromasentia.com\/fr\/wp-json\/wp\/v2\/product_tag?post=242460"}],"curies":[{"name":"wp","href":"https:\/\/api.w.org\/{rel}","templated":true}]}}