{"id":242456,"date":"2025-03-20T15:14:41","date_gmt":"2025-03-20T15:14:41","guid":{"rendered":"https:\/\/aromasentia.com\/product\/blackpepper-50ml-essential-oil\/"},"modified":"2025-06-23T19:17:37","modified_gmt":"2025-06-23T19:17:37","slug":"poivre-noir-huile-essentielle-professionnelle-50ml","status":"publish","type":"product","link":"https:\/\/aromasentia.com\/fr\/poivre-noir-huile-essentielle-professionnelle-50ml\/","title":{"rendered":"Poivre Noir &#8211; Huile Essentielle Professionnelle 50ml"},"content":{"rendered":"<p><strong><span style=\"color: rgb(75, 80, 88);\">L&rsquo;huile essentielle de Poivre Noir&nbsp;<\/span><\/strong>est une huile polyvalente qui a une vari\u00e9t\u00e9 d&rsquo;utilisations et d&rsquo;avantages. Cette huile essentielle est riche en monoterp\u00e8nes et sesquiterp\u00e8nes, qui sont des produits chimiques naturels connus pour leur activit\u00e9 antioxydante et leur capacit\u00e9 \u00e0 soutenir le syst\u00e8me immunitaire en cas de besoin.&nbsp;<\/p>\n<p>L&rsquo;une des qualit\u00e9s uniques de l&rsquo;huile essentielle de poivre noir est sa capacit\u00e9 \u00e0 procurer des sensations de chaleur lorsqu&rsquo;elle est appliqu\u00e9e par voie topique. Ce facteur en fait une huile parfaite \u00e0 utiliser dans un m\u00e9lange de massage relaxant. Besoin d&rsquo;un bon moyen de calmer les nerfs ind\u00e9sirables?&nbsp;<\/p>\n<p>L&rsquo;huile essentielle de poivre noir est un excellent moyen de soulager les sentiments anxieux. Lorsqu&rsquo;elle est utilis\u00e9e de mani\u00e8re aromatique, l&rsquo;huile essentielle de poivre noir peut aider \u00e0 apaiser les \u00e9motions tendues.<\/p>\n<p><strong><span style=\"color: rgb(75, 80, 88);\">Nom latin :<\/span><\/strong> Piper Nigrum&nbsp;<\/p>\n<p><strong><span style=\"color: rgb(75, 80, 88);\">Partie de la plante utilis\u00e9e :<\/span><\/strong> grains de poivre&nbsp;<\/p>\n<p><strong><span style=\"color: rgb(75, 80, 88);\">Source :<\/span><\/strong> Inde&nbsp;<\/p>\n<p><strong><span style=\"color: rgb(75, 80, 88);\">M\u00e9thode d&rsquo;extraction :<\/span><\/strong> distillation \u00e0 la vapeur <\/p>\n<p>Les fiches techniques sont disponibles, pr\u00eates \u00e0 imprimer et \u00e0 partager avec vos clients. Vous aurez besoin d&rsquo;un mot de passe pour t\u00e9l\u00e9charger le PDF que vous trouverez \u00e0 la fin de l&#8217;email de confirmation de votre commande (ATTENTION: les fiches techniques ne sont disponibles qu\u2019en anglais pour le moment).<\/p>\n<p>Les huiles essentielles mises en bouteille \u00e0 Ancient Wisdom sont utilis\u00e9es par des centaines d\u2019aromat\u00e9rapeutes et autres professionnels. Nous ne faisons pas de compromis sur la qualit\u00e9 et la puret\u00e9 des huiles essentielles.<\/p>\n","protected":false},"excerpt":{"rendered":"<p>L&rsquo;huile essentielle de Poivre Noir&nbsp;est une huile polyvalente qui a une vari\u00e9t\u00e9 d&rsquo;utilisations et d&rsquo;avantages. Cette huile essentielle est riche en monoterp\u00e8nes et sesquiterp\u00e8nes, qui sont des produits chimiques naturels connus pour leur activit\u00e9 antioxydante et leur capacit\u00e9 \u00e0 soutenir le syst\u00e8me immunitaire en cas de besoin.&nbsp; L&rsquo;une des qualit\u00e9s uniques de l&rsquo;huile essentielle de [&hellip;]<\/p>\n","protected":false},"featured_media":268170,"comment_status":"closed","ping_status":"open","template":"","meta":{"_angie_page":false},"product_brand":[27093],"product_cat":[16450,26888,23646,26109,25842],"product_tag":[],"class_list":{"0":"post-242456","1":"product","2":"type-product","3":"status-publish","4":"has-post-thumbnail","6":"product_brand-ancient-wisdom","7":"product_cat-aromatherapie-et-parfums-d-ambiance","8":"product_cat-epice","9":"product_cat-huiles-essentielles","10":"product_cat-poivre-noir","11":"product_cat-senteurs-aromes","12":"pa_collection-50ml-essential-oil-fr","13":"pa_made-in-inde","14":"pa_size-50ml","16":"first","17":"instock","18":"purchasable","19":"product-type-simple"},"supplier_id":null,"supplier_sku":"PrEO-15","barcode":null,"atum_controlled":true,"out_stock_date":null,"out_stock_threshold":null,"inheritable":false,"inbound_stock":null,"stock_on_hold":0,"sold_today":0,"sales_last_days":0,"reserved_stock":null,"customer_returns":null,"warehouse_damage":null,"lost_in_post":null,"other_logs":null,"out_stock_days":0,"lost_sales":0,"has_location":null,"update_date":"2026-04-29T01:07:01","atum_locations":[],"atum_stock_status":"instock","restock_status":false,"low_stock_amount":"","sales_update_date":"2025-09-05T00:18:00","calc_backorders":null,"_links":{"self":[{"href":"https:\/\/aromasentia.com\/fr\/wp-json\/wp\/v2\/product\/242456","targetHints":{"allow":["GET"]}}],"collection":[{"href":"https:\/\/aromasentia.com\/fr\/wp-json\/wp\/v2\/product"}],"about":[{"href":"https:\/\/aromasentia.com\/fr\/wp-json\/wp\/v2\/types\/product"}],"replies":[{"embeddable":true,"href":"https:\/\/aromasentia.com\/fr\/wp-json\/wp\/v2\/comments?post=242456"}],"version-history":[{"count":0,"href":"https:\/\/aromasentia.com\/fr\/wp-json\/wp\/v2\/product\/242456\/revisions"}],"wp:featuredmedia":[{"embeddable":true,"href":"https:\/\/aromasentia.com\/fr\/wp-json\/wp\/v2\/media\/268170"}],"wp:attachment":[{"href":"https:\/\/aromasentia.com\/fr\/wp-json\/wp\/v2\/media?parent=242456"}],"wp:term":[{"taxonomy":"product_brand","embeddable":true,"href":"https:\/\/aromasentia.com\/fr\/wp-json\/wp\/v2\/product_brand?post=242456"},{"taxonomy":"product_cat","embeddable":true,"href":"https:\/\/aromasentia.com\/fr\/wp-json\/wp\/v2\/product_cat?post=242456"},{"taxonomy":"product_tag","embeddable":true,"href":"https:\/\/aromasentia.com\/fr\/wp-json\/wp\/v2\/product_tag?post=242456"}],"curies":[{"name":"wp","href":"https:\/\/api.w.org\/{rel}","templated":true}]}}