{"id":242452,"date":"2025-03-20T15:14:41","date_gmt":"2025-03-20T15:14:41","guid":{"rendered":"https:\/\/aromasentia.com\/product\/bergamot-fcf-50ml-essential-oil\/"},"modified":"2025-06-23T19:17:37","modified_gmt":"2025-06-23T19:17:37","slug":"bergamote-huile-essentielle-professionnelle-50ml","status":"publish","type":"product","link":"https:\/\/aromasentia.com\/fr\/bergamote-huile-essentielle-professionnelle-50ml\/","title":{"rendered":"Bergamote &#8211; Huile Essentielle Professionnelle 50ml"},"content":{"rendered":"<p><strong><span style=\"color: rgb(75, 80, 88);\">L&rsquo;huile essentielle de Bergamote&nbsp;<\/span><\/strong>est extraite par expression des fruits m\u00fbrs et non m\u00fbrs de l&rsquo;oranger bergamote. Cette huile essentielle \u00e0 l&rsquo;odeur d&rsquo;agrumes mais douce est id\u00e9ale pour cr\u00e9er une sensation de d\u00e9tente et de bonheur. Il est utile dans le traitement des infections des voies urinaires, des troubles cutan\u00e9s et stimule les fonctions du foie, de la rate et de l&rsquo;estomac.&nbsp;<\/p>\n<p>L&rsquo;huile essentielle de bergamote est utilis\u00e9e en aromath\u00e9rapie pour traiter la d\u00e9pression, le stress, la tension, la faible confiance en soi, la peur et l&rsquo;hyst\u00e9rie. Il est utile pour gu\u00e9rir les infections cutan\u00e9es telles que les plaies g\u00e9n\u00e9rales, le psoriasis, les boutons de fi\u00e8vre et l&rsquo;ecz\u00e9ma.&nbsp;<\/p>\n<p>On dit que cette huile aide les personnes souffrant de SAD (Seasonal Affected Disorder), de SPM, d&rsquo;alimentation compulsive, de d\u00e9pression postnatale, de rhume et de grippe. L&rsquo;huile de bergamote est un favori en aromath\u00e9rapie et est utilis\u00e9e dans les vaporisateurs, les massages et m\u00e9lang\u00e9e \u00e0 l&rsquo;eau du bain.&nbsp;<\/p>\n<p>Les experts conseillent la prudence lors de l&rsquo;utilisation de cette huile sur une peau sensible si elle est expos\u00e9e au soleil apr\u00e8s l&rsquo;application, car cela peut provoquer des br\u00fblures. Ne pas s&rsquo;exposer au soleil si cette huile a \u00e9t\u00e9 utilis\u00e9e sur la peau.&nbsp;<\/p>\n<p>Le nom Bergamote est d\u00e9riv\u00e9 de la ville de Bergame en Lombardie, en Italie, o\u00f9l&rsquo;huile a \u00e9t\u00e9 vendue pour la premi\u00e8re fois. Il est cultiv\u00e9 depuis le XVIe si\u00e8cle dans les pays m\u00e9diterran\u00e9ens comme l&rsquo;Italie et la Gr\u00e8ce. Il est utilis\u00e9 depuis longtemps dans les industries de la parfumerie et de l&rsquo;agroalimentaire (th\u00e9 Earl Grey).&nbsp;<\/p>\n<p>Alors que l&rsquo;huile essentielle a commenc\u00e9 \u00e0 \u00eatre extraite plus r\u00e9cemment, le fruit, son essence et sa saveur sont utilis\u00e9s en m\u00e9decine traditionnelle depuis des centaines d&rsquo;ann\u00e9es.<\/p>\n<p><strong><span style=\"color: rgb(75, 80, 88);\">Nom latin :&nbsp;<\/span><\/strong>Citrus Bergamia.&nbsp;<\/p>\n<p><strong><span style=\"color: rgb(75, 80, 88);\">Partie de la plante utilis\u00e9e : <\/span><\/strong>\u00e9corce de fruit&nbsp;<\/p>\n<p><strong><span style=\"color: rgb(75, 80, 88);\">Source :<\/span><\/strong> C\u00f4te d&rsquo;Ivoire.&nbsp;<\/p>\n<p><strong><span style=\"color: rgb(75, 80, 88);\">M\u00e9thode d&rsquo;extraction : <\/span><\/strong>Expression \u00e0 froid.&nbsp;<\/p>\n<p>Les fiches techniques sont disponibles, pr\u00eates \u00e0 imprimer et \u00e0 partager avec vos clients. Vous aurez besoin d&rsquo;un mot de passe pour t\u00e9l\u00e9charger le PDF que vous trouverez \u00e0 la fin de l&#8217;email de confirmation de votre commande (ATTENTION: les fiches techniques ne sont disponibles qu\u2019en anglais pour le moment).<\/p>\n<p><strong><span style=\"color: rgb(141, 186, 216);\">Les huiles essentielles mises en bouteille \u00e0 Ancient Wisdom sont utilis\u00e9es par des centaines d\u2019aromat\u00e9rapeutes et autres professionnels. Nous ne faisons pas de compromis sur la qualit\u00e9 et la puret\u00e9 des huiles essentielles.<\/span><\/strong><\/p>\n","protected":false},"excerpt":{"rendered":"<p>L&rsquo;huile essentielle de Bergamote&nbsp;est extraite par expression des fruits m\u00fbrs et non m\u00fbrs de l&rsquo;oranger bergamote. Cette huile essentielle \u00e0 l&rsquo;odeur d&rsquo;agrumes mais douce est id\u00e9ale pour cr\u00e9er une sensation de d\u00e9tente et de bonheur. Il est utile dans le traitement des infections des voies urinaires, des troubles cutan\u00e9s et stimule les fonctions du foie, [&hellip;]<\/p>\n","protected":false},"featured_media":268153,"comment_status":"closed","ping_status":"open","template":"","meta":{"_angie_page":false},"product_brand":[27093],"product_cat":[16450,26104,26818,23646,25842],"product_tag":[],"class_list":{"0":"post-242452","1":"product","2":"type-product","3":"status-publish","4":"has-post-thumbnail","6":"product_brand-ancient-wisdom","7":"product_cat-aromatherapie-et-parfums-d-ambiance","8":"product_cat-bergamote","9":"product_cat-hesperide-agrumes","10":"product_cat-huiles-essentielles","11":"product_cat-senteurs-aromes","12":"pa_collection-50ml-essential-oil-fr","13":"pa_made-in-italie","14":"pa_size-50ml","16":"first","17":"instock","18":"purchasable","19":"product-type-simple"},"supplier_id":null,"supplier_sku":"PrEO-14","barcode":null,"atum_controlled":true,"out_stock_date":null,"out_stock_threshold":null,"inheritable":false,"inbound_stock":0,"stock_on_hold":0,"sold_today":0,"sales_last_days":0,"reserved_stock":0,"customer_returns":0,"warehouse_damage":0,"lost_in_post":0,"other_logs":0,"out_stock_days":0,"lost_sales":0,"has_location":false,"update_date":"2026-05-08T05:16:51","atum_locations":[],"atum_stock_status":"instock","restock_status":false,"low_stock_amount":"","sales_update_date":"2026-01-30T01:26:15","calc_backorders":null,"_links":{"self":[{"href":"https:\/\/aromasentia.com\/fr\/wp-json\/wp\/v2\/product\/242452","targetHints":{"allow":["GET"]}}],"collection":[{"href":"https:\/\/aromasentia.com\/fr\/wp-json\/wp\/v2\/product"}],"about":[{"href":"https:\/\/aromasentia.com\/fr\/wp-json\/wp\/v2\/types\/product"}],"replies":[{"embeddable":true,"href":"https:\/\/aromasentia.com\/fr\/wp-json\/wp\/v2\/comments?post=242452"}],"version-history":[{"count":0,"href":"https:\/\/aromasentia.com\/fr\/wp-json\/wp\/v2\/product\/242452\/revisions"}],"wp:featuredmedia":[{"embeddable":true,"href":"https:\/\/aromasentia.com\/fr\/wp-json\/wp\/v2\/media\/268153"}],"wp:attachment":[{"href":"https:\/\/aromasentia.com\/fr\/wp-json\/wp\/v2\/media?parent=242452"}],"wp:term":[{"taxonomy":"product_brand","embeddable":true,"href":"https:\/\/aromasentia.com\/fr\/wp-json\/wp\/v2\/product_brand?post=242452"},{"taxonomy":"product_cat","embeddable":true,"href":"https:\/\/aromasentia.com\/fr\/wp-json\/wp\/v2\/product_cat?post=242452"},{"taxonomy":"product_tag","embeddable":true,"href":"https:\/\/aromasentia.com\/fr\/wp-json\/wp\/v2\/product_tag?post=242452"}],"curies":[{"name":"wp","href":"https:\/\/api.w.org\/{rel}","templated":true}]}}