{"id":242448,"date":"2025-03-20T15:14:41","date_gmt":"2025-03-20T15:14:41","guid":{"rendered":"https:\/\/aromasentia.com\/product\/basil-50ml-essential-oil\/"},"modified":"2025-06-23T19:17:36","modified_gmt":"2025-06-23T19:17:36","slug":"basilic-huile-essentielle-professionnelle-50ml","status":"publish","type":"product","link":"https:\/\/aromasentia.com\/fr\/basilic-huile-essentielle-professionnelle-50ml\/","title":{"rendered":"Basilic &#8211; Huile Essentielle Professionnelle 50ml"},"content":{"rendered":"<p><strong><span style=\"color: rgb(75, 80, 88);\">L&rsquo;huile essentielle de Basilic&nbsp;<\/span><\/strong>est distill\u00e9e \u00e0 la vapeur \u00e0 partir des feuilles et des sommit\u00e9s fleuries de la plante de basilic. Cette huile essentielle jaune verd\u00e2tre \u00e0 l&rsquo;odeur croquante est souvent utilis\u00e9e en aromath\u00e9rapie pour \u00e9veiller l&rsquo;esprit, calmer les nerfs et apporter de la clart\u00e9 &nbsp;de pens\u00e9e. Le basilic est originaire d&rsquo;Asie tropicale et des \u00eeles du Pacifique, mais il est maintenant cultiv\u00e9 dans toute l&rsquo;Europe et aux \u00e9tats-Unis.&nbsp;<\/p>\n<p>L&rsquo;huile de basilic est consid\u00e9r\u00e9e comme th\u00e9rapeutique pour les voies respiratoires et est souvent utilis\u00e9e pour l&rsquo;asthme, la bronchite et les infections des sinus. Il est utilis\u00e9 pour traiter les troubles nerveux et les maux de t\u00eate et migraines li\u00e9s au stress. Il est cens\u00e9 soulager la fatigue intellectuelle, tout en donnant clart\u00e9 et force mentale.&nbsp;<\/p>\n<p>On dit que cette huile soulage la constipation, les naus\u00e9es, les vomissements, les crampes abdominales et est consid\u00e9r\u00e9e comme bonne pour les probl\u00e8mes menstruels. Il est utile pour soulager la goutte car il aide \u00e0 r\u00e9duire l&rsquo;acide urique dans le sang. Il est utile pour l&rsquo;arthrite, rafra\u00eechit la peau et gu\u00e9rit les piq\u00fbres d&rsquo;insectes.&nbsp;<\/p>\n<p>Cependant, les experts conseillent aux femmes enceintes et aux enfants de moins de 16 ans d&rsquo;\u00e9viter d&rsquo;utiliser cette huile. Cette herbe est populaire en Inde et est utilis\u00e9e dans la pri\u00e8re et la gu\u00e9rison depuis des centaines d&rsquo;ann\u00e9es.&nbsp;<\/p>\n<p>Les feuilles de la plante sont m\u00e2ch\u00e9es dans le cadre des c\u00e9r\u00e9monies de pri\u00e8re, elles sont tremp\u00e9es dans de l&rsquo;eau de coco ou de l&rsquo;eau b\u00e9nite pour \u00eatre distribu\u00e9es apr\u00e8s les pri\u00e8res dans les temples. Ils sont m\u00e2ch\u00e9s pour soulager les maux de gorge et la toux. Une d\u00e9coction de feuilles de tulasi (basilic) se boit pour soulager les gorges douloureuses et les probl\u00e8mes respiratoires.<\/p>\n<p><strong><span style=\"color: rgb(75, 80, 88);\">Nom latin :<\/span><\/strong> Ocimum Basilicum.&nbsp;<\/p>\n<p><strong><span style=\"color: rgb(75, 80, 88);\">Partie de la plante utilis\u00e9e : <\/span><\/strong>Herbe \u00e0 fleurs.&nbsp;<\/p>\n<p><strong><span style=\"color: rgb(75, 80, 88);\">Source :<\/span><\/strong> Inde.&nbsp;<\/p>\n<p><strong><span style=\"color: rgb(75, 80, 88);\">M\u00e9thode d&rsquo;extraction : <\/span><\/strong>Distillation \u00e0 la vapeur.&nbsp;<\/p>\n<p>Les fiches techniques sont disponibles, pr\u00eates \u00e0 imprimer et \u00e0 partager avec vos clients. Vous aurez besoin d&rsquo;un mot de passe pour t\u00e9l\u00e9charger le PDF que vous trouverez \u00e0 la fin de l&#8217;email de confirmation de votre commande (ATTENTION: les fiches techniques ne sont disponibles qu\u2019en anglais pour le moment).<\/p>\n<p><strong><span style=\"color: rgb(141, 186, 216);\">Les huiles essentielles mises en bouteille \u00e0 Ancient Wisdom sont utilis\u00e9es par des centaines d\u2019aromat\u00e9rapeutes et autres professionnels. Nous ne faisons pas de compromis sur la qualit\u00e9 et la puret\u00e9 des huiles essentielles.<\/span><\/strong><\/p>\n","protected":false},"excerpt":{"rendered":"<p>L&rsquo;huile essentielle de Basilic&nbsp;est distill\u00e9e \u00e0 la vapeur \u00e0 partir des feuilles et des sommit\u00e9s fleuries de la plante de basilic. Cette huile essentielle jaune verd\u00e2tre \u00e0 l&rsquo;odeur croquante est souvent utilis\u00e9e en aromath\u00e9rapie pour \u00e9veiller l&rsquo;esprit, calmer les nerfs et apporter de la clart\u00e9 &nbsp;de pens\u00e9e. Le basilic est originaire d&rsquo;Asie tropicale et des [&hellip;]<\/p>\n","protected":false},"featured_media":268136,"comment_status":"closed","ping_status":"open","template":"","meta":{"_angie_page":false},"product_brand":[27093],"product_cat":[16450,26091,26860,23646,25842],"product_tag":[],"class_list":{"0":"post-242448","1":"product","2":"type-product","3":"status-publish","4":"has-post-thumbnail","6":"product_brand-ancient-wisdom","7":"product_cat-aromatherapie-et-parfums-d-ambiance","8":"product_cat-basilic","9":"product_cat-herbes-aromatiques","10":"product_cat-huiles-essentielles","11":"product_cat-senteurs-aromes","12":"pa_collection-50ml-essential-oil-fr","13":"pa_made-in-inde","14":"pa_size-50ml","16":"first","17":"instock","18":"purchasable","19":"product-type-simple"},"supplier_id":null,"supplier_sku":"PrEO-13","barcode":null,"atum_controlled":true,"out_stock_date":null,"out_stock_threshold":null,"inheritable":false,"inbound_stock":null,"stock_on_hold":0,"sold_today":0,"sales_last_days":0,"reserved_stock":null,"customer_returns":null,"warehouse_damage":null,"lost_in_post":null,"other_logs":null,"out_stock_days":0,"lost_sales":0,"has_location":null,"update_date":"2026-04-27T07:18:20","atum_locations":[],"atum_stock_status":"instock","restock_status":false,"low_stock_amount":"","sales_update_date":"2025-09-05T00:18:00","calc_backorders":null,"_links":{"self":[{"href":"https:\/\/aromasentia.com\/fr\/wp-json\/wp\/v2\/product\/242448","targetHints":{"allow":["GET"]}}],"collection":[{"href":"https:\/\/aromasentia.com\/fr\/wp-json\/wp\/v2\/product"}],"about":[{"href":"https:\/\/aromasentia.com\/fr\/wp-json\/wp\/v2\/types\/product"}],"replies":[{"embeddable":true,"href":"https:\/\/aromasentia.com\/fr\/wp-json\/wp\/v2\/comments?post=242448"}],"version-history":[{"count":0,"href":"https:\/\/aromasentia.com\/fr\/wp-json\/wp\/v2\/product\/242448\/revisions"}],"wp:featuredmedia":[{"embeddable":true,"href":"https:\/\/aromasentia.com\/fr\/wp-json\/wp\/v2\/media\/268136"}],"wp:attachment":[{"href":"https:\/\/aromasentia.com\/fr\/wp-json\/wp\/v2\/media?parent=242448"}],"wp:term":[{"taxonomy":"product_brand","embeddable":true,"href":"https:\/\/aromasentia.com\/fr\/wp-json\/wp\/v2\/product_brand?post=242448"},{"taxonomy":"product_cat","embeddable":true,"href":"https:\/\/aromasentia.com\/fr\/wp-json\/wp\/v2\/product_cat?post=242448"},{"taxonomy":"product_tag","embeddable":true,"href":"https:\/\/aromasentia.com\/fr\/wp-json\/wp\/v2\/product_tag?post=242448"}],"curies":[{"name":"wp","href":"https:\/\/api.w.org\/{rel}","templated":true}]}}