{"id":242444,"date":"2025-03-20T15:15:03","date_gmt":"2025-03-20T15:15:03","guid":{"rendered":"https:\/\/aromasentia.com\/product\/myrrh-50ml-essential-oil\/"},"modified":"2025-06-23T19:17:34","modified_gmt":"2025-06-23T19:17:34","slug":"myrrhe-huile-essentielle-professionnelle-50ml","status":"publish","type":"product","link":"https:\/\/aromasentia.com\/fr\/myrrhe-huile-essentielle-professionnelle-50ml\/","title":{"rendered":"Myrrhe &#8211; Huile Essentielle Professionnelle 50ml"},"content":{"rendered":"<p><strong><span style=\"color: rgb(75, 80, 88);\">La Myrrhe&nbsp;<\/span><\/strong>est utilis\u00e9e depuis l&rsquo;Antiquit\u00e9 comme parfum et encens \u00e0 des fins m\u00e9dicinales et sacr\u00e9es. L&rsquo;huile essentielle de myrrhe est un aliment de base en aromath\u00e9rapie et est cens\u00e9e soulager la toux et le rhume, apaiser l&rsquo;inconfort digestif et renforcer l&rsquo;immunit\u00e9.&nbsp;<\/p>\n<p>Lorsqu&rsquo;elle est utilis\u00e9e en aromath\u00e9rapie, la myrrhe aide \u00e0 traiter ou \u00e0 pr\u00e9venir les probl\u00e8mes de sant\u00e9 suivants comme le rhume, la toux, l&rsquo;insomnie ou le mal de gorge.&nbsp;<\/p>\n<p>De plus, on dit que l&rsquo;huile essentielle de myrrhe r\u00e9duit l&rsquo;inflammation, stimule le syst\u00e8me immunitaire, soulage la douleur et favorise la cicatrisation des plaies. Parfois utilis\u00e9e comme ingr\u00e9dient dans les produits de soin de la peau, l&rsquo;huile essentielle de myrrhe est \u00e9galement cens\u00e9e r\u00e9duire l&rsquo;apparence des rides.<\/p>\n<p><strong><span style=\"color: rgb(75, 80, 88);\">Nom latin :<\/span><\/strong> Commiphora Myrrha&nbsp;<\/p>\n<p><strong><span style=\"color: rgb(75, 80, 88);\">Partie de plante utilis\u00e9e : <\/span><\/strong>R\u00e9sine&nbsp;<\/p>\n<p><strong><span style=\"color: rgb(75, 80, 88);\">Source : <\/span><\/strong>Somalie&nbsp;<\/p>\n<p><strong><span style=\"color: rgb(75, 80, 88);\">M\u00e9thode d&rsquo;extraction : <\/span><\/strong>Distillation \u00e0 la vapeur&nbsp;<\/p>\n<p>Les fiches techniques sont disponibles, pr\u00eates \u00e0 imprimer et \u00e0 partager avec vos clients. Vous aurez besoin d&rsquo;un mot de passe pour t\u00e9l\u00e9charger le PDF que vous trouverez \u00e0 la fin de l&#8217;email de confirmation de votre commande (ATTENTION: les fiches techniques ne sont disponibles qu\u2019en anglais pour le moment).<\/p>\n<p><strong><span style=\"color: rgb(141, 186, 216);\">Les huiles essentielles mises en bouteille \u00e0 Ancient Wisdom sont utilis\u00e9es par des centaines d\u2019aromat\u00e9rapeutes et autres professionnels. Nous ne faisons pas de compromis sur la qualit\u00e9 et la puret\u00e9 des huiles essentielles.<\/span><\/strong><\/p>\n","protected":false},"excerpt":{"rendered":"<p>La Myrrhe&nbsp;est utilis\u00e9e depuis l&rsquo;Antiquit\u00e9 comme parfum et encens \u00e0 des fins m\u00e9dicinales et sacr\u00e9es. L&rsquo;huile essentielle de myrrhe est un aliment de base en aromath\u00e9rapie et est cens\u00e9e soulager la toux et le rhume, apaiser l&rsquo;inconfort digestif et renforcer l&rsquo;immunit\u00e9.&nbsp; Lorsqu&rsquo;elle est utilis\u00e9e en aromath\u00e9rapie, la myrrhe aide \u00e0 traiter ou \u00e0 pr\u00e9venir les [&hellip;]<\/p>\n","protected":false},"featured_media":268377,"comment_status":"closed","ping_status":"open","template":"","meta":{"_angie_page":false},"product_brand":[27093],"product_cat":[16450,23646,26285,26881,25842],"product_tag":[],"class_list":{"0":"post-242444","1":"product","2":"type-product","3":"status-publish","4":"has-post-thumbnail","6":"product_brand-ancient-wisdom","7":"product_cat-aromatherapie-et-parfums-d-ambiance","8":"product_cat-huiles-essentielles","9":"product_cat-myrrh","10":"product_cat-resineux-balsamique","11":"product_cat-senteurs-aromes","12":"pa_collection-50ml-essential-oil-fr","13":"pa_made-in-somalie","14":"pa_size-50ml","16":"first","17":"instock","18":"purchasable","19":"product-type-simple"},"supplier_id":null,"supplier_sku":"PrEO-40","barcode":null,"atum_controlled":true,"out_stock_date":null,"out_stock_threshold":null,"inheritable":false,"inbound_stock":0,"stock_on_hold":0,"sold_today":0,"sales_last_days":0,"reserved_stock":0,"customer_returns":0,"warehouse_damage":0,"lost_in_post":0,"other_logs":0,"out_stock_days":0,"lost_sales":0,"has_location":false,"update_date":"2026-04-27T07:18:25","atum_locations":[],"atum_stock_status":"instock","restock_status":false,"low_stock_amount":"","sales_update_date":"2026-01-30T01:24:54","calc_backorders":null,"_links":{"self":[{"href":"https:\/\/aromasentia.com\/fr\/wp-json\/wp\/v2\/product\/242444","targetHints":{"allow":["GET"]}}],"collection":[{"href":"https:\/\/aromasentia.com\/fr\/wp-json\/wp\/v2\/product"}],"about":[{"href":"https:\/\/aromasentia.com\/fr\/wp-json\/wp\/v2\/types\/product"}],"replies":[{"embeddable":true,"href":"https:\/\/aromasentia.com\/fr\/wp-json\/wp\/v2\/comments?post=242444"}],"version-history":[{"count":0,"href":"https:\/\/aromasentia.com\/fr\/wp-json\/wp\/v2\/product\/242444\/revisions"}],"wp:featuredmedia":[{"embeddable":true,"href":"https:\/\/aromasentia.com\/fr\/wp-json\/wp\/v2\/media\/268377"}],"wp:attachment":[{"href":"https:\/\/aromasentia.com\/fr\/wp-json\/wp\/v2\/media?parent=242444"}],"wp:term":[{"taxonomy":"product_brand","embeddable":true,"href":"https:\/\/aromasentia.com\/fr\/wp-json\/wp\/v2\/product_brand?post=242444"},{"taxonomy":"product_cat","embeddable":true,"href":"https:\/\/aromasentia.com\/fr\/wp-json\/wp\/v2\/product_cat?post=242444"},{"taxonomy":"product_tag","embeddable":true,"href":"https:\/\/aromasentia.com\/fr\/wp-json\/wp\/v2\/product_tag?post=242444"}],"curies":[{"name":"wp","href":"https:\/\/api.w.org\/{rel}","templated":true}]}}