{"id":242440,"date":"2025-03-20T15:15:03","date_gmt":"2025-03-20T15:15:03","guid":{"rendered":"https:\/\/aromasentia.com\/product\/rosewood-50ml-essential-oil\/"},"modified":"2025-06-23T19:17:34","modified_gmt":"2025-06-23T19:17:34","slug":"bois-de-rose-huile-essentielle-professionnelle-50ml","status":"publish","type":"product","link":"https:\/\/aromasentia.com\/fr\/bois-de-rose-huile-essentielle-professionnelle-50ml\/","title":{"rendered":"Bois de Rose &#8211; Huile Essentielle Professionnelle 50ml"},"content":{"rendered":"<p>Les bienfaits pour la sant\u00e9 de <strong><span style=\"color: rgb(75, 80, 88);\">l&rsquo;huile essentielle de Bois de Rose<\/span><\/strong> peuvent \u00eatre attribu\u00e9s \u00e0 ses propri\u00e9t\u00e9s analg\u00e9siques, antid\u00e9pressives, antiseptiques, aphrodisiaques, antibact\u00e9riennes, c\u00e9phaliques, d\u00e9odorantes, insecticides et stimulantes. Il est extrait du palissandre.&nbsp;<\/p>\n<p>Cette huile essentielle peut \u00e9liminer votre d\u00e9pression et vous faire sourire en quelques minutes. L&rsquo;ar\u00f4me doux, sucr\u00e9, \u00e9pic\u00e9 et floral de cette huile fait l&rsquo;affaire et est donc privil\u00e9gi\u00e9 par les sp\u00e9cialistes de l&rsquo;aromath\u00e9rapie. Il chasse la tristesse et la d\u00e9ception et vous pr\u00e9pare \u00e0 affronter la vie avec une perspective nouvelle et positive. Cela peut \u00eatre tr\u00e8s bon pour ceux qui ont r\u00e9cemment \u00e9chou\u00e9 ou qui se sentent d\u00e9prim\u00e9s, que ce soit en termes acad\u00e9miques, de situations professionnelles ou de relations.&nbsp;<\/p>\n<p>Bien que peu puissante, cette huile sert d&rsquo;analg\u00e9sique l\u00e9ger et peut vous soulager de l\u00e9gers maux de t\u00eate, de dents et de douleurs musculaires et articulaires. Cette huile peut garder votre cerveau frais, actif, vif et alerte et peut \u00e9galement \u00e9liminer les maux de t\u00eate.&nbsp;<\/p>\n<p>Cela am\u00e9liorera \u00e9galement votre m\u00e9moire et contribuera \u00e0 vous prot\u00e9ger des troubles n\u00e9vrotiques. Cette huile a des propri\u00e9t\u00e9s insecticides et peut tuer de petits insectes comme les moustiques, les poux, les punaises de lit, les puces et les fourmis.&nbsp;<\/p>\n<p>Vous pouvez \u00e9galement l&rsquo;utiliser dans des vaporisateurs, des vaporisateurs, des assainisseurs d&rsquo;ambiance et des nettoyants pour sols. S&rsquo;il est frott\u00e9 sur la peau, il \u00e9loigne \u00e9galement les moustiques.<\/p>\n<p><strong><span style=\"color: rgb(75, 80, 88);\">Nom latin : <\/span><\/strong>Aniba Rosaeodora&nbsp;<\/p>\n<p><strong><span style=\"color: rgb(75, 80, 88);\">Partie de la plante utilis\u00e9e :<\/span><\/strong> Bois&nbsp;<\/p>\n<p><strong><span style=\"color: rgb(75, 80, 88);\">Source :<\/span><\/strong> Br\u00e9sil&nbsp;<\/p>\n<p><strong><span style=\"color: rgb(75, 80, 88);\">M\u00e9thode d&rsquo;extraction : <\/span><\/strong>Distillation \u00e0 la vapeur&nbsp;<\/p>\n","protected":false},"excerpt":{"rendered":"<p>Les bienfaits pour la sant\u00e9 de l&rsquo;huile essentielle de Bois de Rose peuvent \u00eatre attribu\u00e9s \u00e0 ses propri\u00e9t\u00e9s analg\u00e9siques, antid\u00e9pressives, antiseptiques, aphrodisiaques, antibact\u00e9riennes, c\u00e9phaliques, d\u00e9odorantes, insecticides et stimulantes. Il est extrait du palissandre.&nbsp; Cette huile essentielle peut \u00e9liminer votre d\u00e9pression et vous faire sourire en quelques minutes. L&rsquo;ar\u00f4me doux, sucr\u00e9, \u00e9pic\u00e9 et floral de cette [&hellip;]<\/p>\n","protected":false},"featured_media":268368,"comment_status":"closed","ping_status":"open","template":"","meta":{"_angie_page":false},"product_brand":[27093],"product_cat":[16450,26377,26895,23646,25842],"product_tag":[],"class_list":{"0":"post-242440","1":"product","2":"type-product","3":"status-publish","4":"has-post-thumbnail","6":"product_brand-ancient-wisdom","7":"product_cat-aromatherapie-et-parfums-d-ambiance","8":"product_cat-bois-de-rose","9":"product_cat-boise","10":"product_cat-huiles-essentielles","11":"product_cat-senteurs-aromes","12":"pa_collection-50ml-essential-oil-fr","13":"pa_made-in-inde","14":"pa_size-50ml","16":"first","17":"instock","18":"purchasable","19":"product-type-simple"},"supplier_id":null,"supplier_sku":"PrEO-39","barcode":null,"atum_controlled":true,"out_stock_date":null,"out_stock_threshold":null,"inheritable":false,"inbound_stock":null,"stock_on_hold":0,"sold_today":0,"sales_last_days":0,"reserved_stock":null,"customer_returns":null,"warehouse_damage":null,"lost_in_post":null,"other_logs":null,"out_stock_days":0,"lost_sales":0,"has_location":null,"update_date":"2026-05-08T05:16:52","atum_locations":[],"atum_stock_status":"instock","restock_status":false,"low_stock_amount":"","sales_update_date":"2025-09-05T00:18:07","calc_backorders":null,"_links":{"self":[{"href":"https:\/\/aromasentia.com\/fr\/wp-json\/wp\/v2\/product\/242440","targetHints":{"allow":["GET"]}}],"collection":[{"href":"https:\/\/aromasentia.com\/fr\/wp-json\/wp\/v2\/product"}],"about":[{"href":"https:\/\/aromasentia.com\/fr\/wp-json\/wp\/v2\/types\/product"}],"replies":[{"embeddable":true,"href":"https:\/\/aromasentia.com\/fr\/wp-json\/wp\/v2\/comments?post=242440"}],"version-history":[{"count":0,"href":"https:\/\/aromasentia.com\/fr\/wp-json\/wp\/v2\/product\/242440\/revisions"}],"wp:featuredmedia":[{"embeddable":true,"href":"https:\/\/aromasentia.com\/fr\/wp-json\/wp\/v2\/media\/268368"}],"wp:attachment":[{"href":"https:\/\/aromasentia.com\/fr\/wp-json\/wp\/v2\/media?parent=242440"}],"wp:term":[{"taxonomy":"product_brand","embeddable":true,"href":"https:\/\/aromasentia.com\/fr\/wp-json\/wp\/v2\/product_brand?post=242440"},{"taxonomy":"product_cat","embeddable":true,"href":"https:\/\/aromasentia.com\/fr\/wp-json\/wp\/v2\/product_cat?post=242440"},{"taxonomy":"product_tag","embeddable":true,"href":"https:\/\/aromasentia.com\/fr\/wp-json\/wp\/v2\/product_tag?post=242440"}],"curies":[{"name":"wp","href":"https:\/\/api.w.org\/{rel}","templated":true}]}}