{"id":242416,"date":"2025-03-20T15:15:03","date_gmt":"2025-03-20T15:15:03","guid":{"rendered":"https:\/\/aromasentia.com\/product\/marjoram-50ml-essential-oil\/"},"modified":"2025-06-23T19:17:31","modified_gmt":"2025-06-23T19:17:31","slug":"marjolaine-despagne-huile-essentielle-professionnelle-50ml","status":"publish","type":"product","link":"https:\/\/aromasentia.com\/fr\/marjolaine-despagne-huile-essentielle-professionnelle-50ml\/","title":{"rendered":"Marjolaine d&rsquo;Espagne &#8211; Huile Essentielle Professionnelle 50ml"},"content":{"rendered":"<p><strong><span style=\"color: rgb(75, 80, 88);\">L&rsquo;huile essentielle de Marjolaine<\/span><\/strong> est distill\u00e9e \u00e0 la vapeur \u00e0 partir de la plante Thymus mastichina, qui a une tige poilue, des feuilles ovales et de petites fleurs blanch\u00e2tres en grappes. La plante enti\u00e8re d\u00e9gage un ar\u00f4me puissant.&nbsp;<\/p>\n<p>Cette plante est en fait du thym sauvage, mais elle est connue sous le nom de marjolaine sauvage espagnole. Elle appartient \u00e0 la famille des lamiac\u00e9es d&rsquo;Espagne et n&rsquo;est pas la m\u00eame que la marjolaine douce ou fran&ccedil;aise ; ce n&rsquo;est pas non plus de l&rsquo;origan, que l&rsquo;on appelle aussi marjolaine sauvage.&nbsp;<\/p>\n<p>On dit que cette huile est plus efficace que celle de la marjolaine douce lorsqu&rsquo;elle est utilis\u00e9e comme expectorant pour les infections des voies respiratoires et les spasmes, car elle a des propri\u00e9t\u00e9s antiseptiques pour les voies respiratoires sup\u00e9rieures, mais n&rsquo;est pas un relaxant musculaire ou un s\u00e9datif, comme la marjolaine douce est . L&rsquo;huile de marjolaine espagnole est couramment utilis\u00e9e en aromath\u00e9rapie et se marie bien avec les huiles de lavande et de bergamote pour cr\u00e9er un environnement relaxant.&nbsp;<\/p>\n<p>Lorsqu&rsquo;elle est utilis\u00e9e dans un br\u00fbleur \u00e0 mazout ou dans une huile de massage, on dit que cette herbe calme les nerfs et combat la solitude et le rejet. Il facilite \u00e9galement la digestion. La marjolaine sauvage espagnole est connue pour avoir \u00e9t\u00e9 utilis\u00e9e par les herboristes depuis la Gr\u00e8ce antique.&nbsp;<\/p>\n<p>Les anciens Grecs et Romains couronnaient les couples mari\u00e9s avec des couronnes de marjolaine pour symboliser l&rsquo;amour, l&rsquo;honneur et le bonheur. Le th\u00e9 de marjolaine au miel \u00e9tait utilis\u00e9 par les chanteurs pour pr\u00e9server leur voix.<\/p>\n<p><strong><span style=\"color: rgb(75, 80, 88);\">Nom latin :&nbsp;<\/span><\/strong>Thymus Mastichina.<\/p>\n<p><strong><span style=\"color: rgb(75, 80, 88);\">Partie de la plante utilis\u00e9e :<\/span><\/strong> feuilles et sommit\u00e9s fleuries.&nbsp;<\/p>\n<p><strong><span style=\"color: rgb(75, 80, 88);\">Provenance :<\/span><\/strong> Espagne.&nbsp;<\/p>\n<p><strong><span style=\"color: rgb(75, 80, 88);\">M\u00e9thode d&rsquo;extraction :<\/span><\/strong> Distillation \u00e0 la vapeur.&nbsp;<\/p>\n<p>Les fiches techniques sont disponibles, pr\u00eates \u00e0 imprimer et \u00e0 partager avec vos clients. Vous aurez besoin d&rsquo;un mot de passe pour t\u00e9l\u00e9charger le PDF que vous trouverez \u00e0 la fin de l&#8217;email de confirmation de votre commande (ATTENTION: les fiches techniques ne sont disponibles qu\u2019en anglais pour le moment).<\/p>\n<p><strong><span style=\"color: rgb(141, 186, 216);\">Les huiles essentielles mises en bouteille \u00e0 Ancient Wisdom sont utilis\u00e9es par des centaines d\u2019aromat\u00e9rapeutes et autres professionnels. Nous ne faisons pas de compromis sur la qualit\u00e9 et la puret\u00e9 des huiles essentielles.<\/span><\/strong><\/p>\n","protected":false},"excerpt":{"rendered":"<p>L&rsquo;huile essentielle de Marjolaine est distill\u00e9e \u00e0 la vapeur \u00e0 partir de la plante Thymus mastichina, qui a une tige poilue, des feuilles ovales et de petites fleurs blanch\u00e2tres en grappes. La plante enti\u00e8re d\u00e9gage un ar\u00f4me puissant.&nbsp; Cette plante est en fait du thym sauvage, mais elle est connue sous le nom de marjolaine [&hellip;]<\/p>\n","protected":false},"featured_media":268314,"comment_status":"closed","ping_status":"open","template":"","meta":{"_angie_page":false},"product_brand":[27093],"product_cat":[16450,26860,23646,26268,25842],"product_tag":[],"class_list":{"0":"post-242416","1":"product","2":"type-product","3":"status-publish","4":"has-post-thumbnail","6":"product_brand-ancient-wisdom","7":"product_cat-aromatherapie-et-parfums-d-ambiance","8":"product_cat-herbes-aromatiques","9":"product_cat-huiles-essentielles","10":"product_cat-marjolaine-espagnole","11":"product_cat-senteurs-aromes","12":"pa_collection-50ml-essential-oil-fr","13":"pa_made-in-espagne","14":"pa_size-50ml","16":"first","17":"instock","18":"purchasable","19":"product-type-simple"},"supplier_id":null,"supplier_sku":"PrEO-31","barcode":null,"atum_controlled":true,"out_stock_date":null,"out_stock_threshold":null,"inheritable":false,"inbound_stock":0,"stock_on_hold":0,"sold_today":0,"sales_last_days":0,"reserved_stock":0,"customer_returns":0,"warehouse_damage":0,"lost_in_post":0,"other_logs":0,"out_stock_days":0,"lost_sales":0,"has_location":false,"update_date":"2026-05-08T05:16:51","atum_locations":[],"atum_stock_status":"instock","restock_status":false,"low_stock_amount":"","sales_update_date":"2026-01-20T05:13:35","calc_backorders":null,"_links":{"self":[{"href":"https:\/\/aromasentia.com\/fr\/wp-json\/wp\/v2\/product\/242416","targetHints":{"allow":["GET"]}}],"collection":[{"href":"https:\/\/aromasentia.com\/fr\/wp-json\/wp\/v2\/product"}],"about":[{"href":"https:\/\/aromasentia.com\/fr\/wp-json\/wp\/v2\/types\/product"}],"replies":[{"embeddable":true,"href":"https:\/\/aromasentia.com\/fr\/wp-json\/wp\/v2\/comments?post=242416"}],"version-history":[{"count":0,"href":"https:\/\/aromasentia.com\/fr\/wp-json\/wp\/v2\/product\/242416\/revisions"}],"wp:featuredmedia":[{"embeddable":true,"href":"https:\/\/aromasentia.com\/fr\/wp-json\/wp\/v2\/media\/268314"}],"wp:attachment":[{"href":"https:\/\/aromasentia.com\/fr\/wp-json\/wp\/v2\/media?parent=242416"}],"wp:term":[{"taxonomy":"product_brand","embeddable":true,"href":"https:\/\/aromasentia.com\/fr\/wp-json\/wp\/v2\/product_brand?post=242416"},{"taxonomy":"product_cat","embeddable":true,"href":"https:\/\/aromasentia.com\/fr\/wp-json\/wp\/v2\/product_cat?post=242416"},{"taxonomy":"product_tag","embeddable":true,"href":"https:\/\/aromasentia.com\/fr\/wp-json\/wp\/v2\/product_tag?post=242416"}],"curies":[{"name":"wp","href":"https:\/\/api.w.org\/{rel}","templated":true}]}}