{"id":242412,"date":"2025-03-20T15:15:03","date_gmt":"2025-03-20T15:15:03","guid":{"rendered":"https:\/\/aromasentia.com\/product\/mandarin-50ml-essential-oil\/"},"modified":"2025-06-23T19:17:30","modified_gmt":"2025-06-23T19:17:30","slug":"mandarine-huile-essentielle-professionnelle-50ml","status":"publish","type":"product","link":"https:\/\/aromasentia.com\/fr\/mandarine-huile-essentielle-professionnelle-50ml\/","title":{"rendered":"Mandarine &#8211; Huile Essentielle Professionnelle 50ml"},"content":{"rendered":"<p><strong><span style=\"color: rgb(75, 80, 88);\">L&rsquo;huile essentielle de Mandarine<\/span><\/strong> est obtenue \u00e0 partir de Citrus Reticulata, par compression \u00e0 froid de l&rsquo;\u00e9corce. L&rsquo;huile de Mandarine Petitgrain est \u00e9galement extraite en petite quantit\u00e9 par distillation \u00e0 la vapeur des feuilles et des brindilles. L&rsquo;huile est jaune orang\u00e9 et a l&rsquo;ar\u00f4me d&rsquo;une orange fra\u00eeche. Un groupe entier d&rsquo;agrumes rel\u00e8ve des oranges mandarines, notamment Satsuma, Cl\u00e9mentine, Dancy, Honey, Pixie et les mandarines.&nbsp;<\/p>\n<p>Cette huile est tr\u00e8s douce et est donc cens\u00e9e \u00eatre utilis\u00e9e pour traiter m\u00eame les enfants et les femmes enceintes, l&rsquo;une des rares huiles \u00e0 \u00eatre utilis\u00e9e de cette fa&ccedil;on. Avec son effet tonique et stimulant \u00e0 la fois sur l&rsquo;estomac et le foie, il est utile pour les probl\u00e8mes digestifs.&nbsp;<\/p>\n<p>L&rsquo;huile de mandarine est \u00e9galement utile pour traiter l&rsquo;acn\u00e9, la peau grasse et les taches. Il est cens\u00e9 aider \u00e0 soulager des probl\u00e8mes tels que la r\u00e9tention d&rsquo;eau et l&rsquo;ob\u00e9sit\u00e9. L&rsquo;huile, dilu\u00e9e \u00e0 environ 1-2% dans une huile v\u00e9g\u00e9tale, est mass\u00e9e doucement sur le ventre d&rsquo;un enfant pour soulager un mal de ventre. Quelques gouttes dans le bain calment les enfants hyperactifs. Utilis\u00e9 dans un br\u00fbleur \u00e0 mazout, il dissipe la d\u00e9pression et soulage l&rsquo;anxi\u00e9t\u00e9.&nbsp;<\/p>\n<p>Les mandarines sont appel\u00e9es ainsi parce qu&rsquo;elles \u00e9taient traditionnellement offertes en cadeau aux mandarins de Chine. En France, la mandarine est consid\u00e9r\u00e9e comme un rem\u00e8de s\u00fbr pour traiter l&rsquo;indigestion chez les enfants, et pour les personnes \u00e2g\u00e9es car elle aide \u00e0 renforcer le syst\u00e8me digestif et le foie. Originaire du sud de la Chine et de l&rsquo;Extr\u00eame-Orient, la mandarine a \u00e9t\u00e9 introduite en Europe en 1805 et en Am\u00e9rique en 1845.<\/p>\n<p><strong><span style=\"color: rgb(75, 80, 88);\">Nom latin :<\/span><\/strong> Citrus Nobilis.&nbsp;<\/p>\n<p><strong><span style=\"color: rgb(75, 80, 88);\">Partie de la plante utilis\u00e9e :<\/span><\/strong> peau du fruit.&nbsp;<\/p>\n<p><strong><span style=\"color: rgb(75, 80, 88);\">Provenance :<\/span><\/strong> Italie.&nbsp;<\/p>\n<p><strong><span style=\"color: rgb(75, 80, 88);\">M\u00e9thode d&rsquo;extraction : <\/span><\/strong>Expression \u00e0 froid.&nbsp;<\/p>\n<p>Les fiches techniques sont disponibles, pr\u00eates \u00e0 imprimer et \u00e0 partager avec vos clients. Vous aurez besoin d&rsquo;un mot de passe pour t\u00e9l\u00e9charger le PDF que vous trouverez \u00e0 la fin de l&#8217;email de confirmation de votre commande (ATTENTION: les fiches techniques ne sont disponibles qu\u2019en anglais pour le moment).<\/p>\n<p><strong><span style=\"color: rgb(141, 186, 216);\">Les huiles essentielles mises en bouteille \u00e0 Ancient Wisdom sont utilis\u00e9es par des centaines d\u2019aromat\u00e9rapeutes et autres professionnels. Nous ne faisons pas de compromis sur la qualit\u00e9 et la puret\u00e9 des huiles essentielles.<\/span><\/strong><\/p>\n","protected":false},"excerpt":{"rendered":"<p>L&rsquo;huile essentielle de Mandarine est obtenue \u00e0 partir de Citrus Reticulata, par compression \u00e0 froid de l&rsquo;\u00e9corce. L&rsquo;huile de Mandarine Petitgrain est \u00e9galement extraite en petite quantit\u00e9 par distillation \u00e0 la vapeur des feuilles et des brindilles. L&rsquo;huile est jaune orang\u00e9 et a l&rsquo;ar\u00f4me d&rsquo;une orange fra\u00eeche. Un groupe entier d&rsquo;agrumes rel\u00e8ve des oranges mandarines, [&hellip;]<\/p>\n","protected":false},"featured_media":268305,"comment_status":"closed","ping_status":"open","template":"","meta":{"_angie_page":false},"product_brand":[27093],"product_cat":[16450,26818,23646,26265,25842],"product_tag":[],"class_list":{"0":"post-242412","1":"product","2":"type-product","3":"status-publish","4":"has-post-thumbnail","6":"product_brand-ancient-wisdom","7":"product_cat-aromatherapie-et-parfums-d-ambiance","8":"product_cat-hesperide-agrumes","9":"product_cat-huiles-essentielles","10":"product_cat-mandarine","11":"product_cat-senteurs-aromes","12":"pa_collection-50ml-essential-oil-fr","13":"pa_made-in-argentine","14":"pa_size-50ml","16":"first","17":"instock","18":"purchasable","19":"product-type-simple"},"supplier_id":null,"supplier_sku":"PrEO-30","barcode":null,"atum_controlled":true,"out_stock_date":null,"out_stock_threshold":null,"inheritable":false,"inbound_stock":0,"stock_on_hold":0,"sold_today":0,"sales_last_days":0,"reserved_stock":0,"customer_returns":0,"warehouse_damage":0,"lost_in_post":0,"other_logs":0,"out_stock_days":0,"lost_sales":0,"has_location":false,"update_date":"2026-05-08T05:16:51","atum_locations":[],"atum_stock_status":"instock","restock_status":false,"low_stock_amount":"","sales_update_date":"2025-09-05T00:18:05","calc_backorders":null,"_links":{"self":[{"href":"https:\/\/aromasentia.com\/fr\/wp-json\/wp\/v2\/product\/242412","targetHints":{"allow":["GET"]}}],"collection":[{"href":"https:\/\/aromasentia.com\/fr\/wp-json\/wp\/v2\/product"}],"about":[{"href":"https:\/\/aromasentia.com\/fr\/wp-json\/wp\/v2\/types\/product"}],"replies":[{"embeddable":true,"href":"https:\/\/aromasentia.com\/fr\/wp-json\/wp\/v2\/comments?post=242412"}],"version-history":[{"count":0,"href":"https:\/\/aromasentia.com\/fr\/wp-json\/wp\/v2\/product\/242412\/revisions"}],"wp:featuredmedia":[{"embeddable":true,"href":"https:\/\/aromasentia.com\/fr\/wp-json\/wp\/v2\/media\/268305"}],"wp:attachment":[{"href":"https:\/\/aromasentia.com\/fr\/wp-json\/wp\/v2\/media?parent=242412"}],"wp:term":[{"taxonomy":"product_brand","embeddable":true,"href":"https:\/\/aromasentia.com\/fr\/wp-json\/wp\/v2\/product_brand?post=242412"},{"taxonomy":"product_cat","embeddable":true,"href":"https:\/\/aromasentia.com\/fr\/wp-json\/wp\/v2\/product_cat?post=242412"},{"taxonomy":"product_tag","embeddable":true,"href":"https:\/\/aromasentia.com\/fr\/wp-json\/wp\/v2\/product_tag?post=242412"}],"curies":[{"name":"wp","href":"https:\/\/api.w.org\/{rel}","templated":true}]}}