{"id":242408,"date":"2025-03-20T15:15:03","date_gmt":"2025-03-20T15:15:03","guid":{"rendered":"https:\/\/aromasentia.com\/product\/lime-50ml-essential-oil\/"},"modified":"2025-06-23T19:17:30","modified_gmt":"2025-06-23T19:17:30","slug":"citron-vert-huile-essentielle-professionnelle-50ml","status":"publish","type":"product","link":"https:\/\/aromasentia.com\/fr\/citron-vert-huile-essentielle-professionnelle-50ml\/","title":{"rendered":"Citron vert &#8211; Huile Essentielle Professionnelle 50ml"},"content":{"rendered":"<p><strong><span style=\"color: rgb(75, 80, 88);\">L&rsquo;huile de citron vert&nbsp;<\/span><\/strong>est obtenue \u00e0 partir de Citrus aurantifolia, \u00e9galement connu sous le nom de citron vert mexicain ou antillais, ainsi que de citron vert aigre. L&rsquo;huile est extraite de l&rsquo;\u00e9corce de la peau non m\u00fbre par expression \u00e0 froid ou de l&rsquo;\u00e9corce et\/ou du fruit m\u00fbr entier par entra\u00eenement \u00e0 la vapeur.&nbsp;<\/p>\n<p>L&rsquo;huile de citron vert a une forte odeur d&rsquo;agrumes qui am\u00e9liore imm\u00e9diatement l&rsquo;humeur en la sentant, et est de couleur jaune p\u00e2le \u00e0 olive claire. L&rsquo;huile de citron vert, lorsqu&rsquo;elle est utilis\u00e9e dans un br\u00fbleur \u00e0 mazout, stimule un esprit fatigu\u00e9 et aide \u00e0 soulager l&rsquo;anxi\u00e9t\u00e9, l&rsquo;apathie et la d\u00e9pression. Il est utile pour r\u00e9duire les fi\u00e8vres associ\u00e9es aux rhumes, aux maux de gorge et \u00e0 la grippe. Il augmente l&rsquo;immunit\u00e9 tout en soulageant la toux, la bronchite, &nbsp;sinusite et asthme.&nbsp;<\/p>\n<p>On dit qu&rsquo;il est utile pour l&rsquo;arthrite, les rhumatismes et la mauvaise circulation, ainsi que pour l&rsquo;ob\u00e9sit\u00e9 et la cellulite. Cette huile est bonne pour la peau; il r\u00e9duit le gras et l&rsquo;acn\u00e9, aide \u00e0 lutter contre l&rsquo;herp\u00e8s, les piq\u00fbres d&rsquo;insectes et les coupures. Cependant, l&rsquo;huile obtenue par expression \u00e0 froid (par opposition \u00e0 la distillation \u00e0 la vapeur) peut provoquer une photosensibilit\u00e9 et irriter la peau. Les citrons verts sont originaires d&rsquo;Asie, mais ils sont maintenant cultiv\u00e9s dans la plupart des pays chauds comme l&rsquo;Italie, les Antilles et les Am\u00e9riques.<\/p>\n<p>La chaux est verte lorsqu&rsquo;elle est crue et m\u00fbrit en jaune, et mesure g\u00e9n\u00e9ralement environ deux pouces de diam\u00e8tre. Il a \u00e9t\u00e9 introduit en Europe par les Maures et de l\u00e0, il a migr\u00e9 vers les Am\u00e9riques. On dit que le citron vert a une teneur en vitamine C inf\u00e9rieure \u00e0 celle des citrons.&nbsp;<\/p>\n<p>Les gens transportaient souvent des citrons verts lors de longs voyages en bateau pour emp\u00eacher les marins de contracter le scorbut \u00e0 cause d&rsquo;une carence en vitamine C.<\/p>\n<p><strong><span style=\"color: rgb(75, 80, 88);\">Nom latin : <\/span><\/strong>Citrus Aurantifolia.&nbsp;<\/p>\n<p><strong><span style=\"color: rgb(75, 80, 88);\">Partie de la plante utilis\u00e9e :<\/span><\/strong> peau du fruit.&nbsp;<\/p>\n<p><strong><span style=\"color: rgb(75, 80, 88);\">Source :<\/span><\/strong> Mexique.&nbsp;<\/p>\n<p><strong><span style=\"color: rgb(75, 80, 88);\">M\u00e9thode d&rsquo;extraction :<\/span><\/strong> Expression \u00e0 froid.&nbsp;<\/p>\n<p>Les fiches techniques sont disponibles, pr\u00eates \u00e0 imprimer et \u00e0 partager avec vos clients. Vous aurez besoin d&rsquo;un mot de passe pour t\u00e9l\u00e9charger le PDF que vous trouverez \u00e0 la fin de l&#8217;email de confirmation de votre commande (ATTENTION: les fiches techniques ne sont disponibles qu\u2019en anglais pour le moment).<\/p>\n<p><strong><span style=\"color: rgb(141, 186, 216);\">Les huiles essentielles mises en bouteille \u00e0 Ancient Wisdom sont utilis\u00e9es par des centaines d\u2019aromat\u00e9rapeutes et autres professionnels. Nous ne faisons pas de compromis sur la qualit\u00e9 et la puret\u00e9 des huiles essentielles.<\/span><\/strong><\/p>\n","protected":false},"excerpt":{"rendered":"<p>L&rsquo;huile de citron vert&nbsp;est obtenue \u00e0 partir de Citrus aurantifolia, \u00e9galement connu sous le nom de citron vert mexicain ou antillais, ainsi que de citron vert aigre. L&rsquo;huile est extraite de l&rsquo;\u00e9corce de la peau non m\u00fbre par expression \u00e0 froid ou de l&rsquo;\u00e9corce et\/ou du fruit m\u00fbr entier par entra\u00eenement \u00e0 la vapeur.&nbsp; L&rsquo;huile [&hellip;]<\/p>\n","protected":false},"featured_media":268296,"comment_status":"closed","ping_status":"open","template":"","meta":{"_angie_page":false},"product_brand":[27093],"product_cat":[16450,26259,26818,23646,25842],"product_tag":[],"class_list":{"0":"post-242408","1":"product","2":"type-product","3":"status-publish","4":"has-post-thumbnail","6":"product_brand-ancient-wisdom","7":"product_cat-aromatherapie-et-parfums-d-ambiance","8":"product_cat-citron-vert","9":"product_cat-hesperide-agrumes","10":"product_cat-huiles-essentielles","11":"product_cat-senteurs-aromes","12":"pa_collection-50ml-essential-oil-fr","13":"pa_made-in-mexique","14":"pa_size-50ml","16":"first","17":"instock","18":"purchasable","19":"product-type-simple"},"supplier_id":null,"supplier_sku":"PrEO-29","barcode":null,"atum_controlled":true,"out_stock_date":null,"out_stock_threshold":null,"inheritable":false,"inbound_stock":null,"stock_on_hold":0,"sold_today":0,"sales_last_days":0,"reserved_stock":null,"customer_returns":null,"warehouse_damage":null,"lost_in_post":null,"other_logs":null,"out_stock_days":0,"lost_sales":0,"has_location":null,"update_date":"2026-04-27T07:18:20","atum_locations":[],"atum_stock_status":"instock","restock_status":false,"low_stock_amount":"","sales_update_date":"2025-09-05T00:18:04","calc_backorders":null,"_links":{"self":[{"href":"https:\/\/aromasentia.com\/fr\/wp-json\/wp\/v2\/product\/242408","targetHints":{"allow":["GET"]}}],"collection":[{"href":"https:\/\/aromasentia.com\/fr\/wp-json\/wp\/v2\/product"}],"about":[{"href":"https:\/\/aromasentia.com\/fr\/wp-json\/wp\/v2\/types\/product"}],"replies":[{"embeddable":true,"href":"https:\/\/aromasentia.com\/fr\/wp-json\/wp\/v2\/comments?post=242408"}],"version-history":[{"count":0,"href":"https:\/\/aromasentia.com\/fr\/wp-json\/wp\/v2\/product\/242408\/revisions"}],"wp:featuredmedia":[{"embeddable":true,"href":"https:\/\/aromasentia.com\/fr\/wp-json\/wp\/v2\/media\/268296"}],"wp:attachment":[{"href":"https:\/\/aromasentia.com\/fr\/wp-json\/wp\/v2\/media?parent=242408"}],"wp:term":[{"taxonomy":"product_brand","embeddable":true,"href":"https:\/\/aromasentia.com\/fr\/wp-json\/wp\/v2\/product_brand?post=242408"},{"taxonomy":"product_cat","embeddable":true,"href":"https:\/\/aromasentia.com\/fr\/wp-json\/wp\/v2\/product_cat?post=242408"},{"taxonomy":"product_tag","embeddable":true,"href":"https:\/\/aromasentia.com\/fr\/wp-json\/wp\/v2\/product_tag?post=242408"}],"curies":[{"name":"wp","href":"https:\/\/api.w.org\/{rel}","templated":true}]}}