{"id":242404,"date":"2025-03-20T15:15:03","date_gmt":"2025-03-20T15:15:03","guid":{"rendered":"https:\/\/aromasentia.com\/product\/lemongrass-50ml-essential-oil\/"},"modified":"2025-06-23T19:17:27","modified_gmt":"2025-06-23T19:17:27","slug":"huile-essentielle-citronnelle-50ml","status":"publish","type":"product","link":"https:\/\/aromasentia.com\/fr\/huile-essentielle-citronnelle-50ml\/","title":{"rendered":"Huile Essentielle Citronnelle 50ml"},"content":{"rendered":"<p>L&rsquo;huile essentielle de Citronnelle est extraite de Cymbopogon citratus, \u00e9galement connu sous le nom &laquo; herbe \u00e0 huile &raquo;, \u00e0 partir des feuilles fra\u00eeches ou partiellement s\u00e9ch\u00e9es par distillation \u00e0 la vapeur.&nbsp;<\/p>\n<p>On dit que cette huile combat la fatigue et aide \u00e0 rafra\u00eechir un corps et un esprit fatigu\u00e9s. C&rsquo;est aussi un moyen agr\u00e9ablement parfum\u00e9 de garder un animal de compagnie exempt de puces. et les tiques. La citronnelle contient du citral qui fournit la saveur principale du zeste de citron.&nbsp;<\/p>\n<p>On pense que l&rsquo;huile de citronnelle soulage le d\u00e9calage horaire, les maux de t\u00eate, l&rsquo;\u00e9puisement nerveux et le stress. Il stimule le syst\u00e8me nerveux parasympathique, pour une r\u00e9cup\u00e9ration plus rapide d&rsquo;une maladie, et stimule les s\u00e9cr\u00e9tions glandulaires. Il aide \u00e0 tonifier les muscles et les tissus, soulageant ainsi les douleurs musculaires.&nbsp;<\/p>\n<p>Il est utile pour traiter les maux de gorge, la laryngite et la fi\u00e8vre, et aide \u00e0 arr\u00eater la propagation de l&rsquo;infection. Il aide en cas de colique, d&rsquo;indigestion et de gastro-ent\u00e9rite. Il nettoie les peaux grasses et r\u00e9duit la transpiration excessive. Cependant, il peut irriter la peau, il faut donc faire attention lorsqu&rsquo;il est utilis\u00e9 sur la peau. Eviter l&rsquo;utilisation pendant la grossesse.&nbsp;<\/p>\n<p>La citronnelle est une herbe aromatique vivace qui poussait \u00e0 l&rsquo;\u00e9tat sauvage en Inde, o\u00f9elle est connue sous le nom de choomana poolu. Elle est \u00e9galement connue sous le nom d&rsquo;huile de verveine indienne ou de m\u00e9lisse indienne et est utilis\u00e9e dans l&rsquo;Ayurveda, l&rsquo;ancien art traditionnel de la gu\u00e9rison, pour aider \u00e0 faire baisser la fi\u00e8vre et traiter les maladies infectieuses ; c&rsquo;est pourquoi on l&rsquo;appelle aussi &lsquo;fevergrass&rsquo;.<\/p>\n<p><strong><span style=\"color: rgb(75, 80, 88);\">Nom latin :&nbsp;<\/span><\/strong>Cymbopogon Citratus.&nbsp;<\/p>\n<p><strong><span style=\"color: rgb(75, 80, 88);\">Partie de la plante utilis\u00e9e : <\/span><\/strong>Feuilles.&nbsp;<\/p>\n<p><strong><span style=\"color: rgb(75, 80, 88);\">Source :<\/span><\/strong> Guatemala.&nbsp;<\/p>\n<p><strong><span style=\"color: rgb(75, 80, 88);\">M\u00e9thode d&rsquo;extraction :<\/span><\/strong> Distillation \u00e0 la vapeur.&nbsp;<\/p>\n<p>Les fiches techniques sont disponibles, pr\u00eates \u00e0 imprimer et \u00e0 partager avec vos clients. Vous aurez besoin d&rsquo;un mot de passe pour t\u00e9l\u00e9charger le PDF que vous trouverez \u00e0 la fin de l&#8217;email de confirmation de votre commande (ATTENTION: les fiches techniques ne sont disponibles qu\u2019en anglais pour le moment).<\/p>\n<p><strong><span style=\"color: rgb(141, 186, 216);\">Les huiles essentielles mises en bouteille \u00e0 Ancient Wisdom sont utilis\u00e9es par des centaines d\u2019aromat\u00e9rapeutes et autres professionnels. Nous ne faisons pas de compromis sur la qualit\u00e9 et la puret\u00e9 des huiles essentielles.<\/span><\/strong><\/p>\n","protected":false},"excerpt":{"rendered":"<p>L&rsquo;huile essentielle de Citronnelle est extraite de Cymbopogon citratus, \u00e9galement connu sous le nom &laquo; herbe \u00e0 huile &raquo;, \u00e0 partir des feuilles fra\u00eeches ou partiellement s\u00e9ch\u00e9es par distillation \u00e0 la vapeur.&nbsp; On dit que cette huile combat la fatigue et aide \u00e0 rafra\u00eechir un corps et un esprit fatigu\u00e9s. C&rsquo;est aussi un moyen agr\u00e9ablement [&hellip;]<\/p>\n","protected":false},"featured_media":268287,"comment_status":"closed","ping_status":"open","template":"","meta":{"_angie_page":false},"product_brand":[27093],"product_cat":[16450,26818,23646,26252,25842],"product_tag":[],"class_list":{"0":"post-242404","1":"product","2":"type-product","3":"status-publish","4":"has-post-thumbnail","6":"product_brand-ancient-wisdom","7":"product_cat-aromatherapie-et-parfums-d-ambiance","8":"product_cat-hesperide-agrumes","9":"product_cat-huiles-essentielles","10":"product_cat-lemongrass-citronnelle","11":"product_cat-senteurs-aromes","12":"pa_collection-50ml-essential-oil-fr","13":"pa_made-in-inde","14":"pa_size-50ml","16":"first","17":"instock","18":"purchasable","19":"product-type-simple"},"supplier_id":null,"supplier_sku":"PrEO-28","barcode":null,"atum_controlled":true,"out_stock_date":null,"out_stock_threshold":null,"inheritable":false,"inbound_stock":null,"stock_on_hold":0,"sold_today":0,"sales_last_days":0,"reserved_stock":null,"customer_returns":null,"warehouse_damage":null,"lost_in_post":null,"other_logs":null,"out_stock_days":0,"lost_sales":0,"has_location":null,"update_date":"2026-05-08T05:16:51","atum_locations":[],"atum_stock_status":"instock","restock_status":false,"low_stock_amount":"","sales_update_date":"2026-01-30T01:26:14","calc_backorders":null,"_links":{"self":[{"href":"https:\/\/aromasentia.com\/fr\/wp-json\/wp\/v2\/product\/242404","targetHints":{"allow":["GET"]}}],"collection":[{"href":"https:\/\/aromasentia.com\/fr\/wp-json\/wp\/v2\/product"}],"about":[{"href":"https:\/\/aromasentia.com\/fr\/wp-json\/wp\/v2\/types\/product"}],"replies":[{"embeddable":true,"href":"https:\/\/aromasentia.com\/fr\/wp-json\/wp\/v2\/comments?post=242404"}],"version-history":[{"count":0,"href":"https:\/\/aromasentia.com\/fr\/wp-json\/wp\/v2\/product\/242404\/revisions"}],"wp:featuredmedia":[{"embeddable":true,"href":"https:\/\/aromasentia.com\/fr\/wp-json\/wp\/v2\/media\/268287"}],"wp:attachment":[{"href":"https:\/\/aromasentia.com\/fr\/wp-json\/wp\/v2\/media?parent=242404"}],"wp:term":[{"taxonomy":"product_brand","embeddable":true,"href":"https:\/\/aromasentia.com\/fr\/wp-json\/wp\/v2\/product_brand?post=242404"},{"taxonomy":"product_cat","embeddable":true,"href":"https:\/\/aromasentia.com\/fr\/wp-json\/wp\/v2\/product_cat?post=242404"},{"taxonomy":"product_tag","embeddable":true,"href":"https:\/\/aromasentia.com\/fr\/wp-json\/wp\/v2\/product_tag?post=242404"}],"curies":[{"name":"wp","href":"https:\/\/api.w.org\/{rel}","templated":true}]}}