{"id":242400,"date":"2025-03-20T15:15:03","date_gmt":"2025-03-20T15:15:03","guid":{"rendered":"https:\/\/aromasentia.com\/product\/juniperberry-50ml-essential-oil\/"},"modified":"2025-06-23T19:17:27","modified_gmt":"2025-06-23T19:17:27","slug":"baies-de-genievre-huile-essentielle-professionnelle-50ml","status":"publish","type":"product","link":"https:\/\/aromasentia.com\/fr\/baies-de-genievre-huile-essentielle-professionnelle-50ml\/","title":{"rendered":"Baies de Geni\u00e8vre &#8211; Huile Essentielle Professionnelle 50ml"},"content":{"rendered":"<p>Extraite des baies d&rsquo;un conif\u00e8re, <strong><span style=\"color: rgb(75, 80, 88);\">l&rsquo;huile essentielle de baies de gen\u00e9vrier<\/span><\/strong> est reconnue pour ses utilisations et ses bienfaits polyvalents. Le parfum de l&rsquo;huile de baie de gen\u00e9vrier est bois\u00e9, \u00e9pic\u00e9 et propre. Lorsqu&rsquo;elle est utilis\u00e9e pour son ar\u00f4me, l&rsquo;huile essentielle de baie de gen\u00e9vrier a un effet calmant et enracinant et peut \u00e9galement \u00eatre diffus\u00e9e pour aider \u00e0 assainir et purifier l&rsquo;air.&nbsp;<\/p>\n<p>Les baies de gen\u00e9vrier sont un antiseptique naturel, tout comme l&rsquo;huile essentielle. Un brumisateur d&rsquo;ambiance\/d\u00e9sodorisant \u00e0 base d&rsquo;huile essentielle de baies de gen\u00e9vrier peut aider \u00e0 tuer les germes en suspension dans l&rsquo;air.<\/p>\n<p><strong><span style=\"color: rgb(75, 80, 88);\">Nom latin :<\/span><\/strong> Juniperus Communis&nbsp;<\/p>\n<p><strong><span style=\"color: rgb(75, 80, 88);\">Partie de la plante utilis\u00e9e :<\/span><\/strong> baie&nbsp;<\/p>\n<p><strong><span style=\"color: rgb(75, 80, 88);\">Source :<\/span><\/strong> Mac\u00e9doine&nbsp;<\/p>\n<p><strong><span style=\"color: rgb(75, 80, 88);\">M\u00e9thode d&rsquo;extraction :<\/span><\/strong> Distillation \u00e0 la vapeur&nbsp;<\/p>\n<p>Les fiches techniques sont disponibles, pr\u00eates \u00e0 imprimer et \u00e0 partager avec vos clients. Vous aurez besoin d&rsquo;un mot de passe pour t\u00e9l\u00e9charger le PDF que vous trouverez \u00e0 la fin de l&#8217;email de confirmation de votre commande (ATTENTION: les fiches techniques ne sont disponibles qu\u2019en anglais pour le moment).<\/p>\n<p><strong><span style=\"color: rgb(141, 186, 216);\">Les huiles essentielles mises en bouteille \u00e0 Ancient Wisdom sont utilis\u00e9es par des centaines d\u2019aromat\u00e9rapeutes et autres professionnels. Nous ne faisons pas de compromis sur la qualit\u00e9 et la puret\u00e9 des huiles essentielles.<\/span><\/strong><\/p>\n","protected":false},"excerpt":{"rendered":"<p>Extraite des baies d&rsquo;un conif\u00e8re, l&rsquo;huile essentielle de baies de gen\u00e9vrier est reconnue pour ses utilisations et ses bienfaits polyvalents. Le parfum de l&rsquo;huile de baie de gen\u00e9vrier est bois\u00e9, \u00e9pic\u00e9 et propre. Lorsqu&rsquo;elle est utilis\u00e9e pour son ar\u00f4me, l&rsquo;huile essentielle de baie de gen\u00e9vrier a un effet calmant et enracinant et peut \u00e9galement \u00eatre [&hellip;]<\/p>\n","protected":false},"featured_media":268278,"comment_status":"closed","ping_status":"open","template":"","meta":{"_angie_page":false},"product_brand":[27093],"product_cat":[16450,26230,26895,23646,25842],"product_tag":[],"class_list":{"0":"post-242400","1":"product","2":"type-product","3":"status-publish","4":"has-post-thumbnail","6":"product_brand-ancient-wisdom","7":"product_cat-aromatherapie-et-parfums-d-ambiance","8":"product_cat-baie-de-genievre","9":"product_cat-boise","10":"product_cat-huiles-essentielles","11":"product_cat-senteurs-aromes","12":"pa_collection-50ml-essential-oil-fr","13":"pa_made-in-croatie","14":"pa_size-50ml","16":"first","17":"instock","18":"purchasable","19":"product-type-simple"},"supplier_id":null,"supplier_sku":"PrEO-27","barcode":null,"atum_controlled":true,"out_stock_date":null,"out_stock_threshold":null,"inheritable":false,"inbound_stock":null,"stock_on_hold":0,"sold_today":0,"sales_last_days":0,"reserved_stock":null,"customer_returns":null,"warehouse_damage":null,"lost_in_post":null,"other_logs":null,"out_stock_days":0,"lost_sales":0,"has_location":null,"update_date":"2026-05-08T05:16:51","atum_locations":[],"atum_stock_status":"instock","restock_status":false,"low_stock_amount":"","sales_update_date":"2026-01-30T01:24:38","calc_backorders":null,"_links":{"self":[{"href":"https:\/\/aromasentia.com\/fr\/wp-json\/wp\/v2\/product\/242400","targetHints":{"allow":["GET"]}}],"collection":[{"href":"https:\/\/aromasentia.com\/fr\/wp-json\/wp\/v2\/product"}],"about":[{"href":"https:\/\/aromasentia.com\/fr\/wp-json\/wp\/v2\/types\/product"}],"replies":[{"embeddable":true,"href":"https:\/\/aromasentia.com\/fr\/wp-json\/wp\/v2\/comments?post=242400"}],"version-history":[{"count":0,"href":"https:\/\/aromasentia.com\/fr\/wp-json\/wp\/v2\/product\/242400\/revisions"}],"wp:featuredmedia":[{"embeddable":true,"href":"https:\/\/aromasentia.com\/fr\/wp-json\/wp\/v2\/media\/268278"}],"wp:attachment":[{"href":"https:\/\/aromasentia.com\/fr\/wp-json\/wp\/v2\/media?parent=242400"}],"wp:term":[{"taxonomy":"product_brand","embeddable":true,"href":"https:\/\/aromasentia.com\/fr\/wp-json\/wp\/v2\/product_brand?post=242400"},{"taxonomy":"product_cat","embeddable":true,"href":"https:\/\/aromasentia.com\/fr\/wp-json\/wp\/v2\/product_cat?post=242400"},{"taxonomy":"product_tag","embeddable":true,"href":"https:\/\/aromasentia.com\/fr\/wp-json\/wp\/v2\/product_tag?post=242400"}],"curies":[{"name":"wp","href":"https:\/\/api.w.org\/{rel}","templated":true}]}}