{"id":242396,"date":"2025-03-20T15:15:03","date_gmt":"2025-03-20T15:15:03","guid":{"rendered":"https:\/\/aromasentia.com\/product\/jasmine-absolute-50ml-essential-oil\/"},"modified":"2025-06-23T19:17:27","modified_gmt":"2025-06-23T19:17:27","slug":"jasmin-absolu-huile-essentielle-professionnelle-50ml","status":"publish","type":"product","link":"https:\/\/aromasentia.com\/fr\/jasmin-absolu-huile-essentielle-professionnelle-50ml\/","title":{"rendered":"Jasmin Absolu &#8211; Huile Essentielle Professionnelle 50ml"},"content":{"rendered":"<p>Originaire de Chine et d&rsquo;Inde, le jasmin est une plante grimpante d\u00e9licate et persistante aux petites fleurs blanches en forme d&rsquo;\u00e9toile, qui sont cueillies la nuit, lorsque leur parfum est le plus puissant.&nbsp;<\/p>\n<p><strong><span style=\"color: rgb(75, 80, 88);\">L&rsquo;huile essentielle de Jasmin<\/span><\/strong> a une odeur douce, exotique et richement florale. Il est cher, car sa distillation est plus \u00e9labor\u00e9e que pour la plupart des huiles, et est utilis\u00e9 pour se d\u00e9tendre profond\u00e9ment, soulager la d\u00e9pression et augmenter la confiance. On dit que cette huile apaise les nerfs et produit un sentiment de confiance et d&rsquo;optimisme, tout en redonnant de l&rsquo;\u00e9nergie. Il r\u00e9duit le temps d&rsquo;accouchement en renfor&ccedil;ant les contractions et en soulageant la douleur.&nbsp;<\/p>\n<p>On pense qu&rsquo;il soulage l&rsquo;impuissance, la frigidit\u00e9 et l&rsquo;\u00e9jaculation pr\u00e9coce en raison de ses propri\u00e9t\u00e9s apaisantes et calmantes. Il aide \u00e0 la toux et \u00e0 la laryngite et est \u00e9galement utile dans une huile de massage pour soulager les douleurs musculaires, les entorses et les raideurs des membres. L&rsquo;huile de jasmin tonifie les peaux s\u00e8ches, grasses ou sensibles, augmente l&rsquo;\u00e9lasticit\u00e9 et est cens\u00e9e r\u00e9duire les vergetures et les cicatrices.&nbsp;<\/p>\n<p>Le jasmin est consid\u00e9r\u00e9 comme une fleur sacr\u00e9e en Inde depuis des centaines d&rsquo;ann\u00e9es et est encha\u00een\u00e9 pour faire des guirlandes pour les dieux et d\u00e9esses hindous jusqu&rsquo;\u00e0 aujourd&rsquo;hui. Le jasmin est couramment port\u00e9 dans les cheveux par les femmes indiennes et est \u00e9galement l&rsquo;une des fleurs principales des guirlandes de mariage. Selon un mythe, le dieu du soleil, Surya, a rejet\u00e9 l&rsquo;amour d&rsquo;une princesse et elle avait tellement le c\u0153ur bris\u00e9 qu&rsquo;elle s&rsquo;est suicid\u00e9e.&nbsp;<\/p>\n<p>De ses cendres \u00e9parpill\u00e9es sur le sol, une plante de jasmin a pouss\u00e9. Comme le dieu soleil lui causait tant de douleur, la fleur de jasmin ne fleurissait et ne lib\u00e9rait son parfum que la nuit.<strong><span style=\"color: rgb(75, 80, 88);\">&nbsp;NB : Nos Huiles Essentielles ne conviennent pas \u00e0 un usage interne.<\/span><\/strong><\/p>\n<p><strong><span style=\"color: rgb(75, 80, 88);\">Nom latin :&nbsp;<\/span><\/strong>Jasminum Officinale&nbsp;<\/p>\n<p><strong><span style=\"color: rgb(75, 80, 88);\">Partie de fleur utilis\u00e9e :<\/span><\/strong> fleur&nbsp;<\/p>\n<p><strong><span style=\"color: rgb(75, 80, 88);\">Source :<\/span><\/strong> Inde&nbsp;<\/p>\n<p><strong><span style=\"color: rgb(75, 80, 88);\">M\u00e9thode d&rsquo;extraction : <\/span><\/strong>Extraction par solvant&nbsp;<\/p>\n<p>Les fiches techniques sont disponibles, pr\u00eates \u00e0 imprimer et \u00e0 partager avec vos clients. Vous aurez besoin d&rsquo;un mot de passe pour t\u00e9l\u00e9charger le PDF que vous trouverez \u00e0 la fin de l&#8217;email de confirmation de votre commande (ATTENTION: les fiches techniques ne sont disponibles qu\u2019en anglais pour le moment).<\/p>\n<p><strong><span style=\"color: rgb(141, 186, 216);\">Les huiles essentielles mises en bouteille \u00e0 Ancient Wisdom sont utilis\u00e9es par des centaines d\u2019aromat\u00e9rapeutes et autres professionnels. Nous ne faisons pas de compromis sur la qualit\u00e9 et la puret\u00e9 des huiles essentielles.<\/span><\/strong><\/p>\n","protected":false},"excerpt":{"rendered":"<p>Originaire de Chine et d&rsquo;Inde, le jasmin est une plante grimpante d\u00e9licate et persistante aux petites fleurs blanches en forme d&rsquo;\u00e9toile, qui sont cueillies la nuit, lorsque leur parfum est le plus puissant.&nbsp; L&rsquo;huile essentielle de Jasmin a une odeur douce, exotique et richement florale. Il est cher, car sa distillation est plus \u00e9labor\u00e9e que [&hellip;]<\/p>\n","protected":false},"featured_media":268269,"comment_status":"closed","ping_status":"open","template":"","meta":{"_angie_page":false},"product_brand":[27093],"product_cat":[16450,26832,23646,26225,25842],"product_tag":[],"class_list":{"0":"post-242396","1":"product","2":"type-product","3":"status-publish","4":"has-post-thumbnail","6":"product_brand-ancient-wisdom","7":"product_cat-aromatherapie-et-parfums-d-ambiance","8":"product_cat-floral","9":"product_cat-huiles-essentielles","10":"product_cat-jasmin","11":"product_cat-senteurs-aromes","12":"pa_collection-50ml-essential-oil-fr","13":"pa_made-in-inde","14":"pa_size-50ml","16":"first","17":"instock","18":"purchasable","19":"product-type-simple"},"supplier_id":null,"supplier_sku":"PrEO-26","barcode":null,"atum_controlled":true,"out_stock_date":null,"out_stock_threshold":null,"inheritable":false,"inbound_stock":0,"stock_on_hold":0,"sold_today":0,"sales_last_days":0,"reserved_stock":0,"customer_returns":0,"warehouse_damage":0,"lost_in_post":0,"other_logs":0,"out_stock_days":0,"lost_sales":0,"has_location":false,"update_date":"2026-05-08T05:16:51","atum_locations":[],"atum_stock_status":"instock","restock_status":false,"low_stock_amount":"","sales_update_date":"2025-09-05T00:18:04","calc_backorders":null,"_links":{"self":[{"href":"https:\/\/aromasentia.com\/fr\/wp-json\/wp\/v2\/product\/242396","targetHints":{"allow":["GET"]}}],"collection":[{"href":"https:\/\/aromasentia.com\/fr\/wp-json\/wp\/v2\/product"}],"about":[{"href":"https:\/\/aromasentia.com\/fr\/wp-json\/wp\/v2\/types\/product"}],"replies":[{"embeddable":true,"href":"https:\/\/aromasentia.com\/fr\/wp-json\/wp\/v2\/comments?post=242396"}],"version-history":[{"count":0,"href":"https:\/\/aromasentia.com\/fr\/wp-json\/wp\/v2\/product\/242396\/revisions"}],"wp:featuredmedia":[{"embeddable":true,"href":"https:\/\/aromasentia.com\/fr\/wp-json\/wp\/v2\/media\/268269"}],"wp:attachment":[{"href":"https:\/\/aromasentia.com\/fr\/wp-json\/wp\/v2\/media?parent=242396"}],"wp:term":[{"taxonomy":"product_brand","embeddable":true,"href":"https:\/\/aromasentia.com\/fr\/wp-json\/wp\/v2\/product_brand?post=242396"},{"taxonomy":"product_cat","embeddable":true,"href":"https:\/\/aromasentia.com\/fr\/wp-json\/wp\/v2\/product_cat?post=242396"},{"taxonomy":"product_tag","embeddable":true,"href":"https:\/\/aromasentia.com\/fr\/wp-json\/wp\/v2\/product_tag?post=242396"}],"curies":[{"name":"wp","href":"https:\/\/api.w.org\/{rel}","templated":true}]}}