{"id":242392,"date":"2025-03-20T15:15:26","date_gmt":"2025-03-20T15:15:26","guid":{"rendered":"https:\/\/aromasentia.com\/product\/dill-seed-50ml-essential-oil\/"},"modified":"2025-06-23T19:17:26","modified_gmt":"2025-06-23T19:17:26","slug":"graines-daneth-huile-essentielle-professionnelle-50ml","status":"publish","type":"product","link":"https:\/\/aromasentia.com\/fr\/graines-daneth-huile-essentielle-professionnelle-50ml\/","title":{"rendered":"Graines d&rsquo;aneth &#8211; Huile Essentielle Professionnelle 50ml"},"content":{"rendered":"<p>Du renforcement du syst\u00e8me immunitaire au soulagement des crampes musculaires, les avantages de<strong><span style=\"color: rgb(75, 80, 88);\">&nbsp;l&rsquo;huile essentielle de Graines d&rsquo;Aneth<\/span><\/strong> sont nombreux.&nbsp;<\/p>\n<p>Les spasmes peuvent \u00eatre tr\u00e8s irritants et, dans les cas extr\u00eames, peuvent m\u00eame \u00eatre mortels. Les spasmes sont des cas de contractions ind\u00e9sirables et anormales, que ce soit dans les voies respiratoires, les intestins, les muscles ou les nerfs.&nbsp;<\/p>\n<p>De telles attaques de spasmes peuvent \u00eatre apais\u00e9es \u00e0 l&rsquo;aide d&rsquo;huile essentielle d&rsquo;aneth. Il a un effet relaxant sur les nerfs, les muscles, les intestins et le syst\u00e8me respiratoire et apaise les attaques spasmodiques, procurant un soulagement rapide.&nbsp;<\/p>\n<p>L&rsquo;huile d&rsquo;aneth est \u00e9galement connue pour ses propri\u00e9t\u00e9s d\u00e9sinfectantes. Il peut \u00eatre utilis\u00e9 sous une forme dilu\u00e9e \u00e0 appliquer sur le cuir chevelu pour prot\u00e9ger les cheveux de diverses infections et m\u00eame des poux.&nbsp;<\/p>\n<p>L&rsquo;huile d&rsquo;aneth est stomachique, \u00eatre un stomachique signifie \u00eatre un agent qui agit comme un tonique pour garder l&rsquo;estomac sain, tonique et fonctionner correctement. Il maintient l&rsquo;estomac en bonne forme, r\u00e9gule la s\u00e9cr\u00e9tion des sucs digestifs et de la bile, le prot\u00e8ge des infections et aide \u00e9galement le processus de gu\u00e9rison des ulc\u00e8res ou des plaies, le cas \u00e9ch\u00e9ant, dans l&rsquo;estomac.<\/p>\n<p>Les fiches techniques sont disponibles, pr\u00eates \u00e0 imprimer et \u00e0 partager avec vos clients. Vous aurez besoin d&rsquo;un mot de passe pour t\u00e9l\u00e9charger le PDF que vous trouverez \u00e0 la fin de l&#8217;email de confirmation de votre commande (ATTENTION: les fiches techniques ne sont disponibles qu\u2019en anglais pour le moment).<\/p>\n<p><strong><span style=\"color: rgb(141, 186, 216);\">Les huiles essentielles mises en bouteille \u00e0 Ancient Wisdom sont utilis\u00e9es par des centaines d\u2019aromat\u00e9rapeutes et autres professionnels. Nous ne faisons pas de compromis sur la qualit\u00e9 et la puret\u00e9 des huiles essentielles.<\/span><\/strong><\/p>\n","protected":false},"excerpt":{"rendered":"<p>Du renforcement du syst\u00e8me immunitaire au soulagement des crampes musculaires, les avantages de&nbsp;l&rsquo;huile essentielle de Graines d&rsquo;Aneth sont nombreux.&nbsp; Les spasmes peuvent \u00eatre tr\u00e8s irritants et, dans les cas extr\u00eames, peuvent m\u00eame \u00eatre mortels. Les spasmes sont des cas de contractions ind\u00e9sirables et anormales, que ce soit dans les voies respiratoires, les intestins, les muscles [&hellip;]<\/p>\n","protected":false},"featured_media":268494,"comment_status":"closed","ping_status":"open","template":"","meta":{"_angie_page":false},"product_brand":[27093],"product_cat":[16450,26174,26860,23646,25842],"product_tag":[],"class_list":{"0":"post-242392","1":"product","2":"type-product","3":"status-publish","4":"has-post-thumbnail","6":"product_brand-ancient-wisdom","7":"product_cat-aromatherapie-et-parfums-d-ambiance","8":"product_cat-graine-d-aneth","9":"product_cat-herbes-aromatiques","10":"product_cat-huiles-essentielles","11":"product_cat-senteurs-aromes","12":"pa_collection-50ml-essential-oil-fr","13":"pa_made-in-hongrie","14":"pa_size-50ml","16":"first","17":"instock","18":"purchasable","19":"product-type-simple"},"supplier_id":null,"supplier_sku":"PrEO-58","barcode":null,"atum_controlled":true,"out_stock_date":null,"out_stock_threshold":null,"inheritable":false,"inbound_stock":null,"stock_on_hold":0,"sold_today":0,"sales_last_days":0,"reserved_stock":null,"customer_returns":null,"warehouse_damage":null,"lost_in_post":null,"other_logs":null,"out_stock_days":0,"lost_sales":0,"has_location":null,"update_date":"2026-04-27T07:18:30","atum_locations":[],"atum_stock_status":"instock","restock_status":false,"low_stock_amount":"","sales_update_date":"2026-01-30T01:24:27","calc_backorders":null,"_links":{"self":[{"href":"https:\/\/aromasentia.com\/fr\/wp-json\/wp\/v2\/product\/242392","targetHints":{"allow":["GET"]}}],"collection":[{"href":"https:\/\/aromasentia.com\/fr\/wp-json\/wp\/v2\/product"}],"about":[{"href":"https:\/\/aromasentia.com\/fr\/wp-json\/wp\/v2\/types\/product"}],"replies":[{"embeddable":true,"href":"https:\/\/aromasentia.com\/fr\/wp-json\/wp\/v2\/comments?post=242392"}],"version-history":[{"count":0,"href":"https:\/\/aromasentia.com\/fr\/wp-json\/wp\/v2\/product\/242392\/revisions"}],"wp:featuredmedia":[{"embeddable":true,"href":"https:\/\/aromasentia.com\/fr\/wp-json\/wp\/v2\/media\/268494"}],"wp:attachment":[{"href":"https:\/\/aromasentia.com\/fr\/wp-json\/wp\/v2\/media?parent=242392"}],"wp:term":[{"taxonomy":"product_brand","embeddable":true,"href":"https:\/\/aromasentia.com\/fr\/wp-json\/wp\/v2\/product_brand?post=242392"},{"taxonomy":"product_cat","embeddable":true,"href":"https:\/\/aromasentia.com\/fr\/wp-json\/wp\/v2\/product_cat?post=242392"},{"taxonomy":"product_tag","embeddable":true,"href":"https:\/\/aromasentia.com\/fr\/wp-json\/wp\/v2\/product_tag?post=242392"}],"curies":[{"name":"wp","href":"https:\/\/api.w.org\/{rel}","templated":true}]}}