{"id":242384,"date":"2025-03-20T15:15:26","date_gmt":"2025-03-20T15:15:26","guid":{"rendered":"https:\/\/aromasentia.com\/product\/cajaput-50ml-essential-oil\/"},"modified":"2025-06-23T19:17:25","modified_gmt":"2025-06-23T19:17:25","slug":"cajeput-huile-essentielle-professionnelle-50ml","status":"publish","type":"product","link":"https:\/\/aromasentia.com\/fr\/cajeput-huile-essentielle-professionnelle-50ml\/","title":{"rendered":"Cajeput &#8211; Huile Essentielle Professionnelle 50ml"},"content":{"rendered":"<p><strong><span style=\"color: rgb(75, 80, 88);\">L&rsquo;Huile Essentielle de Cajeput&nbsp;<\/span><\/strong>est utilis\u00e9e pour traiter les rhumes, les maux de t\u00eate et les maux de dents. Il est tr\u00e8s efficace pour combattre les infections caus\u00e9es par des bact\u00e9ries, des virus et des champignons, comme le t\u00e9tanos (bact\u00e9rie), la grippe (virus) et des maladies infectieuses comme le chol\u00e9ra et la typho&iuml;de.&nbsp;<\/p>\n<p>L&rsquo;huile de cajeput est tr\u00e8s efficace pour tuer et chasser les insectes. Ses propri\u00e9t\u00e9s insecticides sont si fortes que sa solution dilu\u00e9e peut \u00eatre pulv\u00e9ris\u00e9e ou vaporis\u00e9e \u00e0 l&rsquo;aide d&rsquo;un vaporisateur pour chasser les moustiques, les fourmis et de nombreux autres types de parasites des pi\u00e8ces.&nbsp;<\/p>\n<p>Une solution dilu\u00e9e d&rsquo;huile de cajeput peut \u00e9galement \u00eatre frott\u00e9e sur le corps pour \u00e9loigner les insectes. Tout comme l&rsquo;huile d&rsquo;eucalyptus, l&rsquo;huile de cajeput est \u00e9galement un expert d\u00e9congestionnant et expectorant.&nbsp;<\/p>\n<p>En tant que d\u00e9congestionnant, il procure un soulagement imm\u00e9diat de la congestion du nez, de la gorge et d&rsquo;autres organes respiratoires ainsi que de la toux, des infections et de l&rsquo;inflammation de la gorge qui en r\u00e9sulte. Il est de nature analg\u00e9sique, ce qui signifie qu&rsquo;il r\u00e9duit les sensations de douleur. En application locale, par exemple sur une dent infect\u00e9e en cas de mal de dents ou en friction sur le front en cas de mal de t\u00eate.&nbsp;<\/p>\n<p>Appliquer uniquement dans des solutions tr\u00e8s dilu\u00e9es.<\/p>\n<p><strong><span style=\"color: rgb(75, 80, 88);\">Nom latin :&nbsp;<\/span><\/strong>Melaleuca Cajuputi&nbsp;<\/p>\n<p><strong><span style=\"color: rgb(75, 80, 88);\">Partie de la plante utilis\u00e9e : <\/span><\/strong>feuilles et brindilles&nbsp;<\/p>\n<p><strong><span style=\"color: rgb(75, 80, 88);\">Source :<\/span><\/strong> Indon\u00e9sie&nbsp;<\/p>\n<p><strong><span style=\"color: rgb(75, 80, 88);\">M\u00e9thode d&rsquo;extraction :<\/span><\/strong> Distillation \u00e0 la vapeur&nbsp;<\/p>\n<p>Les fiches techniques sont disponibles, pr\u00eates \u00e0 imprimer et \u00e0 partager avec vos clients. Vous aurez besoin d&rsquo;un mot de passe pour t\u00e9l\u00e9charger le PDF que vous trouverez \u00e0 la fin de l&#8217;email de confirmation de votre commande (ATTENTION: les fiches techniques ne sont disponibles qu\u2019en anglais pour le moment).<\/p>\n<p><strong><span style=\"color: rgb(141, 186, 216);\">Les huiles essentielles mises en bouteille \u00e0 Ancient Wisdom sont utilis\u00e9es par des centaines d\u2019aromat\u00e9rapeutes et autres professionnels. Nous ne faisons pas de compromis sur la qualit\u00e9 et la puret\u00e9 des huiles essentielles.<\/span><\/strong><\/p>\n","protected":false},"excerpt":{"rendered":"<p>L&rsquo;Huile Essentielle de Cajeput&nbsp;est utilis\u00e9e pour traiter les rhumes, les maux de t\u00eate et les maux de dents. Il est tr\u00e8s efficace pour combattre les infections caus\u00e9es par des bact\u00e9ries, des virus et des champignons, comme le t\u00e9tanos (bact\u00e9rie), la grippe (virus) et des maladies infectieuses comme le chol\u00e9ra et la typho&iuml;de.&nbsp; L&rsquo;huile de cajeput [&hellip;]<\/p>\n","protected":false},"featured_media":268476,"comment_status":"closed","ping_status":"open","template":"","meta":{"_angie_page":false},"product_brand":[27093],"product_cat":[16450,23646],"product_tag":[],"class_list":{"0":"post-242384","1":"product","2":"type-product","3":"status-publish","4":"has-post-thumbnail","6":"product_brand-ancient-wisdom","7":"product_cat-aromatherapie-et-parfums-d-ambiance","8":"product_cat-huiles-essentielles","9":"pa_collection-50ml-essential-oil-fr","10":"pa_made-in-indonesie","11":"pa_size-50ml","13":"first","14":"instock","15":"purchasable","16":"product-type-simple"},"supplier_id":null,"supplier_sku":"PrEO-56","barcode":null,"atum_controlled":true,"out_stock_date":null,"out_stock_threshold":null,"inheritable":false,"inbound_stock":null,"stock_on_hold":0,"sold_today":0,"sales_last_days":0,"reserved_stock":null,"customer_returns":null,"warehouse_damage":null,"lost_in_post":null,"other_logs":null,"out_stock_days":0,"lost_sales":0,"has_location":null,"update_date":"2026-04-27T07:18:26","atum_locations":[],"atum_stock_status":"instock","restock_status":false,"low_stock_amount":"","sales_update_date":"2026-02-06T00:00:43","calc_backorders":null,"_links":{"self":[{"href":"https:\/\/aromasentia.com\/fr\/wp-json\/wp\/v2\/product\/242384","targetHints":{"allow":["GET"]}}],"collection":[{"href":"https:\/\/aromasentia.com\/fr\/wp-json\/wp\/v2\/product"}],"about":[{"href":"https:\/\/aromasentia.com\/fr\/wp-json\/wp\/v2\/types\/product"}],"replies":[{"embeddable":true,"href":"https:\/\/aromasentia.com\/fr\/wp-json\/wp\/v2\/comments?post=242384"}],"version-history":[{"count":0,"href":"https:\/\/aromasentia.com\/fr\/wp-json\/wp\/v2\/product\/242384\/revisions"}],"wp:featuredmedia":[{"embeddable":true,"href":"https:\/\/aromasentia.com\/fr\/wp-json\/wp\/v2\/media\/268476"}],"wp:attachment":[{"href":"https:\/\/aromasentia.com\/fr\/wp-json\/wp\/v2\/media?parent=242384"}],"wp:term":[{"taxonomy":"product_brand","embeddable":true,"href":"https:\/\/aromasentia.com\/fr\/wp-json\/wp\/v2\/product_brand?post=242384"},{"taxonomy":"product_cat","embeddable":true,"href":"https:\/\/aromasentia.com\/fr\/wp-json\/wp\/v2\/product_cat?post=242384"},{"taxonomy":"product_tag","embeddable":true,"href":"https:\/\/aromasentia.com\/fr\/wp-json\/wp\/v2\/product_tag?post=242384"}],"curies":[{"name":"wp","href":"https:\/\/api.w.org\/{rel}","templated":true}]}}