{"id":242380,"date":"2025-03-20T15:15:26","date_gmt":"2025-03-20T15:15:26","guid":{"rendered":"https:\/\/aromasentia.com\/product\/carrot-seed-50ml-essential-oil\/"},"modified":"2025-06-23T19:17:25","modified_gmt":"2025-06-23T19:17:25","slug":"graine-de-carotte-huile-essentielle-professionnelle-50ml","status":"publish","type":"product","link":"https:\/\/aromasentia.com\/fr\/graine-de-carotte-huile-essentielle-professionnelle-50ml\/","title":{"rendered":"Graine de Carotte &#8211; Huile Essentielle Professionnelle 50ml"},"content":{"rendered":"<p>Utilis\u00e9e dans les applications d&rsquo;aromath\u00e9rapie, <strong><span style=\"color: rgb(75, 80, 88);\">l&rsquo;Huile Essentielle de Graine de Carotte<\/span><\/strong> stimule la circulation ainsi que les fonctions c\u00e9r\u00e9brales et nerveuses. Son parfum chaud, terreux, bois\u00e9 et herbac\u00e9 a un effet apaisant, rafra\u00eechissant et enracinant qui est connu pour diminuer les sensations de fatigue, de faiblesse, d&rsquo;anxi\u00e9t\u00e9 et de stress.&nbsp;<\/p>\n<p>L&rsquo;huile essentielle de graines de carotte peut vous aider \u00e0 conserver votre jeunesse. Les antioxydants contenus dans cette huile essentielle r\u00e9parent les dommages caus\u00e9s \u00e0 vos tissus par les oxydants et les emp\u00eachent de causer d&rsquo;autres dommages.&nbsp;<\/p>\n<p>Ces antioxydants prot\u00e8gent votre peau des rides, emp\u00eachent vos cheveux de blanchir, vos articulations de se raidir, vos muscles de s&rsquo;affaiblir et votre vue de d\u00e9cliner. Cette huile essentielle puissante peut traiter les infections et prot\u00e9ger contre leurs effets. Il a des propri\u00e9t\u00e9s antiseptiques, notamment sa capacit\u00e9 \u00e0 pr\u00e9venir le t\u00e9tanos.&nbsp;<\/p>\n<p>L&rsquo;huile de graines de carotte peut \u00eatre utilis\u00e9e pour le traitement des infections de la peau et des plaies ouvertes. Il est utilis\u00e9 pour le traitement des infections virales du syst\u00e8me respiratoire, y compris la bronchite. Il est \u00e9galement efficace dans la lutte contre d&rsquo;autres infections virales, notamment la grippe, les oreillons, la toux, le rhume et la rougeole.&nbsp;<\/p>\n<p>L&rsquo;huile de graines de carotte a la capacit\u00e9 de d\u00e9toxifier le sang, les tissus, les muscles et les organes internes comme le foie et les reins. Il \u00e9limine les toxines comme l&rsquo;acide urique du sang, des tissus, des muscles et des articulations, aidant ainsi \u00e0 traiter et \u00e0 ralentir la progression de l&rsquo;\u0153d\u00e8me, de l&rsquo;arthrite, de la goutte et des rhumatismes.<\/p>\n<p><strong><span style=\"color: rgb(75, 80, 88);\">Nom latin :&nbsp;<\/span><\/strong>Daucus Carota Sativa&nbsp;<\/p>\n<p><strong><span style=\"color: rgb(75, 80, 88);\">Partie de la plante utilis\u00e9e :<\/span><\/strong> graines s\u00e9ch\u00e9es&nbsp;<\/p>\n<p><strong><span style=\"color: rgb(75, 80, 88);\">Source : <\/span><\/strong>Hongrie&nbsp;<\/p>\n<p><strong><span style=\"color: rgb(75, 80, 88);\">M\u00e9thode d&rsquo;extraction :<\/span><\/strong> Distillation \u00e0 la vapeur&nbsp;<\/p>\n<p>Les fiches techniques sont disponibles, pr\u00eates \u00e0 imprimer et \u00e0 partager avec vos clients. Vous aurez besoin d&rsquo;un mot de passe pour t\u00e9l\u00e9charger le PDF que vous trouverez \u00e0 la fin de l&#8217;email de confirmation de votre commande (ATTENTION: les fiches techniques ne sont disponibles qu\u2019en anglais pour le moment).<\/p>\n<p><strong><span style=\"color: rgb(141, 186, 216);\">Les huiles essentielles mises en bouteille \u00e0 Ancient Wisdom sont utilis\u00e9es par des centaines d\u2019aromat\u00e9rapeutes et autres professionnels. Nous ne faisons pas de compromis sur la qualit\u00e9 et la puret\u00e9 des huiles essentielles.<\/span><\/strong><\/p>\n","protected":false},"excerpt":{"rendered":"<p>Utilis\u00e9e dans les applications d&rsquo;aromath\u00e9rapie, l&rsquo;Huile Essentielle de Graine de Carotte stimule la circulation ainsi que les fonctions c\u00e9r\u00e9brales et nerveuses. Son parfum chaud, terreux, bois\u00e9 et herbac\u00e9 a un effet apaisant, rafra\u00eechissant et enracinant qui est connu pour diminuer les sensations de fatigue, de faiblesse, d&rsquo;anxi\u00e9t\u00e9 et de stress.&nbsp; L&rsquo;huile essentielle de graines de [&hellip;]<\/p>\n","protected":false},"featured_media":268467,"comment_status":"closed","ping_status":"open","template":"","meta":{"_angie_page":false},"product_brand":[27093],"product_cat":[16450,26119,23646,25842,26825],"product_tag":[],"class_list":{"0":"post-242380","1":"product","2":"type-product","3":"status-publish","4":"has-post-thumbnail","6":"product_brand-ancient-wisdom","7":"product_cat-aromatherapie-et-parfums-d-ambiance","8":"product_cat-graine-de-carotte","9":"product_cat-huiles-essentielles","10":"product_cat-senteurs-aromes","11":"product_cat-terreux-vert","12":"pa_collection-50ml-essential-oil-fr","13":"pa_made-in-inde","14":"pa_size-50ml","16":"first","17":"instock","18":"purchasable","19":"product-type-simple"},"supplier_id":null,"supplier_sku":"PrEO-55","barcode":null,"atum_controlled":true,"out_stock_date":null,"out_stock_threshold":null,"inheritable":false,"inbound_stock":null,"stock_on_hold":0,"sold_today":0,"sales_last_days":0,"reserved_stock":null,"customer_returns":null,"warehouse_damage":null,"lost_in_post":null,"other_logs":null,"out_stock_days":0,"lost_sales":0,"has_location":null,"update_date":"2026-05-08T05:16:52","atum_locations":[],"atum_stock_status":"instock","restock_status":false,"low_stock_amount":"","sales_update_date":"2026-02-06T00:00:48","calc_backorders":null,"_links":{"self":[{"href":"https:\/\/aromasentia.com\/fr\/wp-json\/wp\/v2\/product\/242380","targetHints":{"allow":["GET"]}}],"collection":[{"href":"https:\/\/aromasentia.com\/fr\/wp-json\/wp\/v2\/product"}],"about":[{"href":"https:\/\/aromasentia.com\/fr\/wp-json\/wp\/v2\/types\/product"}],"replies":[{"embeddable":true,"href":"https:\/\/aromasentia.com\/fr\/wp-json\/wp\/v2\/comments?post=242380"}],"version-history":[{"count":0,"href":"https:\/\/aromasentia.com\/fr\/wp-json\/wp\/v2\/product\/242380\/revisions"}],"wp:featuredmedia":[{"embeddable":true,"href":"https:\/\/aromasentia.com\/fr\/wp-json\/wp\/v2\/media\/268467"}],"wp:attachment":[{"href":"https:\/\/aromasentia.com\/fr\/wp-json\/wp\/v2\/media?parent=242380"}],"wp:term":[{"taxonomy":"product_brand","embeddable":true,"href":"https:\/\/aromasentia.com\/fr\/wp-json\/wp\/v2\/product_brand?post=242380"},{"taxonomy":"product_cat","embeddable":true,"href":"https:\/\/aromasentia.com\/fr\/wp-json\/wp\/v2\/product_cat?post=242380"},{"taxonomy":"product_tag","embeddable":true,"href":"https:\/\/aromasentia.com\/fr\/wp-json\/wp\/v2\/product_tag?post=242380"}],"curies":[{"name":"wp","href":"https:\/\/api.w.org\/{rel}","templated":true}]}}