{"id":242372,"date":"2025-03-20T15:15:26","date_gmt":"2025-03-20T15:15:26","guid":{"rendered":"https:\/\/aromasentia.com\/product\/may-chang-50ml-essential-oil\/"},"modified":"2025-06-23T19:17:23","modified_gmt":"2025-06-23T19:17:23","slug":"may-chang-huile-essentielle-professionnelle-50ml","status":"publish","type":"product","link":"https:\/\/aromasentia.com\/fr\/may-chang-huile-essentielle-professionnelle-50ml\/","title":{"rendered":"May Chang &#8211; Huile Essentielle Professionnelle 50ml"},"content":{"rendered":"<p><strong><span style=\"color: rgb(75, 80, 88);\">L&rsquo;huile essentielle de May Chang<\/span><\/strong> est une huile tr\u00e8s \u00e9difiante et stimulante et utile pendant les p\u00e9riodes de fatigue, de m\u00e9lancolie et d&rsquo;anxi\u00e9t\u00e9.&nbsp;<\/p>\n<p>Utilis\u00e9 pour cr\u00e9er une ambiance chaleureuse lorsqu&rsquo;il est diffus\u00e9. Traditionnellement utilis\u00e9 comme aide \u00e0 la digestion, le May Chang peut aider en cas de mauvaise digestion et stimuler l&rsquo;app\u00e9tit.&nbsp;<\/p>\n<p>L&rsquo;huile essentielle de May Chang a une action rafra\u00eechissante, stimulante et \u00e9difiante, ce qui la rend parfaite pour soulager la fatigue et les \u00e9tats psychologiques l\u00e9thargiques.&nbsp;<\/p>\n<p>Et parce que cette huile est un tonique pour le syst\u00e8me nerveux, elle est id\u00e9ale pour se vider la t\u00eate lorsque vous vous sentez anxieux, stress\u00e9 ou confus. Il poss\u00e8de \u00e9galement des propri\u00e9t\u00e9s antiseptiques, antifongiques et antivirales \u00e9tonnamment bonnes, qui peuvent \u00eatre utilis\u00e9es pour aider \u00e0 \u00e9loigner la toux, le rhume et le pied d&rsquo;athl\u00e8te.&nbsp;<\/p>\n<p>Il est \u00e9galement id\u00e9al pour les travaux de nettoyage dans la maison, tels que la st\u00e9rilisation des plans de travail de cuisine. Pour augmenter son efficacit\u00e9, le m\u00e9lange peut changer avec l&rsquo;arbre \u00e0 th\u00e9 et vous aurez une action nettoyante puissante sans l&rsquo;ar\u00f4me d\u00e9sagr\u00e9able de type d\u00e9sinfectant.&nbsp;<\/p>\n<p><strong><span style=\"color: rgb(75, 80, 88);\">Nom latin :<\/span><\/strong> Litsea Cubeba&nbsp;<\/p>\n<p><strong><span style=\"color: rgb(75, 80, 88);\">Partie de la plante utilis\u00e9e :<\/span><\/strong> Fruit&nbsp;<\/p>\n<p><strong><span style=\"color: rgb(75, 80, 88);\">Source :<\/span><\/strong> Chine&nbsp;<\/p>\n<p><strong><span style=\"color: rgb(75, 80, 88);\">M\u00e9thode d&rsquo;extraction :<\/span><\/strong> Distillation \u00e0 la vapeur &nbsp; &nbsp; &nbsp; &nbsp; &nbsp; &nbsp; &nbsp;&nbsp;<\/p>\n<p>Les fiches techniques sont disponibles, pr\u00eates \u00e0 imprimer et \u00e0 partager avec vos clients. Vous aurez besoin d&rsquo;un mot de passe pour t\u00e9l\u00e9charger le PDF que vous trouverez \u00e0 la fin de l&#8217;email de confirmation de votre commande (ATTENTION: les fiches techniques ne sont disponibles qu\u2019en anglais pour le moment).<\/p>\n<p><strong><span style=\"color: rgb(141, 186, 216);\">Les huiles essentielles mises en bouteille \u00e0 Ancient Wisdom sont utilis\u00e9es par des centaines d\u2019aromat\u00e9rapeutes et autres professionnels. Nous ne faisons pas de compromis sur la qualit\u00e9 et la puret\u00e9 des huiles essentielles.<\/span><\/strong><\/p>\n","protected":false},"excerpt":{"rendered":"<p>L&rsquo;huile essentielle de May Chang est une huile tr\u00e8s \u00e9difiante et stimulante et utile pendant les p\u00e9riodes de fatigue, de m\u00e9lancolie et d&rsquo;anxi\u00e9t\u00e9.&nbsp; Utilis\u00e9 pour cr\u00e9er une ambiance chaleureuse lorsqu&rsquo;il est diffus\u00e9. Traditionnellement utilis\u00e9 comme aide \u00e0 la digestion, le May Chang peut aider en cas de mauvaise digestion et stimuler l&rsquo;app\u00e9tit.&nbsp; L&rsquo;huile essentielle de [&hellip;]<\/p>\n","protected":false},"featured_media":268449,"comment_status":"closed","ping_status":"open","template":"","meta":{"_angie_page":false},"product_brand":[27093],"product_cat":[16450,26818,23646,26275,25842],"product_tag":[],"class_list":{"0":"post-242372","1":"product","2":"type-product","3":"status-publish","4":"has-post-thumbnail","6":"product_brand-ancient-wisdom","7":"product_cat-aromatherapie-et-parfums-d-ambiance","8":"product_cat-hesperide-agrumes","9":"product_cat-huiles-essentielles","10":"product_cat-may-chang-litsea-cubeba","11":"product_cat-senteurs-aromes","12":"pa_collection-50ml-essential-oil-fr","13":"pa_made-in-chine","14":"pa_size-50ml","16":"first","17":"instock","18":"purchasable","19":"product-type-simple"},"supplier_id":null,"supplier_sku":"PrEO-52","barcode":null,"atum_controlled":true,"out_stock_date":null,"out_stock_threshold":null,"inheritable":false,"inbound_stock":null,"stock_on_hold":0,"sold_today":0,"sales_last_days":0,"reserved_stock":null,"customer_returns":null,"warehouse_damage":null,"lost_in_post":null,"other_logs":null,"out_stock_days":0,"lost_sales":0,"has_location":null,"update_date":"2026-05-08T05:16:52","atum_locations":[],"atum_stock_status":"instock","restock_status":false,"low_stock_amount":"","sales_update_date":"2025-09-05T00:18:10","calc_backorders":null,"_links":{"self":[{"href":"https:\/\/aromasentia.com\/fr\/wp-json\/wp\/v2\/product\/242372","targetHints":{"allow":["GET"]}}],"collection":[{"href":"https:\/\/aromasentia.com\/fr\/wp-json\/wp\/v2\/product"}],"about":[{"href":"https:\/\/aromasentia.com\/fr\/wp-json\/wp\/v2\/types\/product"}],"replies":[{"embeddable":true,"href":"https:\/\/aromasentia.com\/fr\/wp-json\/wp\/v2\/comments?post=242372"}],"version-history":[{"count":0,"href":"https:\/\/aromasentia.com\/fr\/wp-json\/wp\/v2\/product\/242372\/revisions"}],"wp:featuredmedia":[{"embeddable":true,"href":"https:\/\/aromasentia.com\/fr\/wp-json\/wp\/v2\/media\/268449"}],"wp:attachment":[{"href":"https:\/\/aromasentia.com\/fr\/wp-json\/wp\/v2\/media?parent=242372"}],"wp:term":[{"taxonomy":"product_brand","embeddable":true,"href":"https:\/\/aromasentia.com\/fr\/wp-json\/wp\/v2\/product_brand?post=242372"},{"taxonomy":"product_cat","embeddable":true,"href":"https:\/\/aromasentia.com\/fr\/wp-json\/wp\/v2\/product_cat?post=242372"},{"taxonomy":"product_tag","embeddable":true,"href":"https:\/\/aromasentia.com\/fr\/wp-json\/wp\/v2\/product_tag?post=242372"}],"curies":[{"name":"wp","href":"https:\/\/api.w.org\/{rel}","templated":true}]}}