{"id":242368,"date":"2025-03-20T15:15:26","date_gmt":"2025-03-20T15:15:26","guid":{"rendered":"https:\/\/aromasentia.com\/product\/hyssop-50ml-essential-oil\/"},"modified":"2025-06-23T19:17:23","modified_gmt":"2025-06-23T19:17:23","slug":"hysope-huile-essentielle-professionnelle-50ml","status":"publish","type":"product","link":"https:\/\/aromasentia.com\/fr\/hysope-huile-essentielle-professionnelle-50ml\/","title":{"rendered":"Hysope &#8211; Huile Essentielle Professionnelle 50ml"},"content":{"rendered":"<p><strong><span style=\"color: rgb(75, 80, 88);\">L&rsquo;huile essentielle d&rsquo;Hysope<\/span><\/strong> est extraite \u00e0 l&rsquo;aide de la distillation \u00e0 la vapeur des feuilles et des fleurs d&rsquo;un arbuste appel\u00e9 Hysope. Les bienfaits de cette huile essentielle sur la sant\u00e9 peuvent \u00eatre attribu\u00e9s \u00e0 ses propri\u00e9t\u00e9s astringentes, stimulantes, antispasmodiques, antirhumatismales, antiseptiques, carminatives, cicatrisantes, digestives, diur\u00e9tiques, emm\u00e9nagogues, expectorantes, hypertensives, nervines, sudorifiques, toniques, f\u00e9brifuges, vermifuges et substance vuln\u00e9rable.&nbsp;<\/p>\n<p>\u00e9tant un antispasmodique, l&rsquo;huile essentielle d&rsquo;Hysope soulage les spasmes du syst\u00e8me respiratoire, gu\u00e9rissant ainsi les toux spasmodiques. Il gu\u00e9rit \u00e9galement les spasmes du syst\u00e8me nerveux afin de gu\u00e9rir les convulsions et les probl\u00e8mes connexes, ainsi que la r\u00e9duction des spasmes musculaires, ce qui gu\u00e9rit les crampes et les spasmes des intestins, soulageant les douleurs abdominales aigu&euml;s.&nbsp;<\/p>\n<p>\u00e9tant donn\u00e9 que l&rsquo;huile d&rsquo;hysope am\u00e9liore et favorise la circulation, elle aide \u00e0 gu\u00e9rir les maladies associ\u00e9es \u00e0 une mauvaise circulation, telles que les rhumatismes, l&rsquo;arthrite, la goutte et l&rsquo;enflure. Cette huile facilite la digestion. En tant que stimulant, il stimule la s\u00e9cr\u00e9tion des sucs gastriques tels que les acides, les enzymes et la bile dans l&rsquo;estomac, ce qui acc\u00e9l\u00e8re la d\u00e9composition des prot\u00e9ines complexes, des glucides et d&rsquo;autres nutriments.<\/p>\n<p><strong><span style=\"color: rgb(75, 80, 88);\">Nom latin :&nbsp;<\/span><\/strong>Hyssopus Officinalis&nbsp;<\/p>\n<p><strong><span style=\"color: rgb(75, 80, 88);\">Partie de la plante utilis\u00e9e : <\/span><\/strong>feuilles et sommit\u00e9s fleuries&nbsp;<\/p>\n<p><strong><span style=\"color: rgb(75, 80, 88);\">Source : <\/span><\/strong>Slov\u00e9nie&nbsp;<\/p>\n<p><strong><span style=\"color: rgb(75, 80, 88);\">M\u00e9thode d&rsquo;extraction : <\/span><\/strong>Distillation \u00e0 la vapeur&nbsp;<\/p>\n<p>Les fiches techniques sont disponibles, pr\u00eates \u00e0 imprimer et \u00e0 partager avec vos clients. Vous aurez besoin d&rsquo;un mot de passe pour t\u00e9l\u00e9charger le PDF que vous trouverez \u00e0 la fin de l&#8217;email de confirmation de votre commande (ATTENTION: les fiches techniques ne sont disponibles qu\u2019en anglais pour le moment).<\/p>\n<p><strong><span style=\"color: rgb(141, 186, 216);\">Les huiles essentielles mises en bouteille \u00e0 Ancient Wisdom sont utilis\u00e9es par des centaines d\u2019aromat\u00e9rapeutes et autres professionnels. Nous ne faisons pas de compromis sur la qualit\u00e9 et la puret\u00e9 des huiles essentielles.<\/span><\/strong><\/p>\n","protected":false},"excerpt":{"rendered":"<p>L&rsquo;huile essentielle d&rsquo;Hysope est extraite \u00e0 l&rsquo;aide de la distillation \u00e0 la vapeur des feuilles et des fleurs d&rsquo;un arbuste appel\u00e9 Hysope. Les bienfaits de cette huile essentielle sur la sant\u00e9 peuvent \u00eatre attribu\u00e9s \u00e0 ses propri\u00e9t\u00e9s astringentes, stimulantes, antispasmodiques, antirhumatismales, antiseptiques, carminatives, cicatrisantes, digestives, diur\u00e9tiques, emm\u00e9nagogues, expectorantes, hypertensives, nervines, sudorifiques, toniques, f\u00e9brifuges, vermifuges et [&hellip;]<\/p>\n","protected":false},"featured_media":268440,"comment_status":"closed","ping_status":"open","template":"","meta":{"_angie_page":false},"product_brand":[27093],"product_cat":[16450,26860,23646,26218,25842],"product_tag":[],"class_list":{"0":"post-242368","1":"product","2":"type-product","3":"status-publish","4":"has-post-thumbnail","6":"product_brand-ancient-wisdom","7":"product_cat-aromatherapie-et-parfums-d-ambiance","8":"product_cat-herbes-aromatiques","9":"product_cat-huiles-essentielles","10":"product_cat-hysope","11":"product_cat-senteurs-aromes","12":"pa_collection-50ml-essential-oil-fr","13":"pa_made-in-croatie","14":"pa_size-50ml","16":"first","17":"instock","18":"purchasable","19":"product-type-simple"},"supplier_id":null,"supplier_sku":"PrEO-51","barcode":null,"atum_controlled":true,"out_stock_date":null,"out_stock_threshold":null,"inheritable":false,"inbound_stock":null,"stock_on_hold":0,"sold_today":0,"sales_last_days":0,"reserved_stock":null,"customer_returns":null,"warehouse_damage":null,"lost_in_post":null,"other_logs":null,"out_stock_days":0,"lost_sales":0,"has_location":null,"update_date":"2026-04-28T18:50:19","atum_locations":[],"atum_stock_status":"instock","restock_status":false,"low_stock_amount":"","sales_update_date":"2025-09-05T00:18:10","calc_backorders":null,"_links":{"self":[{"href":"https:\/\/aromasentia.com\/fr\/wp-json\/wp\/v2\/product\/242368","targetHints":{"allow":["GET"]}}],"collection":[{"href":"https:\/\/aromasentia.com\/fr\/wp-json\/wp\/v2\/product"}],"about":[{"href":"https:\/\/aromasentia.com\/fr\/wp-json\/wp\/v2\/types\/product"}],"replies":[{"embeddable":true,"href":"https:\/\/aromasentia.com\/fr\/wp-json\/wp\/v2\/comments?post=242368"}],"version-history":[{"count":0,"href":"https:\/\/aromasentia.com\/fr\/wp-json\/wp\/v2\/product\/242368\/revisions"}],"wp:featuredmedia":[{"embeddable":true,"href":"https:\/\/aromasentia.com\/fr\/wp-json\/wp\/v2\/media\/268440"}],"wp:attachment":[{"href":"https:\/\/aromasentia.com\/fr\/wp-json\/wp\/v2\/media?parent=242368"}],"wp:term":[{"taxonomy":"product_brand","embeddable":true,"href":"https:\/\/aromasentia.com\/fr\/wp-json\/wp\/v2\/product_brand?post=242368"},{"taxonomy":"product_cat","embeddable":true,"href":"https:\/\/aromasentia.com\/fr\/wp-json\/wp\/v2\/product_cat?post=242368"},{"taxonomy":"product_tag","embeddable":true,"href":"https:\/\/aromasentia.com\/fr\/wp-json\/wp\/v2\/product_tag?post=242368"}],"curies":[{"name":"wp","href":"https:\/\/api.w.org\/{rel}","templated":true}]}}