{"id":242364,"date":"2025-03-20T15:15:26","date_gmt":"2025-03-20T15:15:26","guid":{"rendered":"https:\/\/aromasentia.com\/product\/cedarwood-virginian-50ml-essential-oil\/"},"modified":"2025-06-23T19:17:19","modified_gmt":"2025-06-23T19:17:19","slug":"cedre-de-virginie-huile-essentielle-professionnelle-50ml","status":"publish","type":"product","link":"https:\/\/aromasentia.com\/fr\/cedre-de-virginie-huile-essentielle-professionnelle-50ml\/","title":{"rendered":"C\u00e8dre de Virginie &#8211; Huile Essentielle Professionnelle 50ml"},"content":{"rendered":"<p><strong><span style=\"color: rgb(75, 80, 88);\">Le Bois de C\u00e8dre&nbsp;<\/span><\/strong>est essentiellement une plante originaire des climats froids et se trouve normalement \u00e0 haute altitude. Les bienfaits de l&rsquo;huile essentielle de bois de c\u00e8dre sur la sant\u00e9 peuvent \u00eatre attribu\u00e9s \u00e0 ses propri\u00e9t\u00e9s anti s\u00e9borrh\u00e9iques, antiseptiques, antispasmodiques, toniques, astringentes, diur\u00e9tiques, emm\u00e9nagogues, expectorantes, insecticides, s\u00e9datives et fongicides.&nbsp;<\/p>\n<p>L&rsquo;huile essentielle de bois de c\u00e8dre soulage les sympt\u00f4mes de la s\u00e9borrh\u00e9e. La s\u00e9borrh\u00e9e ou ecz\u00e9ma s\u00e9borrh\u00e9ique est une maladie redoutable caus\u00e9e par un dysfonctionnement des glandes s\u00e9bac\u00e9es. Il en r\u00e9sulte une augmentation de la production de s\u00e9bum et une infection subs\u00e9quente des cellules \u00e9pidermiques. Il a l&rsquo;air tr\u00e8s laid, car la peau, de couleur blanche ou jaune p\u00e2le, commence \u00e0 se d\u00e9coller, en particulier du cuir chevelu, des sourcils, de l&rsquo;oreille interne et partout ailleurs avec des follicules pileux.&nbsp;<\/p>\n<p>L&rsquo;huile de bois de c\u00e8dre peut \u00eatre b\u00e9n\u00e9fique pour gu\u00e9rir cette situation inflammatoire et peut r\u00e9duire cette desquamation de la peau, r\u00e9gulariser la production de s\u00e9bum et traiter l&rsquo;infection. L&rsquo;huile r\u00e9duit \u00e9galement les vilaines rougeurs et les signes \u00e9vidents de la maladie tout en les \u00e9liminant. L&rsquo;huile de bois de c\u00e8dre emp\u00eache les plaies de devenir septiques et les prot\u00e8ge des germes du t\u00e9tanos. En d\u00e9fendant l&rsquo;organisme contre les toxines, l&rsquo;huile essentielle de bois de c\u00e8dre soulage les globules blancs et le syst\u00e8me immunitaire du stress suppl\u00e9mentaire, ce qui leur permet de prot\u00e9ger les fonctions internes.&nbsp;<\/p>\n<p>L&rsquo;huile de bois de c\u00e8dre peut \u00eatre utilis\u00e9e comme tonique de sant\u00e9 g\u00e9n\u00e9ral car elle tonifie les syst\u00e8mes d&rsquo;organes et stimule le m\u00e9tabolisme. Il resserre et tonifie les muscles de la peau, de l&rsquo;estomac, du syst\u00e8me digestif et r\u00e9gule les fonctions c\u00e9r\u00e9brales. Il stimule la fonctionnalit\u00e9 des reins et du foie, ce qui am\u00e9liore encore la sant\u00e9 et le bien-\u00eatre en g\u00e9n\u00e9ral.<\/p>\n<p><strong><span style=\"color: rgb(75, 80, 88);\">Nom latin :&nbsp;<\/span><\/strong>Juniperus Virginiana&nbsp;<\/p>\n<p><strong><span style=\"color: rgb(75, 80, 88);\">Partie de la plante utilis\u00e9e : <\/span><\/strong>Bois&nbsp;<\/p>\n<p><strong><span style=\"color: rgb(75, 80, 88);\">Source :<\/span><\/strong> \u00e9tats-Unis&nbsp;<\/p>\n<p><strong><span style=\"color: rgb(75, 80, 88);\">M\u00e9thode d&rsquo;extraction :<\/span><\/strong> Distillation \u00e0 la vapeur&nbsp;<\/p>\n<p>Les fiches techniques sont disponibles, pr\u00eates \u00e0 imprimer et \u00e0 partager avec vos clients. Vous aurez besoin d&rsquo;un mot de passe pour t\u00e9l\u00e9charger le PDF que vous trouverez \u00e0 la fin de l&#8217;email de confirmation de votre commande (ATTENTION: les fiches techniques ne sont disponibles qu\u2019en anglais pour le moment).<\/p>\n<p><strong><span style=\"color: rgb(141, 186, 216);\">Les huiles essentielles mises en bouteille \u00e0 Ancient Wisdom sont utilis\u00e9es par des centaines d\u2019aromat\u00e9rapeutes et autres professionnels. Nous ne faisons pas de compromis sur la qualit\u00e9 et la puret\u00e9 des huiles essentielles.<\/span><\/strong><\/p>\n","protected":false},"excerpt":{"rendered":"<p>Le Bois de C\u00e8dre&nbsp;est essentiellement une plante originaire des climats froids et se trouve normalement \u00e0 haute altitude. Les bienfaits de l&rsquo;huile essentielle de bois de c\u00e8dre sur la sant\u00e9 peuvent \u00eatre attribu\u00e9s \u00e0 ses propri\u00e9t\u00e9s anti s\u00e9borrh\u00e9iques, antiseptiques, antispasmodiques, toniques, astringentes, diur\u00e9tiques, emm\u00e9nagogues, expectorantes, insecticides, s\u00e9datives et fongicides.&nbsp; L&rsquo;huile essentielle de bois de c\u00e8dre [&hellip;]<\/p>\n","protected":false},"featured_media":268431,"comment_status":"closed","ping_status":"open","template":"","meta":[],"product_brand":[27093],"product_cat":[16450,26895,26122,23646,25842],"product_tag":[],"class_list":{"0":"post-242364","1":"product","2":"type-product","3":"status-publish","4":"has-post-thumbnail","6":"product_brand-ancient-wisdom","7":"product_cat-aromatherapie-et-parfums-d-ambiance","8":"product_cat-boise","9":"product_cat-cedre","10":"product_cat-huiles-essentielles","11":"product_cat-senteurs-aromes","12":"pa_collection-50ml-essential-oil-fr","13":"pa_made-in-etats-unis","14":"pa_size-50ml","16":"first","17":"instock","18":"purchasable","19":"product-type-simple"},"supplier_id":null,"supplier_sku":"PrEO-50","barcode":null,"atum_controlled":true,"out_stock_date":null,"out_stock_threshold":null,"inheritable":false,"inbound_stock":null,"stock_on_hold":0,"sold_today":0,"sales_last_days":0,"reserved_stock":null,"customer_returns":null,"warehouse_damage":null,"lost_in_post":null,"other_logs":null,"out_stock_days":0,"lost_sales":0,"has_location":null,"update_date":"2026-02-04T08:22:22","atum_locations":[],"atum_stock_status":"instock","restock_status":false,"low_stock_amount":"","sales_update_date":"2025-09-05T00:18:10","calc_backorders":null,"_links":{"self":[{"href":"https:\/\/aromasentia.com\/fr\/wp-json\/wp\/v2\/product\/242364","targetHints":{"allow":["GET"]}}],"collection":[{"href":"https:\/\/aromasentia.com\/fr\/wp-json\/wp\/v2\/product"}],"about":[{"href":"https:\/\/aromasentia.com\/fr\/wp-json\/wp\/v2\/types\/product"}],"replies":[{"embeddable":true,"href":"https:\/\/aromasentia.com\/fr\/wp-json\/wp\/v2\/comments?post=242364"}],"version-history":[{"count":0,"href":"https:\/\/aromasentia.com\/fr\/wp-json\/wp\/v2\/product\/242364\/revisions"}],"wp:featuredmedia":[{"embeddable":true,"href":"https:\/\/aromasentia.com\/fr\/wp-json\/wp\/v2\/media\/268431"}],"wp:attachment":[{"href":"https:\/\/aromasentia.com\/fr\/wp-json\/wp\/v2\/media?parent=242364"}],"wp:term":[{"taxonomy":"product_brand","embeddable":true,"href":"https:\/\/aromasentia.com\/fr\/wp-json\/wp\/v2\/product_brand?post=242364"},{"taxonomy":"product_cat","embeddable":true,"href":"https:\/\/aromasentia.com\/fr\/wp-json\/wp\/v2\/product_cat?post=242364"},{"taxonomy":"product_tag","embeddable":true,"href":"https:\/\/aromasentia.com\/fr\/wp-json\/wp\/v2\/product_tag?post=242364"}],"curies":[{"name":"wp","href":"https:\/\/api.w.org\/{rel}","templated":true}]}}