{"id":242348,"date":"2025-03-20T15:15:26","date_gmt":"2025-03-20T15:15:26","guid":{"rendered":"https:\/\/aromasentia.com\/product\/coriander-seed-50ml-essential-oil\/"},"modified":"2025-06-23T19:17:17","modified_gmt":"2025-06-23T19:17:17","slug":"graines-de-coriandre-huile-essentielle-professionnelle-50ml","status":"publish","type":"product","link":"https:\/\/aromasentia.com\/fr\/graines-de-coriandre-huile-essentielle-professionnelle-50ml\/","title":{"rendered":"Graines de Coriandre &#8211; Huile Essentielle Professionnelle 50ml"},"content":{"rendered":"<p>Les bienfaits de <strong><span style=\"color: rgb(75, 80, 88);\">l&rsquo;Huile Essentielle de Coriandre<\/span><\/strong> sur la sant\u00e9 peuvent \u00eatre attribu\u00e9s \u00e0 ses propri\u00e9t\u00e9s analg\u00e9siques, aphrodisiaques, antispasmodiques, carminatives, d\u00e9puratives, d\u00e9odorantes, digestives, fongicides, lipolytiques, stimulantes et stomachiques.&nbsp;<\/p>\n<p>L&rsquo;huile essentielle de coriandre peut rendre votre vie conjugale paradisiaque. Il \u00e9veille et augmente la libido, ainsi que gu\u00e9rit l&rsquo;impuissance temporaire, la frigidit\u00e9 des hommes et des femmes, les dysfonctions \u00e9rectiles et la perte g\u00e9n\u00e9rale d&rsquo;int\u00e9r\u00eat pour le sexe. Il favorise la lipolyse, c&rsquo;est-\u00e0-dire l&rsquo;hydrolyse des lipides, qui \u00e0 son tour signifie l&rsquo;hydrolyse ou la d\u00e9composition des graisses et du cholest\u00e9rol. Plus la lipolyse est rapide, plus vite vous mincissez et perdez du poids.&nbsp;<\/p>\n<p>La coriandre soulage \u00e9galement les crampes nerveuses, les convulsions et d\u00e9tend g\u00e9n\u00e9ralement votre corps et votre esprit. Il stimule et r\u00e9chauffe \u00e9galement les syst\u00e8mes d&rsquo;organes et diverses fonctions qui se d\u00e9roulent \u00e0 l&rsquo;int\u00e9rieur du corps.&nbsp;<\/p>\n<p>Il stimule les s\u00e9cr\u00e9tions d&rsquo;hormones et d&rsquo;enzymes, la digestion, l&rsquo;excr\u00e9tion, les fonctions c\u00e9r\u00e9brales et l&rsquo;activit\u00e9 du syst\u00e8me nerveux. Il combat \u00e9galement la d\u00e9pression et stimule votre esprit.<\/p>\n<p><strong><span style=\"color: rgb(75, 80, 88);\">Nom latin :&nbsp;<\/span><\/strong>Coriandrum Sativum&nbsp;<\/p>\n<p><strong><span style=\"color: rgb(75, 80, 88);\">Partie de la plante utilis\u00e9e : <\/span><\/strong>graine&nbsp;<\/p>\n<p><strong><span style=\"color: rgb(75, 80, 88);\">Source : <\/span><\/strong>Russie&nbsp;<\/p>\n<p><strong><span style=\"color: rgb(75, 80, 88);\">M\u00e9thode d&rsquo;extraction : <\/span><\/strong>Distillation \u00e0 la vapeur&nbsp;<\/p>\n<p>Les fiches techniques sont disponibles, pr\u00eates \u00e0 imprimer et \u00e0 partager avec vos clients. Vous aurez besoin d&rsquo;un mot de passe pour t\u00e9l\u00e9charger le PDF que vous trouverez \u00e0 la fin de l&#8217;email de confirmation de votre commande (ATTENTION: les fiches techniques ne sont disponibles qu\u2019en anglais pour le moment).<\/p>\n<p><strong><span style=\"color: rgb(141, 186, 216);\">Les huiles essentielles mises en bouteille \u00e0 Ancient Wisdom sont utilis\u00e9es par des centaines d\u2019aromat\u00e9rapeutes et autres professionnels. Nous ne faisons pas de compromis sur la qualit\u00e9 et la puret\u00e9 des huiles essentielles.<\/span><\/strong><\/p>\n","protected":false},"excerpt":{"rendered":"<p>Les bienfaits de l&rsquo;Huile Essentielle de Coriandre sur la sant\u00e9 peuvent \u00eatre attribu\u00e9s \u00e0 ses propri\u00e9t\u00e9s analg\u00e9siques, aphrodisiaques, antispasmodiques, carminatives, d\u00e9puratives, d\u00e9odorantes, digestives, fongicides, lipolytiques, stimulantes et stomachiques.&nbsp; L&rsquo;huile essentielle de coriandre peut rendre votre vie conjugale paradisiaque. Il \u00e9veille et augmente la libido, ainsi que gu\u00e9rit l&rsquo;impuissance temporaire, la frigidit\u00e9 des hommes et des [&hellip;]<\/p>\n","protected":false},"featured_media":268395,"comment_status":"closed","ping_status":"open","template":"","meta":{"_angie_page":false},"product_brand":[27093],"product_cat":[16450,26888,26151,23646,25842],"product_tag":[],"class_list":{"0":"post-242348","1":"product","2":"type-product","3":"status-publish","4":"has-post-thumbnail","6":"product_brand-ancient-wisdom","7":"product_cat-aromatherapie-et-parfums-d-ambiance","8":"product_cat-epice","9":"product_cat-graine-de-coriandre","10":"product_cat-huiles-essentielles","11":"product_cat-senteurs-aromes","12":"pa_collection-50ml-essential-oil-fr","13":"pa_made-in-hongrie","14":"pa_size-50ml","16":"first","17":"instock","18":"purchasable","19":"product-type-simple"},"supplier_id":null,"supplier_sku":"PrEO-42","barcode":null,"atum_controlled":true,"out_stock_date":null,"out_stock_threshold":null,"inheritable":false,"inbound_stock":null,"stock_on_hold":0,"sold_today":0,"sales_last_days":0,"reserved_stock":null,"customer_returns":null,"warehouse_damage":null,"lost_in_post":null,"other_logs":null,"out_stock_days":0,"lost_sales":0,"has_location":null,"update_date":"2026-04-27T07:18:26","atum_locations":[],"atum_stock_status":"instock","restock_status":false,"low_stock_amount":"","sales_update_date":"2026-01-30T01:25:00","calc_backorders":null,"_links":{"self":[{"href":"https:\/\/aromasentia.com\/fr\/wp-json\/wp\/v2\/product\/242348","targetHints":{"allow":["GET"]}}],"collection":[{"href":"https:\/\/aromasentia.com\/fr\/wp-json\/wp\/v2\/product"}],"about":[{"href":"https:\/\/aromasentia.com\/fr\/wp-json\/wp\/v2\/types\/product"}],"replies":[{"embeddable":true,"href":"https:\/\/aromasentia.com\/fr\/wp-json\/wp\/v2\/comments?post=242348"}],"version-history":[{"count":0,"href":"https:\/\/aromasentia.com\/fr\/wp-json\/wp\/v2\/product\/242348\/revisions"}],"wp:featuredmedia":[{"embeddable":true,"href":"https:\/\/aromasentia.com\/fr\/wp-json\/wp\/v2\/media\/268395"}],"wp:attachment":[{"href":"https:\/\/aromasentia.com\/fr\/wp-json\/wp\/v2\/media?parent=242348"}],"wp:term":[{"taxonomy":"product_brand","embeddable":true,"href":"https:\/\/aromasentia.com\/fr\/wp-json\/wp\/v2\/product_brand?post=242348"},{"taxonomy":"product_cat","embeddable":true,"href":"https:\/\/aromasentia.com\/fr\/wp-json\/wp\/v2\/product_cat?post=242348"},{"taxonomy":"product_tag","embeddable":true,"href":"https:\/\/aromasentia.com\/fr\/wp-json\/wp\/v2\/product_tag?post=242348"}],"curies":[{"name":"wp","href":"https:\/\/api.w.org\/{rel}","templated":true}]}}