{"id":242340,"date":"2025-03-20T15:15:45","date_gmt":"2025-03-20T15:15:45","guid":{"rendered":"https:\/\/aromasentia.com\/product\/rose-geranium-50ml-essential-oil\/"},"modified":"2025-06-23T19:17:16","modified_gmt":"2025-06-23T19:17:16","slug":"rose-geranium-huile-essentielle-professionnelle-50ml","status":"publish","type":"product","link":"https:\/\/aromasentia.com\/fr\/rose-geranium-huile-essentielle-professionnelle-50ml\/","title":{"rendered":"Rose G\u00e9ranium &#8211; Huile Essentielle Professionnelle 50ml"},"content":{"rendered":"<p><strong><span style=\"color: rgb(75, 80, 88);\">L&rsquo;huile essentielle de G\u00e9ranium Rose<\/span><\/strong> est un ingr\u00e9dient actif de certains produits cosm\u00e9tiques, comme les lotions et les parfums. Une revue d&rsquo;\u00e9tudes de 2017 a d\u00e9montr\u00e9 que les propri\u00e9t\u00e9s antioxydantes de l&rsquo;huile de g\u00e9ranium rosat peuvent aider \u00e0 r\u00e9duire les signes du vieillissement.&nbsp;<\/p>\n<p>Les antioxydants sont bien \u00e9tablis en tant qu&rsquo;agents naturels pour am\u00e9liorer la capacit\u00e9 de votre peau \u00e0 se gu\u00e9rir des toxines environnementales et de l&rsquo;exposition. L&rsquo;huile de g\u00e9ranium rosat poss\u00e8de de fortes propri\u00e9t\u00e9s antimicrobiennes, antifongiques et antivirales.<\/p>\n<p><strong><span style=\"color: rgb(75, 80, 88);\">Nom latin : <\/span><\/strong>Pelargonium Graveolens &amp; P\/Rosa Egypte M\u00e9lange d&rsquo;huiles essentielles<\/p>\n<p>Les fiches techniques sont disponibles, pr\u00eates \u00e0 imprimer et \u00e0 partager avec vos clients. Vous aurez besoin d&rsquo;un mot de passe pour t\u00e9l\u00e9charger le PDF que vous trouverez \u00e0 la fin de l&#8217;email de confirmation de votre commande (ATTENTION: les fiches techniques ne sont disponibles qu\u2019en anglais pour le moment).<\/p>\n<p><strong><span style=\"color: rgb(141, 186, 216);\">Les huiles essentielles mises en bouteille \u00e0 Ancient Wisdom sont utilis\u00e9es par des centaines d\u2019aromat\u00e9rapeutes et autres professionnels. Nous ne faisons pas de compromis sur la qualit\u00e9 et la puret\u00e9 des huiles essentielles.<\/span><\/strong><\/p>\n","protected":false},"excerpt":{"rendered":"<p>L&rsquo;huile essentielle de G\u00e9ranium Rose est un ingr\u00e9dient actif de certains produits cosm\u00e9tiques, comme les lotions et les parfums. Une revue d&rsquo;\u00e9tudes de 2017 a d\u00e9montr\u00e9 que les propri\u00e9t\u00e9s antioxydantes de l&rsquo;huile de g\u00e9ranium rosat peuvent aider \u00e0 r\u00e9duire les signes du vieillissement.&nbsp; Les antioxydants sont bien \u00e9tablis en tant qu&rsquo;agents naturels pour am\u00e9liorer la [&hellip;]<\/p>\n","protected":false},"featured_media":268611,"comment_status":"closed","ping_status":"open","template":"","meta":{"_angie_page":false},"product_brand":[27093],"product_cat":[16450,26832,26188,23646,26369,25842],"product_tag":[],"class_list":{"0":"post-242340","1":"product","2":"type-product","3":"status-publish","4":"has-post-thumbnail","6":"product_brand-ancient-wisdom","7":"product_cat-aromatherapie-et-parfums-d-ambiance","8":"product_cat-floral","9":"product_cat-geranium","10":"product_cat-huiles-essentielles","11":"product_cat-rose","12":"product_cat-senteurs-aromes","13":"pa_collection-50ml-essential-oil-fr","14":"pa_made-in-la-reunion","15":"pa_size-50ml","17":"first","18":"instock","19":"purchasable","20":"product-type-simple"},"supplier_id":null,"supplier_sku":"PrEO-75","barcode":null,"atum_controlled":true,"out_stock_date":null,"out_stock_threshold":null,"inheritable":false,"inbound_stock":null,"stock_on_hold":0,"sold_today":0,"sales_last_days":0,"reserved_stock":null,"customer_returns":null,"warehouse_damage":null,"lost_in_post":null,"other_logs":null,"out_stock_days":0,"lost_sales":0,"has_location":null,"update_date":"2026-04-27T07:18:30","atum_locations":[],"atum_stock_status":"instock","restock_status":false,"low_stock_amount":"","sales_update_date":"2026-01-30T01:26:40","calc_backorders":null,"_links":{"self":[{"href":"https:\/\/aromasentia.com\/fr\/wp-json\/wp\/v2\/product\/242340","targetHints":{"allow":["GET"]}}],"collection":[{"href":"https:\/\/aromasentia.com\/fr\/wp-json\/wp\/v2\/product"}],"about":[{"href":"https:\/\/aromasentia.com\/fr\/wp-json\/wp\/v2\/types\/product"}],"replies":[{"embeddable":true,"href":"https:\/\/aromasentia.com\/fr\/wp-json\/wp\/v2\/comments?post=242340"}],"version-history":[{"count":0,"href":"https:\/\/aromasentia.com\/fr\/wp-json\/wp\/v2\/product\/242340\/revisions"}],"wp:featuredmedia":[{"embeddable":true,"href":"https:\/\/aromasentia.com\/fr\/wp-json\/wp\/v2\/media\/268611"}],"wp:attachment":[{"href":"https:\/\/aromasentia.com\/fr\/wp-json\/wp\/v2\/media?parent=242340"}],"wp:term":[{"taxonomy":"product_brand","embeddable":true,"href":"https:\/\/aromasentia.com\/fr\/wp-json\/wp\/v2\/product_brand?post=242340"},{"taxonomy":"product_cat","embeddable":true,"href":"https:\/\/aromasentia.com\/fr\/wp-json\/wp\/v2\/product_cat?post=242340"},{"taxonomy":"product_tag","embeddable":true,"href":"https:\/\/aromasentia.com\/fr\/wp-json\/wp\/v2\/product_tag?post=242340"}],"curies":[{"name":"wp","href":"https:\/\/api.w.org\/{rel}","templated":true}]}}