{"id":242324,"date":"2025-03-20T15:15:45","date_gmt":"2025-03-20T15:15:45","guid":{"rendered":"https:\/\/aromasentia.com\/product\/ho-wood-50ml-essential-oil\/"},"modified":"2025-06-23T19:16:40","modified_gmt":"2025-06-23T19:16:40","slug":"camphrier-du-japon-huile-essentielle-professionnelle-50ml","status":"publish","type":"product","link":"https:\/\/aromasentia.com\/fr\/camphrier-du-japon-huile-essentielle-professionnelle-50ml\/","title":{"rendered":"Camphrier du Japon &#8211; Huile Essentielle Professionnelle 50ml"},"content":{"rendered":"<p><strong><span style=\"color: rgb(75, 80, 88);\">Camphrier du Japon&nbsp;<\/span><\/strong>est l&rsquo;une des sources les plus puissantes de linalol naturel que l&rsquo;on trouve dans toutes les huiles essentielles distill\u00e9es \u00e0 la vapeur.&nbsp;<\/p>\n<p>Aromatiquement, l&rsquo;Huile Essentielle Camphrier du Japon est une huile de bois magnifiquement parfum\u00e9e. Sur le plan \u00e9motionnel, compte tenu de sa teneur en linalol, l&rsquo;Huile Essentielle de Bois de H\u00f4 est une huile \u00ab\u00a0apaisante\u00a0\u00bb. Il est apaisant et constitue un bon choix lorsque vous avez besoin de vous d\u00e9tendre ou de vous d\u00e9tendre.&nbsp;<\/p>\n<p>La grande quantit\u00e9 de linalol naturel dans l&rsquo;huile de bois de Ho pr\u00e9sente de nombreux avantages en aromath\u00e9rapie, tels qu&rsquo;une aide contre l&rsquo;insomnie, un antid\u00e9presseur, un stimulant immunitaire et aide \u00e0 g\u00e9n\u00e9rer de nouvelles croissances cellulaires.&nbsp;<\/p>\n<p>Cela rend Camphrier du Japon particuli\u00e8rement int\u00e9ressant pour les m\u00e9langes de soins anti-\u00e2ge et pour les peaux matures. Son ar\u00f4me est particuli\u00e8rement agr\u00e9able et apaisant lorsqu&rsquo;il est diffus\u00e9 pour l&rsquo;insomnie.<\/p>\n<p><strong><span style=\"color: rgb(75, 80, 88);\">Nom latin :<\/span><\/strong> Cinnamomum Camphora Var. Glavescens&nbsp;<\/p>\n<p><strong><span style=\"color: rgb(75, 80, 88);\">Partie de la plante utilis\u00e9e :<\/span><\/strong> Bois&nbsp;<\/p>\n<p><strong><span style=\"color: rgb(75, 80, 88);\">Source :<\/span><\/strong> Chine&nbsp;<\/p>\n<p><strong><span style=\"color: rgb(75, 80, 88);\">M\u00e9thode d&rsquo;extraction :<\/span><\/strong> Distillation \u00e0 la vapeur&nbsp;<\/p>\n<p>Les fiches techniques sont disponibles, pr\u00eates \u00e0 imprimer et \u00e0 partager avec vos clients. Vous aurez besoin d&rsquo;un mot de passe pour t\u00e9l\u00e9charger le PDF que vous trouverez \u00e0 la fin de l&#8217;email de confirmation de votre commande (ATTENTION: les fiches techniques ne sont disponibles qu\u2019en anglais pour le moment).<\/p>\n<p><strong><span style=\"color: rgb(141, 186, 216);\">Les huiles essentielles mises en bouteille \u00e0 Ancient Wisdom sont utilis\u00e9es par des centaines d\u2019aromat\u00e9rapeutes et autres professionnels. Nous ne faisons pas de compromis sur la qualit\u00e9 et la puret\u00e9 des huiles essentielles.<\/span><\/strong><\/p>\n","protected":false},"excerpt":{"rendered":"<p>Camphrier du Japon&nbsp;est l&rsquo;une des sources les plus puissantes de linalol naturel que l&rsquo;on trouve dans toutes les huiles essentielles distill\u00e9es \u00e0 la vapeur.&nbsp; Aromatiquement, l&rsquo;Huile Essentielle Camphrier du Japon est une huile de bois magnifiquement parfum\u00e9e. Sur le plan \u00e9motionnel, compte tenu de sa teneur en linalol, l&rsquo;Huile Essentielle de Bois de H\u00f4 est [&hellip;]<\/p>\n","protected":false},"featured_media":268575,"comment_status":"closed","ping_status":"open","template":"","meta":{"_angie_page":false},"product_brand":[27093],"product_cat":[16450,26215,26895,23646,25842],"product_tag":[],"class_list":{"0":"post-242324","1":"product","2":"type-product","3":"status-publish","4":"has-post-thumbnail","6":"product_brand-ancient-wisdom","7":"product_cat-aromatherapie-et-parfums-d-ambiance","8":"product_cat-bois-de-ho","9":"product_cat-boise","10":"product_cat-huiles-essentielles","11":"product_cat-senteurs-aromes","12":"pa_collection-50ml-essential-oil-fr","13":"pa_made-in-chine","14":"pa_size-50ml","16":"first","17":"instock","18":"purchasable","19":"product-type-simple"},"supplier_id":null,"supplier_sku":"PrEO-71","barcode":null,"atum_controlled":true,"out_stock_date":null,"out_stock_threshold":null,"inheritable":false,"inbound_stock":null,"stock_on_hold":0,"sold_today":0,"sales_last_days":0,"reserved_stock":null,"customer_returns":null,"warehouse_damage":null,"lost_in_post":null,"other_logs":null,"out_stock_days":0,"lost_sales":0,"has_location":null,"update_date":"2026-05-04T00:04:57","atum_locations":[],"atum_stock_status":"instock","restock_status":false,"low_stock_amount":"","sales_update_date":"2025-09-05T00:18:15","calc_backorders":null,"_links":{"self":[{"href":"https:\/\/aromasentia.com\/fr\/wp-json\/wp\/v2\/product\/242324","targetHints":{"allow":["GET"]}}],"collection":[{"href":"https:\/\/aromasentia.com\/fr\/wp-json\/wp\/v2\/product"}],"about":[{"href":"https:\/\/aromasentia.com\/fr\/wp-json\/wp\/v2\/types\/product"}],"replies":[{"embeddable":true,"href":"https:\/\/aromasentia.com\/fr\/wp-json\/wp\/v2\/comments?post=242324"}],"version-history":[{"count":0,"href":"https:\/\/aromasentia.com\/fr\/wp-json\/wp\/v2\/product\/242324\/revisions"}],"wp:featuredmedia":[{"embeddable":true,"href":"https:\/\/aromasentia.com\/fr\/wp-json\/wp\/v2\/media\/268575"}],"wp:attachment":[{"href":"https:\/\/aromasentia.com\/fr\/wp-json\/wp\/v2\/media?parent=242324"}],"wp:term":[{"taxonomy":"product_brand","embeddable":true,"href":"https:\/\/aromasentia.com\/fr\/wp-json\/wp\/v2\/product_brand?post=242324"},{"taxonomy":"product_cat","embeddable":true,"href":"https:\/\/aromasentia.com\/fr\/wp-json\/wp\/v2\/product_cat?post=242324"},{"taxonomy":"product_tag","embeddable":true,"href":"https:\/\/aromasentia.com\/fr\/wp-json\/wp\/v2\/product_tag?post=242324"}],"curies":[{"name":"wp","href":"https:\/\/api.w.org\/{rel}","templated":true}]}}