{"id":242320,"date":"2025-03-20T15:15:45","date_gmt":"2025-03-20T15:15:45","guid":{"rendered":"https:\/\/aromasentia.com\/product\/spruce-50ml-essential-oil\/"},"modified":"2025-06-23T19:16:40","modified_gmt":"2025-06-23T19:16:40","slug":"pruche-huile-essentielle-professionnelle-50ml","status":"publish","type":"product","link":"https:\/\/aromasentia.com\/fr\/pruche-huile-essentielle-professionnelle-50ml\/","title":{"rendered":"Pruche &#8211; Huile Essentielle Professionnelle 50ml"},"content":{"rendered":"<p><strong><span style=\"color: rgb(75, 80, 88);\">L&rsquo;huile essentielle de Pruche<\/span><\/strong> \u00e0 l&rsquo;odeur terreuse, qui est fabriqu\u00e9e \u00e0 partir d&rsquo;aiguilles et de brindilles d&rsquo;\u00e9pinettes, peut \u00eatre combin\u00e9e avec d&rsquo;autres huiles essentielles notables pour aider \u00e0 favoriser la gu\u00e9rison des douleurs musculaires, des entorses et des foulures.&nbsp;<\/p>\n<p>L&rsquo;huile de Pruche poss\u00e8de de puissantes propri\u00e9t\u00e9s antibact\u00e9riennes, anti-infectieuses, anticanc\u00e9reuses, anti-inflammatoires, antispasmodiques, antivirales, antiseptiques, d\u00e9sinfectantes, expectorantes et stimulantes. Il fait des merveilles pour les affections respiratoires, la cicatrisation des plaies, les infections virales, l&rsquo;arthrite, les rhumatismes et d&rsquo;autres formes de douleurs musculaires.&nbsp;<\/p>\n<p>L&rsquo;huile de Pruche est fr\u00e9quemment ajout\u00e9e dans les formules de savon, de d\u00e9sodorisants et de nettoyants m\u00e9nagers pour donner son parfum frais et agir comme agent d\u00e9sinfectant. En raison de son agr\u00e9able parfum terreux, de ses effets calmants et de sa capacit\u00e9 \u00e0 soulager l&rsquo;anxi\u00e9t\u00e9 et le stress.<\/p>\n<p><strong><span style=\"color: rgb(75, 80, 88);\">Nom latin :&nbsp;<\/span><\/strong>Tsuga Canadensis&nbsp;<\/p>\n<p><strong><span style=\"color: rgb(75, 80, 88);\">Partie de la plante utilis\u00e9e :<\/span><\/strong> aiguilles et brindilles&nbsp;<\/p>\n<p><strong><span style=\"color: rgb(75, 80, 88);\">Source :&nbsp;<\/span><\/strong>\u00e9tats-Unis&nbsp;<\/p>\n<p><strong><span style=\"color: rgb(75, 80, 88);\">M\u00e9thode d&rsquo;extraction :<\/span><\/strong> Distillation \u00e0 la vapeur&nbsp;<\/p>\n<p>Les fiches techniques sont disponibles, pr\u00eates \u00e0 imprimer et \u00e0 partager avec vos clients. Vous aurez besoin d&rsquo;un mot de passe pour t\u00e9l\u00e9charger le PDF que vous trouverez \u00e0 la fin de l&#8217;email de confirmation de votre commande (ATTENTION: les fiches techniques ne sont disponibles qu\u2019en anglais pour le moment).<\/p>\n<p><strong><span style=\"color: rgb(141, 186, 216);\">Les huiles essentielles mises en bouteille \u00e0 Ancient Wisdom sont utilis\u00e9es par des centaines d\u2019aromat\u00e9rapeutes et autres professionnels. Nous ne faisons pas de compromis sur la qualit\u00e9 et la puret\u00e9 des huiles essentielles<\/span><\/strong>.<\/p>\n","protected":false},"excerpt":{"rendered":"<p>L&rsquo;huile essentielle de Pruche \u00e0 l&rsquo;odeur terreuse, qui est fabriqu\u00e9e \u00e0 partir d&rsquo;aiguilles et de brindilles d&rsquo;\u00e9pinettes, peut \u00eatre combin\u00e9e avec d&rsquo;autres huiles essentielles notables pour aider \u00e0 favoriser la gu\u00e9rison des douleurs musculaires, des entorses et des foulures.&nbsp; L&rsquo;huile de Pruche poss\u00e8de de puissantes propri\u00e9t\u00e9s antibact\u00e9riennes, anti-infectieuses, anticanc\u00e9reuses, anti-inflammatoires, antispasmodiques, antivirales, antiseptiques, d\u00e9sinfectantes, expectorantes [&hellip;]<\/p>\n","protected":false},"featured_media":268566,"comment_status":"closed","ping_status":"open","template":"","meta":{"_angie_page":false},"product_brand":[27093],"product_cat":[16450,26895,26396,23646,25842],"product_tag":[],"class_list":{"0":"post-242320","1":"product","2":"type-product","3":"status-publish","4":"has-post-thumbnail","6":"product_brand-ancient-wisdom","7":"product_cat-aromatherapie-et-parfums-d-ambiance","8":"product_cat-boise","9":"product_cat-epinette","10":"product_cat-huiles-essentielles","11":"product_cat-senteurs-aromes","12":"pa_collection-50ml-essential-oil-fr","13":"pa_made-in-australie","14":"pa_size-50ml","16":"first","17":"instock","18":"purchasable","19":"product-type-simple"},"supplier_id":null,"supplier_sku":"PrEO-68","barcode":null,"atum_controlled":true,"out_stock_date":null,"out_stock_threshold":null,"inheritable":false,"inbound_stock":null,"stock_on_hold":0,"sold_today":0,"sales_last_days":0,"reserved_stock":null,"customer_returns":null,"warehouse_damage":null,"lost_in_post":null,"other_logs":null,"out_stock_days":0,"lost_sales":0,"has_location":null,"update_date":"2026-04-27T07:18:30","atum_locations":[],"atum_stock_status":"instock","restock_status":false,"low_stock_amount":"","sales_update_date":"2025-09-05T00:18:15","calc_backorders":null,"_links":{"self":[{"href":"https:\/\/aromasentia.com\/fr\/wp-json\/wp\/v2\/product\/242320","targetHints":{"allow":["GET"]}}],"collection":[{"href":"https:\/\/aromasentia.com\/fr\/wp-json\/wp\/v2\/product"}],"about":[{"href":"https:\/\/aromasentia.com\/fr\/wp-json\/wp\/v2\/types\/product"}],"replies":[{"embeddable":true,"href":"https:\/\/aromasentia.com\/fr\/wp-json\/wp\/v2\/comments?post=242320"}],"version-history":[{"count":0,"href":"https:\/\/aromasentia.com\/fr\/wp-json\/wp\/v2\/product\/242320\/revisions"}],"wp:featuredmedia":[{"embeddable":true,"href":"https:\/\/aromasentia.com\/fr\/wp-json\/wp\/v2\/media\/268566"}],"wp:attachment":[{"href":"https:\/\/aromasentia.com\/fr\/wp-json\/wp\/v2\/media?parent=242320"}],"wp:term":[{"taxonomy":"product_brand","embeddable":true,"href":"https:\/\/aromasentia.com\/fr\/wp-json\/wp\/v2\/product_brand?post=242320"},{"taxonomy":"product_cat","embeddable":true,"href":"https:\/\/aromasentia.com\/fr\/wp-json\/wp\/v2\/product_cat?post=242320"},{"taxonomy":"product_tag","embeddable":true,"href":"https:\/\/aromasentia.com\/fr\/wp-json\/wp\/v2\/product_tag?post=242320"}],"curies":[{"name":"wp","href":"https:\/\/api.w.org\/{rel}","templated":true}]}}