{"id":242316,"date":"2025-03-20T15:15:45","date_gmt":"2025-03-20T15:15:45","guid":{"rendered":"https:\/\/aromasentia.com\/product\/cumin-seed-50ml-essential-oil\/"},"modified":"2025-06-23T19:16:39","modified_gmt":"2025-06-23T19:16:39","slug":"graines-de-cumin-huile-essentielle-professionnelle-50ml","status":"publish","type":"product","link":"https:\/\/aromasentia.com\/fr\/graines-de-cumin-huile-essentielle-professionnelle-50ml\/","title":{"rendered":"Graines de Cumin &#8211; Huile Essentielle Professionnelle 50ml"},"content":{"rendered":"<p><strong><span style=\"color: rgb(75, 80, 88);\">L&rsquo;huile essentielle de Cumin&nbsp;<\/span><\/strong>est extraite de ses graines s\u00e9ch\u00e9es et broy\u00e9es par un processus de distillation \u00e0 la vapeur. Le cumin est tr\u00e8s populaire comme \u00e9pice partout dans le monde, et il n&rsquo;a gu\u00e8re besoin d&rsquo;\u00eatre pr\u00e9sent\u00e9.&nbsp;<\/p>\n<p>L&rsquo;Huile Essentielle de Cumin poss\u00e8de de fortes propri\u00e9t\u00e9s antimicrobiennes et antibact\u00e9riennes. Il s&rsquo;est av\u00e9r\u00e9 tr\u00e8s efficace contre les bact\u00e9ries telles que les micro-organismes comme E. coli., S. aureus, S. faecalis. &nbsp;&nbsp;<\/p>\n<p>Peut traiter les infections bact\u00e9riennes internes comme celles du c\u00f4lon, de l&rsquo;estomac, des intestins et des voies urinaires, ainsi que les infections externes de la peau.<\/p>\n<p><strong><span style=\"color: rgb(75, 80, 88);\">Nom latin :&nbsp;<\/span><\/strong>Cuminum Cyminum&nbsp;<\/p>\n<p><strong><span style=\"color: rgb(75, 80, 88);\">Partie de la plante utilis\u00e9e :<\/span><\/strong> graines&nbsp;<\/p>\n<p><strong><span style=\"color: rgb(75, 80, 88);\">Source : <\/span><\/strong>Egypte&nbsp;<\/p>\n<p><strong><span style=\"color: rgb(75, 80, 88);\">M\u00e9thode d&rsquo;extraction : <\/span><\/strong>Distillation \u00e0 la vapeur <\/p>\n<p>Les fiches techniques sont disponibles, pr\u00eates \u00e0 imprimer et \u00e0 partager avec vos clients. Vous aurez besoin d&rsquo;un mot de passe pour t\u00e9l\u00e9charger le PDF que vous trouverez \u00e0 la fin de l&#8217;email de confirmation de votre commande (ATTENTION: les fiches techniques ne sont disponibles qu\u2019en anglais pour le moment).<\/p>\n<p><strong><span style=\"color: rgb(141, 186, 216);\">Les huiles essentielles mises en bouteille \u00e0 Ancient Wisdom sont utilis\u00e9es par des centaines d\u2019aromat\u00e9rapeutes et autres professionnels. Nous ne faisons pas de compromis sur la qualit\u00e9 et la puret\u00e9 des huiles essentielles.<\/span><\/strong><\/p>\n","protected":false},"excerpt":{"rendered":"<p>L&rsquo;huile essentielle de Cumin&nbsp;est extraite de ses graines s\u00e9ch\u00e9es et broy\u00e9es par un processus de distillation \u00e0 la vapeur. Le cumin est tr\u00e8s populaire comme \u00e9pice partout dans le monde, et il n&rsquo;a gu\u00e8re besoin d&rsquo;\u00eatre pr\u00e9sent\u00e9.&nbsp; L&rsquo;Huile Essentielle de Cumin poss\u00e8de de fortes propri\u00e9t\u00e9s antimicrobiennes et antibact\u00e9riennes. Il s&rsquo;est av\u00e9r\u00e9 tr\u00e8s efficace contre les [&hellip;]<\/p>\n","protected":false},"featured_media":268557,"comment_status":"closed","ping_status":"open","template":"","meta":{"_angie_page":false},"product_brand":[27093],"product_cat":[16450,26888,26163,23646,25842],"product_tag":[],"class_list":{"0":"post-242316","1":"product","2":"type-product","3":"status-publish","4":"has-post-thumbnail","6":"product_brand-ancient-wisdom","7":"product_cat-aromatherapie-et-parfums-d-ambiance","8":"product_cat-epice","9":"product_cat-graine-de-cumin","10":"product_cat-huiles-essentielles","11":"product_cat-senteurs-aromes","12":"pa_collection-50ml-essential-oil-fr","13":"pa_made-in-egypte","14":"pa_size-50ml","16":"first","17":"instock","18":"purchasable","19":"product-type-simple"},"supplier_id":null,"supplier_sku":"PrEO-66","barcode":null,"atum_controlled":true,"out_stock_date":null,"out_stock_threshold":null,"inheritable":false,"inbound_stock":null,"stock_on_hold":0,"sold_today":0,"sales_last_days":0,"reserved_stock":null,"customer_returns":null,"warehouse_damage":null,"lost_in_post":null,"other_logs":null,"out_stock_days":0,"lost_sales":0,"has_location":null,"update_date":"2026-05-08T05:16:52","atum_locations":[],"atum_stock_status":"instock","restock_status":false,"low_stock_amount":"","sales_update_date":"2026-01-30T01:25:53","calc_backorders":null,"_links":{"self":[{"href":"https:\/\/aromasentia.com\/fr\/wp-json\/wp\/v2\/product\/242316","targetHints":{"allow":["GET"]}}],"collection":[{"href":"https:\/\/aromasentia.com\/fr\/wp-json\/wp\/v2\/product"}],"about":[{"href":"https:\/\/aromasentia.com\/fr\/wp-json\/wp\/v2\/types\/product"}],"replies":[{"embeddable":true,"href":"https:\/\/aromasentia.com\/fr\/wp-json\/wp\/v2\/comments?post=242316"}],"version-history":[{"count":0,"href":"https:\/\/aromasentia.com\/fr\/wp-json\/wp\/v2\/product\/242316\/revisions"}],"wp:featuredmedia":[{"embeddable":true,"href":"https:\/\/aromasentia.com\/fr\/wp-json\/wp\/v2\/media\/268557"}],"wp:attachment":[{"href":"https:\/\/aromasentia.com\/fr\/wp-json\/wp\/v2\/media?parent=242316"}],"wp:term":[{"taxonomy":"product_brand","embeddable":true,"href":"https:\/\/aromasentia.com\/fr\/wp-json\/wp\/v2\/product_brand?post=242316"},{"taxonomy":"product_cat","embeddable":true,"href":"https:\/\/aromasentia.com\/fr\/wp-json\/wp\/v2\/product_cat?post=242316"},{"taxonomy":"product_tag","embeddable":true,"href":"https:\/\/aromasentia.com\/fr\/wp-json\/wp\/v2\/product_tag?post=242316"}],"curies":[{"name":"wp","href":"https:\/\/api.w.org\/{rel}","templated":true}]}}