{"id":242312,"date":"2025-03-20T15:15:45","date_gmt":"2025-03-20T15:15:45","guid":{"rendered":"https:\/\/aromasentia.com\/product\/frankincense-pure-50ml-essential-oil\/"},"modified":"2025-06-23T19:16:39","modified_gmt":"2025-06-23T19:16:39","slug":"encens-pure-huile-essentielle-professionnelle-50ml","status":"publish","type":"product","link":"https:\/\/aromasentia.com\/fr\/encens-pure-huile-essentielle-professionnelle-50ml\/","title":{"rendered":"Encens (Pure) &#8211; Huile Essentielle Professionnelle 50ml"},"content":{"rendered":"<p><strong><span style=\"color: rgb(75, 80, 88);\">L&rsquo;huile essentielle d&rsquo;Encens&nbsp;<\/span><\/strong>est distill\u00e9e \u00e0 la vapeur \u00e0 partir de la r\u00e9sine de l&rsquo;arbre Boswellia carterii, de la famille des Burs\u00e9rac\u00e9es, et est \u00e9galement connue sous le nom d&rsquo;Oliban. Le mot est d\u00e9riv\u00e9 du franc fran&ccedil;ais signifiant luxuriant et a \u00e9t\u00e9, avec la myrrhe, la premi\u00e8re gomme \u00e0 \u00eatre utilis\u00e9e comme encens. L&rsquo;arbre est indig\u00e8ne au Moyen-Orient et on dit qu&rsquo;il existe en formation naturelle de bonsa&iuml; dans cette terre aride.&nbsp;<\/p>\n<p>On dit que l&rsquo;encens symbolise la divinit\u00e9. Cette huile est la plus appr\u00e9ci\u00e9e en aromath\u00e9rapie pour ses propri\u00e9t\u00e9s calmantes. On dit qu&rsquo;il aide \u00e0 gu\u00e9rir les blessures et \u00e0 pr\u00e9venir les cicatrices. Il est utilis\u00e9 pour tonifier le visage, \u00e9liminer les rides et \u00e9viter les vergetures dans les produits cosm\u00e9tiques. L&rsquo;huile essentielle d&rsquo;encens a \u00e9t\u00e9 utilis\u00e9e pour soulager l&rsquo;anxi\u00e9t\u00e9, le stress, l&rsquo;asthme, la bronchite, la laryngite et la mauvaise toux.&nbsp;<\/p>\n<p>C&rsquo;est un tonique g\u00e9n\u00e9ral de l&rsquo;ut\u00e9rus, il a un effet calmant pendant le travail et aide \u00e0 soulager les menstruations abondantes. Il est tr\u00e8s utile pendant la m\u00e9ditation. A \u00e9viter pendant la grossesse. Les anciens \u00e9gyptiens br\u00fblaient l&rsquo;encens comme encens sacr\u00e9 et l&rsquo;utilisaient comme masque facial. Ils ont broy\u00e9 la r\u00e9sine br\u00fbl\u00e9e en une poudre appel\u00e9e kh\u00f4l, utilis\u00e9e pour mettre en valeur les yeux.&nbsp;<\/p>\n<p>Les yeux bord\u00e9s de kh\u00f4l sont couramment observ\u00e9s dans l&rsquo;art \u00e9gyptien. Le premier enregistrement de l&rsquo;utilisation de l&rsquo;encens a \u00e9t\u00e9 trouv\u00e9 dans une inscription fun\u00e9raire de la reine \u00e9gyptienne Hatchepsout du 15\u00e8me si\u00e8cle avant JC. Il servait \u00e0 fumiger les malades, \u00e0 bannir les mauvais esprits.<\/p>\n<p><strong><span style=\"color: rgb(75, 80, 88);\">Nom latin :<\/span><\/strong> Boswellia Carterii&nbsp;<\/p>\n<p><strong><span style=\"color: rgb(75, 80, 88);\">Partie de la plante utilis\u00e9e :<\/span><\/strong> R\u00e9sine&nbsp;<\/p>\n<p><strong><span style=\"color: rgb(75, 80, 88);\">Source :<\/span><\/strong> Somalie&nbsp;<\/p>\n<p><strong><span style=\"color: rgb(75, 80, 88);\">M\u00e9thode d&rsquo;extraction :<\/span><\/strong> Distillation \u00e0 la vapeur&nbsp;<\/p>\n<p>Les fiches techniques sont disponibles, pr\u00eates \u00e0 imprimer et \u00e0 partager avec vos clients. Vous aurez besoin d&rsquo;un mot de passe pour t\u00e9l\u00e9charger le PDF que vous trouverez \u00e0 la fin de l&#8217;email de confirmation de votre commande (ATTENTION: les fiches techniques ne sont disponibles qu\u2019en anglais pour le moment).<\/p>\n<p><strong><span style=\"color: rgb(141, 186, 216);\">Les huiles essentielles mises en bouteille \u00e0 Ancient Wisdom sont utilis\u00e9es par des centaines d\u2019aromat\u00e9rapeutes et autres professionnels. Nous ne faisons pas de compromis sur la qualit\u00e9 et la puret\u00e9 des huiles essentielles.<\/span><\/strong><\/p>\n","protected":false},"excerpt":{"rendered":"<p>L&rsquo;huile essentielle d&rsquo;Encens&nbsp;est distill\u00e9e \u00e0 la vapeur \u00e0 partir de la r\u00e9sine de l&rsquo;arbre Boswellia carterii, de la famille des Burs\u00e9rac\u00e9es, et est \u00e9galement connue sous le nom d&rsquo;Oliban. Le mot est d\u00e9riv\u00e9 du franc fran&ccedil;ais signifiant luxuriant et a \u00e9t\u00e9, avec la myrrhe, la premi\u00e8re gomme \u00e0 \u00eatre utilis\u00e9e comme encens. L&rsquo;arbre est indig\u00e8ne [&hellip;]<\/p>\n","protected":false},"featured_media":268548,"comment_status":"closed","ping_status":"open","template":"","meta":{"_angie_page":false},"product_brand":[27093],"product_cat":[16450,26198,23646,26881,25842],"product_tag":[],"class_list":{"0":"post-242312","1":"product","2":"type-product","3":"status-publish","4":"has-post-thumbnail","6":"product_brand-ancient-wisdom","7":"product_cat-aromatherapie-et-parfums-d-ambiance","8":"product_cat-encens","9":"product_cat-huiles-essentielles","10":"product_cat-resineux-balsamique","11":"product_cat-senteurs-aromes","12":"pa_collection-50ml-essential-oil-fr","13":"pa_made-in-somalie","14":"pa_size-50ml","16":"first","17":"instock","18":"purchasable","19":"product-type-simple"},"supplier_id":null,"supplier_sku":"PrEO-65","barcode":null,"atum_controlled":true,"out_stock_date":null,"out_stock_threshold":null,"inheritable":false,"inbound_stock":null,"stock_on_hold":0,"sold_today":0,"sales_last_days":0,"reserved_stock":null,"customer_returns":null,"warehouse_damage":null,"lost_in_post":null,"other_logs":null,"out_stock_days":0,"lost_sales":0,"has_location":null,"update_date":"2026-05-08T05:16:52","atum_locations":[],"atum_stock_status":"instock","restock_status":false,"low_stock_amount":"","sales_update_date":"2025-09-05T00:18:15","calc_backorders":null,"_links":{"self":[{"href":"https:\/\/aromasentia.com\/fr\/wp-json\/wp\/v2\/product\/242312","targetHints":{"allow":["GET"]}}],"collection":[{"href":"https:\/\/aromasentia.com\/fr\/wp-json\/wp\/v2\/product"}],"about":[{"href":"https:\/\/aromasentia.com\/fr\/wp-json\/wp\/v2\/types\/product"}],"replies":[{"embeddable":true,"href":"https:\/\/aromasentia.com\/fr\/wp-json\/wp\/v2\/comments?post=242312"}],"version-history":[{"count":0,"href":"https:\/\/aromasentia.com\/fr\/wp-json\/wp\/v2\/product\/242312\/revisions"}],"wp:featuredmedia":[{"embeddable":true,"href":"https:\/\/aromasentia.com\/fr\/wp-json\/wp\/v2\/media\/268548"}],"wp:attachment":[{"href":"https:\/\/aromasentia.com\/fr\/wp-json\/wp\/v2\/media?parent=242312"}],"wp:term":[{"taxonomy":"product_brand","embeddable":true,"href":"https:\/\/aromasentia.com\/fr\/wp-json\/wp\/v2\/product_brand?post=242312"},{"taxonomy":"product_cat","embeddable":true,"href":"https:\/\/aromasentia.com\/fr\/wp-json\/wp\/v2\/product_cat?post=242312"},{"taxonomy":"product_tag","embeddable":true,"href":"https:\/\/aromasentia.com\/fr\/wp-json\/wp\/v2\/product_tag?post=242312"}],"curies":[{"name":"wp","href":"https:\/\/api.w.org\/{rel}","templated":true}]}}