{"id":242300,"date":"2025-03-20T15:15:45","date_gmt":"2025-03-20T15:15:45","guid":{"rendered":"https:\/\/aromasentia.com\/product\/melissa-blend-50ml-essential-oil\/"},"modified":"2025-06-23T19:16:37","modified_gmt":"2025-06-23T19:16:37","slug":"melisse-melange-huile-essentielle-professionnelle-50ml","status":"publish","type":"product","link":"https:\/\/aromasentia.com\/fr\/melisse-melange-huile-essentielle-professionnelle-50ml\/","title":{"rendered":"M\u00e9lisse (m\u00e9lange) &#8211; Huile Essentielle Professionnelle 50ml"},"content":{"rendered":"<p><strong><span style=\"color: rgb(75, 80, 88);\">Le M\u00e9lange de M\u00e9lisse<\/span><\/strong> est un m\u00e9lange sp\u00e9cial d&rsquo;huiles essentielles fractionn\u00e9es con&ccedil;u pour avoir le m\u00eame profil de parfum et les m\u00eames propri\u00e9t\u00e9s que la vraie m\u00e9lisse car la vraie m\u00e9lisse est extr\u00eamement ch\u00e8re.<\/p>\n<p>&nbsp;La formulation exacte de cette huile est un secret bien gard\u00e9 mais le contenu de l&rsquo;huile est le suivant : Citral de citronnelle Huile de Citron D-Limon\u00e8ne d&rsquo;Orange Huile H\u00f4 B\u00eata caryophyl\u00e8ne de l&rsquo;huile de clou de girofle. L&rsquo;huile essentielle de m\u00e9lisse est tonifiante, revitalisante et harmonisante. Il a un effet apaisant sur les \u00e9motions.&nbsp;<\/p>\n<p>Il est \u00e9galement \u00e9difiant pour les esprits et est connu pour optimiser une digestion saine et d\u00e9gager la t\u00eate. Il a un ar\u00f4me frais, doux et citronn\u00e9.<\/p>\n<p>Les fiches techniques sont disponibles, pr\u00eates \u00e0 imprimer et \u00e0 partager avec vos clients. Vous aurez besoin d&rsquo;un mot de passe pour t\u00e9l\u00e9charger le PDF que vous trouverez \u00e0 la fin de l&#8217;email de confirmation de votre commande (ATTENTION: les fiches techniques ne sont disponibles qu\u2019en anglais pour le moment).<\/p>\n<p><strong><span style=\"color: rgb(141, 186, 216);\">Les huiles essentielles mises en bouteille \u00e0 Ancient Wisdom sont utilis\u00e9es par des centaines d\u2019aromat\u00e9rapeutes et autres professionnels. Nous ne faisons pas de compromis sur la qualit\u00e9 et la puret\u00e9 des huiles essentielles.<\/span><\/strong><\/p>\n","protected":false},"excerpt":{"rendered":"<p>Le M\u00e9lange de M\u00e9lisse est un m\u00e9lange sp\u00e9cial d&rsquo;huiles essentielles fractionn\u00e9es con&ccedil;u pour avoir le m\u00eame profil de parfum et les m\u00eames propri\u00e9t\u00e9s que la vraie m\u00e9lisse car la vraie m\u00e9lisse est extr\u00eamement ch\u00e8re. &nbsp;La formulation exacte de cette huile est un secret bien gard\u00e9 mais le contenu de l&rsquo;huile est le suivant : Citral [&hellip;]<\/p>\n","protected":false},"featured_media":268521,"comment_status":"closed","ping_status":"open","template":"","meta":{"_angie_page":false},"product_brand":[27093],"product_cat":[16450,26860,23646,26278,25842,26649],"product_tag":[],"class_list":{"0":"post-242300","1":"product","2":"type-product","3":"status-publish","4":"has-post-thumbnail","6":"product_brand-ancient-wisdom","7":"product_cat-aromatherapie-et-parfums-d-ambiance","8":"product_cat-herbes-aromatiques","9":"product_cat-huiles-essentielles","10":"product_cat-melisse-melange","11":"product_cat-senteurs-aromes","12":"product_cat-synergies-dhuiles-essentielles","13":"pa_collection-50ml-essential-oil-fr","14":"pa_made-in-royaume-uni","15":"pa_size-50ml","17":"first","18":"instock","19":"purchasable","20":"product-type-simple"},"supplier_id":null,"supplier_sku":"PrEO-61","barcode":null,"atum_controlled":true,"out_stock_date":null,"out_stock_threshold":null,"inheritable":false,"inbound_stock":null,"stock_on_hold":0,"sold_today":0,"sales_last_days":0,"reserved_stock":null,"customer_returns":null,"warehouse_damage":null,"lost_in_post":null,"other_logs":null,"out_stock_days":0,"lost_sales":0,"has_location":null,"update_date":"2026-04-27T07:18:30","atum_locations":[],"atum_stock_status":"instock","restock_status":false,"low_stock_amount":"","sales_update_date":"2026-01-30T01:24:52","calc_backorders":null,"_links":{"self":[{"href":"https:\/\/aromasentia.com\/fr\/wp-json\/wp\/v2\/product\/242300","targetHints":{"allow":["GET"]}}],"collection":[{"href":"https:\/\/aromasentia.com\/fr\/wp-json\/wp\/v2\/product"}],"about":[{"href":"https:\/\/aromasentia.com\/fr\/wp-json\/wp\/v2\/types\/product"}],"replies":[{"embeddable":true,"href":"https:\/\/aromasentia.com\/fr\/wp-json\/wp\/v2\/comments?post=242300"}],"version-history":[{"count":0,"href":"https:\/\/aromasentia.com\/fr\/wp-json\/wp\/v2\/product\/242300\/revisions"}],"wp:featuredmedia":[{"embeddable":true,"href":"https:\/\/aromasentia.com\/fr\/wp-json\/wp\/v2\/media\/268521"}],"wp:attachment":[{"href":"https:\/\/aromasentia.com\/fr\/wp-json\/wp\/v2\/media?parent=242300"}],"wp:term":[{"taxonomy":"product_brand","embeddable":true,"href":"https:\/\/aromasentia.com\/fr\/wp-json\/wp\/v2\/product_brand?post=242300"},{"taxonomy":"product_cat","embeddable":true,"href":"https:\/\/aromasentia.com\/fr\/wp-json\/wp\/v2\/product_cat?post=242300"},{"taxonomy":"product_tag","embeddable":true,"href":"https:\/\/aromasentia.com\/fr\/wp-json\/wp\/v2\/product_tag?post=242300"}],"curies":[{"name":"wp","href":"https:\/\/api.w.org\/{rel}","templated":true}]}}