{"id":242296,"date":"2025-03-20T15:15:45","date_gmt":"2025-03-20T15:15:45","guid":{"rendered":"https:\/\/aromasentia.com\/product\/aniseed-china-star-star-anise-50ml-essential-oil\/"},"modified":"2025-06-23T19:16:37","modified_gmt":"2025-06-23T19:16:37","slug":"anis-etoile-huile-essentielle-professionnelle-50ml","status":"publish","type":"product","link":"https:\/\/aromasentia.com\/fr\/anis-etoile-huile-essentielle-professionnelle-50ml\/","title":{"rendered":"Anis \u00e9toil\u00e9 -Huile Essentielle Professionnelle 50ml"},"content":{"rendered":"<p><strong><span style=\"color: rgb(75, 80, 88);\">L&rsquo;Huile Essentielle d&rsquo;Anis<\/span><\/strong> est utilis\u00e9e pour les maux d&rsquo;estomac, les gaz intestinaux, le &laquo;nez qui coule&raquo; et comme expectorant pour augmenter la toux productive, comme diur\u00e9tique pour augmenter le d\u00e9bit urinaire et comme stimulant de l&rsquo;app\u00e9tit.&nbsp;<\/p>\n<p>Cette huile peut soulager les douleurs rhumatismales et arthritiques en stimulant la circulation sanguine et en r\u00e9duisant la sensation de douleur dans les zones touch\u00e9es.&nbsp;<\/p>\n<p>Cette huile essentielle poss\u00e8de \u00e9galement des propri\u00e9t\u00e9s antiseptiques qui conf\u00e8rent aux plaies une couche protectrice efficace contre les infections et la septic\u00e9mie. Cela aide \u00e0 la cicatrisation plus rapide des plaies. L&rsquo;effet chauffant de cette huile sur les syst\u00e8mes respiratoire et circulatoire permet de soulager les douleurs.&nbsp;<\/p>\n<p>Ces propri\u00e9t\u00e9s aident \u00e0 lutter contre les rhumes, le d\u00e9p\u00f4t de mucosit\u00e9s et des probl\u00e8mes comme les rhumatismes et l&rsquo;arthrite. L&rsquo;huile essentielle d&rsquo;anis est toxique pour les insectes et les petits animaux, son odeur \u00e9loigne donc les insectes.&nbsp;<\/p>\n<p>Pour cette raison, cette huile peut \u00eatre utilis\u00e9e pour chasser les insectes en l&rsquo;utilisant dans des fumigants, des vaporisateurs et des sprays.<\/p>\n<p><strong><span style=\"color: rgb(75, 80, 88);\">Nom latin : <\/span><\/strong>Illicium verum&nbsp;<\/p>\n<p><strong><span style=\"color: rgb(75, 80, 88);\">Partie de la plante utilis\u00e9e : <\/span><\/strong>Fruit&nbsp;<\/p>\n<p><strong><span style=\"color: rgb(75, 80, 88);\">Source : <\/span><\/strong>Chine&nbsp;<\/p>\n<p><strong><span style=\"color: rgb(75, 80, 88);\">M\u00e9thode d&rsquo;extraction : <\/span><\/strong>Distillation \u00e0 la vapeur&nbsp;<\/p>\n<p>Les fiches techniques sont disponibles, pr\u00eates \u00e0 imprimer et \u00e0 partager avec vos clients. Vous aurez besoin d&rsquo;un mot de passe pour t\u00e9l\u00e9charger le PDF que vous trouverez \u00e0 la fin de l&#8217;email de confirmation de votre commande (ATTENTION: les fiches techniques ne sont disponibles qu\u2019en anglais pour le moment).<\/p>\n<p><strong><span style=\"color: rgb(141, 186, 216);\">Les huiles essentielles mises en bouteille \u00e0 Ancient Wisdom sont utilis\u00e9es par des centaines d\u2019aromat\u00e9rapeutes et autres professionnels. Nous ne faisons pas de compromis sur la qualit\u00e9 et la puret\u00e9 des huiles essentielles.<\/span><\/strong><\/p>\n","protected":false},"excerpt":{"rendered":"<p>L&rsquo;Huile Essentielle d&rsquo;Anis est utilis\u00e9e pour les maux d&rsquo;estomac, les gaz intestinaux, le &laquo;nez qui coule&raquo; et comme expectorant pour augmenter la toux productive, comme diur\u00e9tique pour augmenter le d\u00e9bit urinaire et comme stimulant de l&rsquo;app\u00e9tit.&nbsp; Cette huile peut soulager les douleurs rhumatismales et arthritiques en stimulant la circulation sanguine et en r\u00e9duisant la sensation [&hellip;]<\/p>\n","protected":false},"featured_media":268512,"comment_status":"closed","ping_status":"open","template":"","meta":{"_angie_page":false},"product_brand":[27093],"product_cat":[26086,16450,26888,23646,25842],"product_tag":[],"class_list":{"0":"post-242296","1":"product","2":"type-product","3":"status-publish","4":"has-post-thumbnail","6":"product_brand-ancient-wisdom","7":"product_cat-anis-etoile-badiane-de-chine","8":"product_cat-aromatherapie-et-parfums-d-ambiance","9":"product_cat-epice","10":"product_cat-huiles-essentielles","11":"product_cat-senteurs-aromes","12":"pa_collection-50ml-essential-oil-fr","13":"pa_made-in-chine","14":"pa_size-50ml","16":"first","17":"instock","18":"purchasable","19":"product-type-simple"},"supplier_id":null,"supplier_sku":"PrEO-60","barcode":null,"atum_controlled":true,"out_stock_date":null,"out_stock_threshold":null,"inheritable":false,"inbound_stock":null,"stock_on_hold":0,"sold_today":0,"sales_last_days":0,"reserved_stock":null,"customer_returns":null,"warehouse_damage":null,"lost_in_post":null,"other_logs":null,"out_stock_days":0,"lost_sales":0,"has_location":null,"update_date":"2026-04-30T13:09:32","atum_locations":[],"atum_stock_status":"instock","restock_status":false,"low_stock_amount":"","sales_update_date":"2026-02-06T00:01:43","calc_backorders":null,"_links":{"self":[{"href":"https:\/\/aromasentia.com\/fr\/wp-json\/wp\/v2\/product\/242296","targetHints":{"allow":["GET"]}}],"collection":[{"href":"https:\/\/aromasentia.com\/fr\/wp-json\/wp\/v2\/product"}],"about":[{"href":"https:\/\/aromasentia.com\/fr\/wp-json\/wp\/v2\/types\/product"}],"replies":[{"embeddable":true,"href":"https:\/\/aromasentia.com\/fr\/wp-json\/wp\/v2\/comments?post=242296"}],"version-history":[{"count":0,"href":"https:\/\/aromasentia.com\/fr\/wp-json\/wp\/v2\/product\/242296\/revisions"}],"wp:featuredmedia":[{"embeddable":true,"href":"https:\/\/aromasentia.com\/fr\/wp-json\/wp\/v2\/media\/268512"}],"wp:attachment":[{"href":"https:\/\/aromasentia.com\/fr\/wp-json\/wp\/v2\/media?parent=242296"}],"wp:term":[{"taxonomy":"product_brand","embeddable":true,"href":"https:\/\/aromasentia.com\/fr\/wp-json\/wp\/v2\/product_brand?post=242296"},{"taxonomy":"product_cat","embeddable":true,"href":"https:\/\/aromasentia.com\/fr\/wp-json\/wp\/v2\/product_cat?post=242296"},{"taxonomy":"product_tag","embeddable":true,"href":"https:\/\/aromasentia.com\/fr\/wp-json\/wp\/v2\/product_tag?post=242296"}],"curies":[{"name":"wp","href":"https:\/\/api.w.org\/{rel}","templated":true}]}}