{"id":242276,"date":"2025-03-20T15:16:05","date_gmt":"2025-03-20T15:16:05","guid":{"rendered":"https:\/\/aromasentia.com\/product\/spearmint-50ml-essential-oil\/"},"modified":"2025-06-23T19:16:34","modified_gmt":"2025-06-23T19:16:34","slug":"menthe-verte-huile-essentielle-professionnelle-50ml","status":"publish","type":"product","link":"https:\/\/aromasentia.com\/fr\/menthe-verte-huile-essentielle-professionnelle-50ml\/","title":{"rendered":"Menthe Verte &#8211; Huile Essentielle Professionnelle 50ml"},"content":{"rendered":"<p><strong><span style=\"color: rgb(75, 80, 88);\">L&rsquo;huile de Menthe verte<\/span><\/strong> de la sagesse ancienne est une carvone de haute qualit\u00e9 \u00e0 60 %. vari\u00e9t\u00e9.Carvone est le produit chimique naturel qui donne \u00e0 la menthe verte son odeur caract\u00e9ristique.&nbsp;<\/p>\n<p>Les 40 % restants de l&rsquo;huile sont constitu\u00e9s de d&rsquo;autres produits chimiques naturellement pr\u00e9sents dans la menthe verte. L&rsquo;huile essentielle de menthe verte est polyvalente et continue d&rsquo;\u00eatre utilis\u00e9e pour apaiser les affections telles que les probl\u00e8mes de peau, les maux de t\u00eate, les naus\u00e9es, les vomissements, les probl\u00e8mes respiratoires et les sympt\u00f4mes du rhume.&nbsp;<\/p>\n<p>Utilis\u00e9e en aromath\u00e9rapie, l&rsquo;huile essentielle de menthe verte aiderait \u00e0 r\u00e9duire la congestion nasale caus\u00e9e par l&rsquo;accumulation excessive de mucosit\u00e9s et de mucus dans le nez et la gorge, favorisant ainsi une respiration plus facile. Il a une action revitalisante et \u00e9nergisante sur le corps en travaillant pour am\u00e9liorer l&rsquo;humeur, la concentration et en \u00e9nergisant la peau.&nbsp;<\/p>\n<p>Son parfum frais et r\u00e9parateur aide \u00e0 am\u00e9liorer l&rsquo;humeur et \u00e0 soulager le stress \u00e9motionnel.<\/p>\n<p><strong><span style=\"color: rgb(75, 80, 88);\">Nom latin :<\/span><\/strong> Mentha Spicata&nbsp;<\/p>\n<p><strong><span style=\"color: rgb(75, 80, 88);\">Partie v\u00e9g\u00e9tale utilis\u00e9e :<\/span><\/strong> Sommit\u00e9s fleuries&nbsp;<\/p>\n<p><strong><span style=\"color: rgb(75, 80, 88);\">Source : <\/span><\/strong>Chine&nbsp;<\/p>\n<p><strong><span style=\"color: rgb(75, 80, 88);\">M\u00e9thode d&rsquo;extraction : <\/span><\/strong>Distillation \u00e0 la vapeur&nbsp;<\/p>\n<p>Les fiches techniques sont disponibles, pr\u00eates \u00e0 imprimer et \u00e0 partager avec vos clients. Vous aurez besoin d&rsquo;un mot de passe pour t\u00e9l\u00e9charger le PDF que vous trouverez \u00e0 la fin de l&#8217;email de confirmation de votre commande (ATTENTION: les fiches techniques ne sont disponibles qu\u2019en anglais pour le moment).<\/p>\n<p><strong><span style=\"color: rgb(141, 186, 216);\">Les huiles essentielles mises en bouteille \u00e0 Ancient Wisdom sont utilis\u00e9es par des centaines d\u2019aromat\u00e9rapeutes et autres professionnels. Nous ne faisons pas de compromis sur la qualit\u00e9 et la puret\u00e9 des huiles essentielles.<\/span><\/strong><\/p>\n","protected":false},"excerpt":{"rendered":"<p>L&rsquo;huile de Menthe verte de la sagesse ancienne est une carvone de haute qualit\u00e9 \u00e0 60 %. vari\u00e9t\u00e9.Carvone est le produit chimique naturel qui donne \u00e0 la menthe verte son odeur caract\u00e9ristique.&nbsp; Les 40 % restants de l&rsquo;huile sont constitu\u00e9s de d&rsquo;autres produits chimiques naturellement pr\u00e9sents dans la menthe verte. L&rsquo;huile essentielle de menthe verte [&hellip;]<\/p>\n","protected":false},"featured_media":268655,"comment_status":"closed","ping_status":"open","template":"","meta":[],"product_brand":[27093],"product_cat":[16450,23646,26391,26874,25842],"product_tag":[],"class_list":{"0":"post-242276","1":"product","2":"type-product","3":"status-publish","4":"has-post-thumbnail","6":"product_brand-ancient-wisdom","7":"product_cat-aromatherapie-et-parfums-d-ambiance","8":"product_cat-huiles-essentielles","9":"product_cat-menthe-verte","10":"product_cat-menthole","11":"product_cat-senteurs-aromes","12":"pa_collection-50ml-essential-oil-fr","13":"pa_made-in-chine","14":"pa_size-50ml","16":"first","17":"instock","18":"purchasable","19":"product-type-simple"},"supplier_id":null,"supplier_sku":"PrEO-84","barcode":null,"atum_controlled":true,"out_stock_date":null,"out_stock_threshold":null,"inheritable":false,"inbound_stock":null,"stock_on_hold":0,"sold_today":0,"sales_last_days":0,"reserved_stock":null,"customer_returns":null,"warehouse_damage":null,"lost_in_post":null,"other_logs":null,"out_stock_days":0,"lost_sales":0,"has_location":null,"update_date":"2026-01-30T01:24:42","atum_locations":[],"atum_stock_status":"instock","restock_status":false,"low_stock_amount":"","sales_update_date":"2026-01-30T01:24:42","calc_backorders":null,"_links":{"self":[{"href":"https:\/\/aromasentia.com\/fr\/wp-json\/wp\/v2\/product\/242276","targetHints":{"allow":["GET"]}}],"collection":[{"href":"https:\/\/aromasentia.com\/fr\/wp-json\/wp\/v2\/product"}],"about":[{"href":"https:\/\/aromasentia.com\/fr\/wp-json\/wp\/v2\/types\/product"}],"replies":[{"embeddable":true,"href":"https:\/\/aromasentia.com\/fr\/wp-json\/wp\/v2\/comments?post=242276"}],"version-history":[{"count":0,"href":"https:\/\/aromasentia.com\/fr\/wp-json\/wp\/v2\/product\/242276\/revisions"}],"wp:featuredmedia":[{"embeddable":true,"href":"https:\/\/aromasentia.com\/fr\/wp-json\/wp\/v2\/media\/268655"}],"wp:attachment":[{"href":"https:\/\/aromasentia.com\/fr\/wp-json\/wp\/v2\/media?parent=242276"}],"wp:term":[{"taxonomy":"product_brand","embeddable":true,"href":"https:\/\/aromasentia.com\/fr\/wp-json\/wp\/v2\/product_brand?post=242276"},{"taxonomy":"product_cat","embeddable":true,"href":"https:\/\/aromasentia.com\/fr\/wp-json\/wp\/v2\/product_cat?post=242276"},{"taxonomy":"product_tag","embeddable":true,"href":"https:\/\/aromasentia.com\/fr\/wp-json\/wp\/v2\/product_tag?post=242276"}],"curies":[{"name":"wp","href":"https:\/\/api.w.org\/{rel}","templated":true}]}}