{"id":242272,"date":"2025-03-20T15:16:05","date_gmt":"2025-03-20T15:16:05","guid":{"rendered":"https:\/\/aromasentia.com\/product\/cornmint-50ml-essential-oil\/"},"modified":"2025-06-23T19:16:34","modified_gmt":"2025-06-23T19:16:34","slug":"menthe-des-champs-huile-essentielle-professionnelle-50ml","status":"publish","type":"product","link":"https:\/\/aromasentia.com\/fr\/menthe-des-champs-huile-essentielle-professionnelle-50ml\/","title":{"rendered":"Menthe des Champs &#8211; Huile Essentielle Professionnelle 50ml"},"content":{"rendered":"<p><strong><span style=\"color: rgb(75, 80, 88);\">La Menthe des Champs<\/span><\/strong> a un large \u00e9ventail d&rsquo;utilisations th\u00e9rapeutiques et est une huile essentielle polyvalente. Certaines de ces propri\u00e9t\u00e9s sont anesth\u00e9siques, anti-migraineuses, antispasmodiques, carminatives, digestives, expectorantes, mucolytiques, neuro-toniques et stimulantes.&nbsp;<\/p>\n<p>Les diverses utilisations de la menthe des champs sont antimicrobiennes et digestives, et sont \u00e9galement utilis\u00e9es pour \u00e9liminer la n\u00e9gativit\u00e9 dans un usage spirituel. Les utilisations document\u00e9es comprennent un anesth\u00e9sique, un antiseptique, un antispasmodique, un stimulant et un digestif. L&rsquo;huile essentielle de menthe des champs est une aide utile pour les maux de t\u00eate, les probl\u00e8mes digestifs, la circulation, les maux de gorge, les rhumes et les naus\u00e9es.&nbsp;<\/p>\n<p>L&rsquo;huile essentielle de menthe des champs est \u00e9nergisante et tonifiante.<\/p>\n<p><strong><span style=\"color: rgb(75, 80, 88);\">Nom latin :<\/span><\/strong> Mentha Arvensis&nbsp;<\/p>\n<p><strong><span style=\"color: rgb(75, 80, 88);\">Partie de la plante utilis\u00e9e : <\/span><\/strong>Feuilles&nbsp;<\/p>\n<p><strong><span style=\"color: rgb(75, 80, 88);\">Source : <\/span><\/strong>Chine&nbsp;<\/p>\n<p><strong><span style=\"color: rgb(75, 80, 88);\">M\u00e9thode d&rsquo;extraction : <\/span><\/strong>Distillation \u00e0 la vapeur&nbsp;<\/p>\n<p>Les fiches techniques sont disponibles, pr\u00eates \u00e0 imprimer et \u00e0 partager avec vos clients. Vous aurez besoin d&rsquo;un mot de passe pour t\u00e9l\u00e9charger le PDF que vous trouverez \u00e0 la fin de l&#8217;email de confirmation de votre commande (ATTENTION: les fiches techniques ne sont disponibles qu\u2019en anglais pour le moment).<\/p>\n<p><strong><span style=\"color: rgb(141, 186, 216);\">Les huiles essentielles mises en bouteille \u00e0 Ancient Wisdom sont utilis\u00e9es par des centaines d\u2019aromat\u00e9rapeutes et autres professionnels. Nous ne faisons pas de compromis sur la qualit\u00e9 et la puret\u00e9 des huiles essentielles.<\/span><\/strong><\/p>\n","protected":false},"excerpt":{"rendered":"<p>La Menthe des Champs a un large \u00e9ventail d&rsquo;utilisations th\u00e9rapeutiques et est une huile essentielle polyvalente. Certaines de ces propri\u00e9t\u00e9s sont anesth\u00e9siques, anti-migraineuses, antispasmodiques, carminatives, digestives, expectorantes, mucolytiques, neuro-toniques et stimulantes.&nbsp; Les diverses utilisations de la menthe des champs sont antimicrobiennes et digestives, et sont \u00e9galement utilis\u00e9es pour \u00e9liminer la n\u00e9gativit\u00e9 dans un usage spirituel. [&hellip;]<\/p>\n","protected":false},"featured_media":268646,"comment_status":"closed","ping_status":"open","template":"","meta":{"_angie_page":false},"product_brand":[27093],"product_cat":[16450,23646,26159,26874,25842],"product_tag":[],"class_list":{"0":"post-242272","1":"product","2":"type-product","3":"status-publish","4":"has-post-thumbnail","6":"product_brand-ancient-wisdom","7":"product_cat-aromatherapie-et-parfums-d-ambiance","8":"product_cat-huiles-essentielles","9":"product_cat-menthe-des-champs","10":"product_cat-menthole","11":"product_cat-senteurs-aromes","12":"pa_collection-50ml-essential-oil-fr","13":"pa_made-in-chine","14":"pa_size-50ml","16":"first","17":"instock","18":"purchasable","19":"product-type-simple"},"supplier_id":null,"supplier_sku":"PrEO-83","barcode":null,"atum_controlled":true,"out_stock_date":null,"out_stock_threshold":null,"inheritable":false,"inbound_stock":null,"stock_on_hold":0,"sold_today":0,"sales_last_days":0,"reserved_stock":null,"customer_returns":null,"warehouse_damage":null,"lost_in_post":null,"other_logs":null,"out_stock_days":59,"lost_sales":0,"has_location":null,"update_date":"2026-05-08T05:16:52","atum_locations":[],"atum_stock_status":"instock","restock_status":false,"low_stock_amount":"","sales_update_date":"2026-01-30T01:24:20","calc_backorders":null,"_links":{"self":[{"href":"https:\/\/aromasentia.com\/fr\/wp-json\/wp\/v2\/product\/242272","targetHints":{"allow":["GET"]}}],"collection":[{"href":"https:\/\/aromasentia.com\/fr\/wp-json\/wp\/v2\/product"}],"about":[{"href":"https:\/\/aromasentia.com\/fr\/wp-json\/wp\/v2\/types\/product"}],"replies":[{"embeddable":true,"href":"https:\/\/aromasentia.com\/fr\/wp-json\/wp\/v2\/comments?post=242272"}],"version-history":[{"count":0,"href":"https:\/\/aromasentia.com\/fr\/wp-json\/wp\/v2\/product\/242272\/revisions"}],"wp:featuredmedia":[{"embeddable":true,"href":"https:\/\/aromasentia.com\/fr\/wp-json\/wp\/v2\/media\/268646"}],"wp:attachment":[{"href":"https:\/\/aromasentia.com\/fr\/wp-json\/wp\/v2\/media?parent=242272"}],"wp:term":[{"taxonomy":"product_brand","embeddable":true,"href":"https:\/\/aromasentia.com\/fr\/wp-json\/wp\/v2\/product_brand?post=242272"},{"taxonomy":"product_cat","embeddable":true,"href":"https:\/\/aromasentia.com\/fr\/wp-json\/wp\/v2\/product_cat?post=242272"},{"taxonomy":"product_tag","embeddable":true,"href":"https:\/\/aromasentia.com\/fr\/wp-json\/wp\/v2\/product_tag?post=242272"}],"curies":[{"name":"wp","href":"https:\/\/api.w.org\/{rel}","templated":true}]}}