{"id":242260,"date":"2025-03-20T15:16:05","date_gmt":"2025-03-20T15:16:05","guid":{"rendered":"https:\/\/aromasentia.com\/product\/red-thyme-essential-oil-50ml\/"},"modified":"2025-06-23T19:16:33","modified_gmt":"2025-06-23T19:16:33","slug":"huile-essentielle-de-thym-rouge-50ml","status":"publish","type":"product","link":"https:\/\/aromasentia.com\/fr\/huile-essentielle-de-thym-rouge-50ml\/","title":{"rendered":"Huile Essentielle de Thym Rouge 50ml"},"content":{"rendered":"<p><strong>Nom latin : Thymus Vulgaris&nbsp;<\/strong><\/p>\n<p><strong>Feuilles Origine : Espagne&nbsp;<\/strong><\/p>\n<p><strong>M\u00e9thode d&rsquo;extraction : distillation \u00e0 la vapeur <\/strong><\/p>\n<p>L&rsquo;huile essentielle de thym rouge en gros est obtenue par distillation \u00e0 la vapeur d&rsquo;eau \u00e0 partir de Thymus vulgaris.&nbsp;<\/p>\n<p>Elle convient aux bains, aux massages et \u00e0 d&rsquo;autres pr\u00e9parations neutres et s&rsquo;est av\u00e9r\u00e9e \u00eatre un bon r\u00e9pulsif. Le thym rouge aide \u00e0 renforcer le syst\u00e8me immunitaire, en agissant \u00e0 la fois sur le mental et le physique. Il est bon pour les infections respiratoires. Il est utile en cas de rhume et de rhinite.&nbsp;<\/p>\n<p>Il dissout le mucus, maintient la perm\u00e9abilit\u00e9 du syst\u00e8me respiratoire et soulage l&rsquo;inflammation des sinus. Elle soulage les douleurs musculaires, c&rsquo;est pourquoi elle entre dans la composition des huiles de massage.&nbsp;<\/p>\n<p>Elle favorise notamment l&rsquo;app\u00e9tit, am\u00e9liore la digestion et aide \u00e0 lutter contre les ballonnements.<\/p>\n","protected":false},"excerpt":{"rendered":"<p>Nom latin : Thymus Vulgaris&nbsp; Feuilles Origine : Espagne&nbsp; M\u00e9thode d&rsquo;extraction : distillation \u00e0 la vapeur L&rsquo;huile essentielle de thym rouge en gros est obtenue par distillation \u00e0 la vapeur d&rsquo;eau \u00e0 partir de Thymus vulgaris.&nbsp; Elle convient aux bains, aux massages et \u00e0 d&rsquo;autres pr\u00e9parations neutres et s&rsquo;est av\u00e9r\u00e9e \u00eatre un bon r\u00e9pulsif. Le [&hellip;]<\/p>\n","protected":false},"featured_media":268736,"comment_status":"closed","ping_status":"open","template":"","meta":{"_angie_page":false},"product_brand":[27093],"product_cat":[16450,26860,23646,25842,26365],"product_tag":[],"class_list":{"0":"post-242260","1":"product","2":"type-product","3":"status-publish","4":"has-post-thumbnail","6":"product_brand-ancient-wisdom","7":"product_cat-aromatherapie-et-parfums-d-ambiance","8":"product_cat-herbes-aromatiques","9":"product_cat-huiles-essentielles","10":"product_cat-senteurs-aromes","11":"product_cat-thym-rouge","12":"pa_collection-50ml-essential-oil-fr","13":"pa_made-in-espagne","14":"pa_size-50ml","16":"first","17":"instock","18":"purchasable","19":"product-type-simple"},"supplier_id":null,"supplier_sku":"PrEO-92","barcode":null,"atum_controlled":true,"out_stock_date":null,"out_stock_threshold":null,"inheritable":false,"inbound_stock":null,"stock_on_hold":0,"sold_today":0,"sales_last_days":0,"reserved_stock":null,"customer_returns":null,"warehouse_damage":null,"lost_in_post":null,"other_logs":null,"out_stock_days":0,"lost_sales":0,"has_location":null,"update_date":"2026-05-08T05:16:52","atum_locations":[],"atum_stock_status":"instock","restock_status":false,"low_stock_amount":"","sales_update_date":"2026-01-30T01:24:56","calc_backorders":null,"_links":{"self":[{"href":"https:\/\/aromasentia.com\/fr\/wp-json\/wp\/v2\/product\/242260","targetHints":{"allow":["GET"]}}],"collection":[{"href":"https:\/\/aromasentia.com\/fr\/wp-json\/wp\/v2\/product"}],"about":[{"href":"https:\/\/aromasentia.com\/fr\/wp-json\/wp\/v2\/types\/product"}],"replies":[{"embeddable":true,"href":"https:\/\/aromasentia.com\/fr\/wp-json\/wp\/v2\/comments?post=242260"}],"version-history":[{"count":0,"href":"https:\/\/aromasentia.com\/fr\/wp-json\/wp\/v2\/product\/242260\/revisions"}],"wp:featuredmedia":[{"embeddable":true,"href":"https:\/\/aromasentia.com\/fr\/wp-json\/wp\/v2\/media\/268736"}],"wp:attachment":[{"href":"https:\/\/aromasentia.com\/fr\/wp-json\/wp\/v2\/media?parent=242260"}],"wp:term":[{"taxonomy":"product_brand","embeddable":true,"href":"https:\/\/aromasentia.com\/fr\/wp-json\/wp\/v2\/product_brand?post=242260"},{"taxonomy":"product_cat","embeddable":true,"href":"https:\/\/aromasentia.com\/fr\/wp-json\/wp\/v2\/product_cat?post=242260"},{"taxonomy":"product_tag","embeddable":true,"href":"https:\/\/aromasentia.com\/fr\/wp-json\/wp\/v2\/product_tag?post=242260"}],"curies":[{"name":"wp","href":"https:\/\/api.w.org\/{rel}","templated":true}]}}