{"id":242248,"date":"2025-03-20T15:16:05","date_gmt":"2025-03-20T15:16:05","guid":{"rendered":"https:\/\/aromasentia.com\/product\/english-lavender-essential-oil-50ml\/"},"modified":"2025-06-23T19:16:31","modified_gmt":"2025-06-23T19:16:31","slug":"lavande-anglaise-huile-essentielle-50ml","status":"publish","type":"product","link":"https:\/\/aromasentia.com\/fr\/lavande-anglaise-huile-essentielle-50ml\/","title":{"rendered":"Lavande Anglaise &#8211; Huile Essentielle 50ml"},"content":{"rendered":"<p><strong><span style=\"color: rgb(75, 80, 88);\">&nbsp;L&rsquo;huile essentielle de Lavande Anglaise<\/span><\/strong> est le liquide concentr\u00e9 compos\u00e9s d&rsquo;aromatiques volatils distill\u00e9s \u00e0 la vapeur \u00e0 partir de la plante de lavande. La lavande est utilis\u00e9e depuis des si\u00e8cles pour aider \u00e0 gu\u00e9rir diverses affections allant de coupures mineures, contusions et br\u00fblures \u00e0 maladies chroniques comme les rhumatismes, l&rsquo;asthme et la dermatite.&nbsp;<\/p>\n<p>L&rsquo;attrait imm\u00e9diat et l&rsquo;utilisation de l&rsquo;huile essentielle de lavande est dans l&rsquo;industrie du parfum pour son go\u00fbt frais, doux et son odeur florale fruit\u00e9e.&nbsp;<\/p>\n<p>Cette huile essentielle, comme la plupart des autres, est g\u00e9n\u00e9ralement utilis\u00e9e m\u00e9lang\u00e9e avec une base ou une huile de support comme l&rsquo;amande douce, les p\u00e9pins de raisin, jojoba, avocat et autres, sauf si c&rsquo;est pour votre bain, quand vous pouvez simplement ajouter quelques gouttes dans l&rsquo;eau de votre bain.<\/p>\n<p>Utilisez cette huile pour un parfum agr\u00e9able ou aromath\u00e9rapie avec une huile br\u00fbleur ou vaporisateur. En aromath\u00e9rapie, il est souvent utilis\u00e9 pour combattre la d\u00e9pression, le stress et la fatigue.<\/p>\n<p><strong>Nom latin :&nbsp;<\/strong>Lavandula Angustifolia&nbsp;<\/p>\n<p><strong><span style=\"color: rgb(75, 80, 88);\">Partie de la plante utilis\u00e9e :<\/span><\/strong> Conseils de floraison&nbsp;<\/p>\n<p><strong><span style=\"color: rgb(75, 80, 88);\">Source :&nbsp;<\/span><\/strong>Angleterre&nbsp;<\/p>\n<p><strong><span style=\"color: rgb(75, 80, 88);\">M\u00e9thode d&rsquo;extraction :<\/span><\/strong> Distillation \u00e0 la vapeur&nbsp;<\/p>\n<p><strong><span style=\"color: rgb(141, 186, 216);\">&nbsp;Consultez toujours un praticien autoris\u00e9 lors de l&rsquo;utilisation de l&rsquo;huile essentielle de lavande comme rem\u00e8de de sant\u00e9 ou pour l&rsquo;aromath\u00e9rapie.<\/span><\/strong><\/p>\n","protected":false},"excerpt":{"rendered":"<p>&nbsp;L&rsquo;huile essentielle de Lavande Anglaise est le liquide concentr\u00e9 compos\u00e9s d&rsquo;aromatiques volatils distill\u00e9s \u00e0 la vapeur \u00e0 partir de la plante de lavande. La lavande est utilis\u00e9e depuis des si\u00e8cles pour aider \u00e0 gu\u00e9rir diverses affections allant de coupures mineures, contusions et br\u00fblures \u00e0 maladies chroniques comme les rhumatismes, l&rsquo;asthme et la dermatite.&nbsp; L&rsquo;attrait imm\u00e9diat [&hellip;]<\/p>\n","protected":false},"featured_media":268709,"comment_status":"closed","ping_status":"open","template":"","meta":{"_angie_page":false},"product_brand":[27093],"product_cat":[16450,26832,23646,26233,25842],"product_tag":[],"class_list":{"0":"post-242248","1":"product","2":"type-product","3":"status-publish","4":"has-post-thumbnail","6":"product_brand-ancient-wisdom","7":"product_cat-aromatherapie-et-parfums-d-ambiance","8":"product_cat-floral","9":"product_cat-huiles-essentielles","10":"product_cat-lavande","11":"product_cat-senteurs-aromes","12":"pa_collection-50ml-essential-oil-fr","13":"pa_made-in-royaume-uni","14":"pa_size-50ml","16":"first","17":"instock","18":"purchasable","19":"product-type-simple"},"supplier_id":null,"supplier_sku":"Preo-90","barcode":null,"atum_controlled":true,"out_stock_date":null,"out_stock_threshold":null,"inheritable":false,"inbound_stock":null,"stock_on_hold":0,"sold_today":0,"sales_last_days":0,"reserved_stock":null,"customer_returns":null,"warehouse_damage":null,"lost_in_post":null,"other_logs":null,"out_stock_days":0,"lost_sales":0,"has_location":null,"update_date":"2026-05-08T05:16:52","atum_locations":[],"atum_stock_status":"instock","restock_status":false,"low_stock_amount":"","sales_update_date":"2026-01-30T01:26:33","calc_backorders":null,"_links":{"self":[{"href":"https:\/\/aromasentia.com\/fr\/wp-json\/wp\/v2\/product\/242248","targetHints":{"allow":["GET"]}}],"collection":[{"href":"https:\/\/aromasentia.com\/fr\/wp-json\/wp\/v2\/product"}],"about":[{"href":"https:\/\/aromasentia.com\/fr\/wp-json\/wp\/v2\/types\/product"}],"replies":[{"embeddable":true,"href":"https:\/\/aromasentia.com\/fr\/wp-json\/wp\/v2\/comments?post=242248"}],"version-history":[{"count":0,"href":"https:\/\/aromasentia.com\/fr\/wp-json\/wp\/v2\/product\/242248\/revisions"}],"wp:featuredmedia":[{"embeddable":true,"href":"https:\/\/aromasentia.com\/fr\/wp-json\/wp\/v2\/media\/268709"}],"wp:attachment":[{"href":"https:\/\/aromasentia.com\/fr\/wp-json\/wp\/v2\/media?parent=242248"}],"wp:term":[{"taxonomy":"product_brand","embeddable":true,"href":"https:\/\/aromasentia.com\/fr\/wp-json\/wp\/v2\/product_brand?post=242248"},{"taxonomy":"product_cat","embeddable":true,"href":"https:\/\/aromasentia.com\/fr\/wp-json\/wp\/v2\/product_cat?post=242248"},{"taxonomy":"product_tag","embeddable":true,"href":"https:\/\/aromasentia.com\/fr\/wp-json\/wp\/v2\/product_tag?post=242248"}],"curies":[{"name":"wp","href":"https:\/\/api.w.org\/{rel}","templated":true}]}}