{"id":242240,"date":"2025-03-20T15:16:05","date_gmt":"2025-03-20T15:16:05","guid":{"rendered":"https:\/\/aromasentia.com\/product\/turmeric-essential-oil-50ml\/"},"modified":"2025-06-23T19:16:28","modified_gmt":"2025-06-23T19:16:28","slug":"curcuma-huile-essentielle-50ml","status":"publish","type":"product","link":"https:\/\/aromasentia.com\/fr\/curcuma-huile-essentielle-50ml\/","title":{"rendered":"Curcuma &#8211; Huile Essentielle 50ml"},"content":{"rendered":"<p>Description aromatique : Chaud, \u00e9pic\u00e9, terreux, bois\u00e9 En tant que botanique cl\u00e9 des pratiques de sant\u00e9 ayurv\u00e9diques traditionnelles de l&rsquo;Inde, la racine de curcuma et <strong><span style=\"color: rgb(75, 80, 88);\">l&rsquo;huile essentielle de curcuma<\/span><\/strong> ont une longue histoire qui a inspir\u00e9 les utilisations modernes du curcuma aujourd&rsquo;hui.&nbsp;<\/p>\n<p>Distill\u00e9e \u00e0 la vapeur \u00e0 partir de la racine de curcuma, l&rsquo;huile essentielle de curcuma a deux composants chimiques uniques, la Turmerone et l&rsquo;ar-Turmerone.&nbsp;<\/p>\n<p>Plus commun\u00e9ment connus pour leur syst\u00e8me nerveux et leurs bienfaits \u00e9motionnels, ces composants font de l&rsquo;huile essentielle de curcuma un incontournable de votre routine de sant\u00e9 quotidienne. Avantageux pour le syst\u00e8me immunitaire, le curcuma peut avoir des bienfaits apaisants qui favorisent une r\u00e9ponse immunitaire positive.&nbsp;<\/p>\n<p>De plus, le curcuma peut aider \u00e0 promouvoir une peau claire, lisse et radieuse.<\/p>\n<p><strong><span style=\"color: rgb(75, 80, 88);\">Nom latin : <\/span><\/strong>Curcuma Longa&nbsp;<\/p>\n<p><strong><span style=\"color: rgb(75, 80, 88);\">Partie de la plante utilis\u00e9e :<\/span><\/strong> rhizome&nbsp;<\/p>\n<p><strong><span style=\"color: rgb(75, 80, 88);\">Source :<\/span><\/strong> Inde&nbsp;<\/p>\n<p><strong><span style=\"color: rgb(75, 80, 88);\">M\u00e9thode d&rsquo;extraction : <\/span><\/strong>Distillation \u00e0 la vapeur <\/p>\n","protected":false},"excerpt":{"rendered":"<p>Description aromatique : Chaud, \u00e9pic\u00e9, terreux, bois\u00e9 En tant que botanique cl\u00e9 des pratiques de sant\u00e9 ayurv\u00e9diques traditionnelles de l&rsquo;Inde, la racine de curcuma et l&rsquo;huile essentielle de curcuma ont une longue histoire qui a inspir\u00e9 les utilisations modernes du curcuma aujourd&rsquo;hui.&nbsp; Distill\u00e9e \u00e0 la vapeur \u00e0 partir de la racine de curcuma, l&rsquo;huile essentielle [&hellip;]<\/p>\n","protected":false},"featured_media":268691,"comment_status":"closed","ping_status":"open","template":"","meta":{"_angie_page":false},"product_brand":[27093],"product_cat":[16450,26411,26888,23646,25842],"product_tag":[],"class_list":{"0":"post-242240","1":"product","2":"type-product","3":"status-publish","4":"has-post-thumbnail","6":"product_brand-ancient-wisdom","7":"product_cat-aromatherapie-et-parfums-d-ambiance","8":"product_cat-curcuma","9":"product_cat-epice","10":"product_cat-huiles-essentielles","11":"product_cat-senteurs-aromes","12":"pa_collection-50ml-essential-oil-fr","13":"pa_made-in-inde","14":"pa_size-50ml","16":"first","17":"instock","18":"purchasable","19":"product-type-simple"},"supplier_id":null,"supplier_sku":"Preo-85","barcode":null,"atum_controlled":true,"out_stock_date":null,"out_stock_threshold":null,"inheritable":false,"inbound_stock":null,"stock_on_hold":0,"sold_today":0,"sales_last_days":0,"reserved_stock":null,"customer_returns":null,"warehouse_damage":null,"lost_in_post":null,"other_logs":null,"out_stock_days":0,"lost_sales":0,"has_location":null,"update_date":"2026-05-08T05:16:52","atum_locations":[],"atum_stock_status":"instock","restock_status":false,"low_stock_amount":"","sales_update_date":"2026-01-30T01:24:22","calc_backorders":null,"_links":{"self":[{"href":"https:\/\/aromasentia.com\/fr\/wp-json\/wp\/v2\/product\/242240","targetHints":{"allow":["GET"]}}],"collection":[{"href":"https:\/\/aromasentia.com\/fr\/wp-json\/wp\/v2\/product"}],"about":[{"href":"https:\/\/aromasentia.com\/fr\/wp-json\/wp\/v2\/types\/product"}],"replies":[{"embeddable":true,"href":"https:\/\/aromasentia.com\/fr\/wp-json\/wp\/v2\/comments?post=242240"}],"version-history":[{"count":0,"href":"https:\/\/aromasentia.com\/fr\/wp-json\/wp\/v2\/product\/242240\/revisions"}],"wp:featuredmedia":[{"embeddable":true,"href":"https:\/\/aromasentia.com\/fr\/wp-json\/wp\/v2\/media\/268691"}],"wp:attachment":[{"href":"https:\/\/aromasentia.com\/fr\/wp-json\/wp\/v2\/media?parent=242240"}],"wp:term":[{"taxonomy":"product_brand","embeddable":true,"href":"https:\/\/aromasentia.com\/fr\/wp-json\/wp\/v2\/product_brand?post=242240"},{"taxonomy":"product_cat","embeddable":true,"href":"https:\/\/aromasentia.com\/fr\/wp-json\/wp\/v2\/product_cat?post=242240"},{"taxonomy":"product_tag","embeddable":true,"href":"https:\/\/aromasentia.com\/fr\/wp-json\/wp\/v2\/product_tag?post=242240"}],"curies":[{"name":"wp","href":"https:\/\/api.w.org\/{rel}","templated":true}]}}