{"id":242200,"date":"2025-03-20T15:16:27","date_gmt":"2025-03-20T15:16:27","guid":{"rendered":"https:\/\/aromasentia.com\/product\/eucalyptus-organic-essential-oil-50ml\/"},"modified":"2025-06-23T19:16:23","modified_gmt":"2025-06-23T19:16:23","slug":"huile-essentielle-biologique-50ml-eucalyptus","status":"publish","type":"product","link":"https:\/\/aromasentia.com\/fr\/huile-essentielle-biologique-50ml-eucalyptus\/","title":{"rendered":"Huile Essentielle Biologique 50ml &#8211; Eucalyptus"},"content":{"rendered":"<p><strong><span style=\"color: rgb(75, 80, 88);\">L&rsquo;huile essentielle d&rsquo;eucalyptus biologique<\/span><\/strong> en gros est un liquide concentr\u00e9 contenant des compos\u00e9s aromatiques volatils de l&rsquo;arbre Eucalyptus Globulus. Il est g\u00e9n\u00e9ralement distill\u00e9, parfois exprim\u00e9 ou extrait par solvant. L&rsquo;huile essentielle d&rsquo;eucalyptus serait antibact\u00e9rienne, d\u00e9sinfectante et antalgique. Il a \u00e9t\u00e9 utilis\u00e9 pour soulager la toux, le rhume et d&rsquo;autres troubles respiratoires.&nbsp;<\/p>\n<p>Elle apaise les douleurs musculaires et articulaires et aide \u00e0 cicatriser les plaies, les br\u00fblures, les ulc\u00e8res et les piq\u00fbres d&rsquo;insectes. On dit que l&rsquo;eucalyptus en aromath\u00e9rapie favorise l&rsquo;activit\u00e9, la vitalit\u00e9 et l&rsquo;\u00e9nergie. Pour les troubles respiratoires, quelques gouttes de cette huile d\u00e9pos\u00e9es sur un chiffon peuvent \u00eatre inhal\u00e9es par la bouche et expir\u00e9es par le nez pendant une demi-minute. Il s&rsquo;applique directement sur les plaies, les \u00e9ruptions cutan\u00e9es et les piq\u00fbres d&rsquo;insectes.&nbsp;<\/p>\n<p>Ajoutez quelques gouttes \u00e0 l&rsquo;eau de votre bain pour vous sentir revigor\u00e9 et rafra\u00eechi. Faites tremper vos pieds endoloris dans une bassine d&rsquo;eau ti\u00e8de avec 4 \u00e0 5 gouttes de cette huile pour les soulager. On dit que quelques gouttes d&rsquo;huile dans un diffuseur tuent les germes et les bact\u00e9ries en suspension dans l&rsquo;air, une bonne id\u00e9e pour une chambre de malade.&nbsp;<\/p>\n<p>L&rsquo;huile essentielle d&rsquo;eucalyptus est \u00e0 usage externe uniquement ; consultez toujours un praticien autoris\u00e9 lorsque vous l&rsquo;utilisez comme rem\u00e8de de sant\u00e9. Les huiles essentielles ont jou\u00e9 un r\u00f4le dans la gu\u00e9rison dans les temps anciens en \u00e9gypte, en Chine et dans d&rsquo;autres parties du monde. On dit qu&rsquo;ils sont la plus ancienne forme de m\u00e9decine et de cosm\u00e9tique, car ils sont distill\u00e9s \u00e0 partir de plantes, n&rsquo;impliquant pas de processus ou de machines compliqu\u00e9s, mais n\u00e9anmoins un art. Pour leurs propri\u00e9t\u00e9s curatives et aromatiques, ils \u00e9taient consid\u00e9r\u00e9s comme plus pr\u00e9cieux que l&rsquo;or pour les anciens.&nbsp;<\/p>\n<p><strong><span style=\"color: rgb(75, 80, 88);\">Nom latin :<\/span><\/strong> Eucalyptus Globulus&nbsp;<\/p>\n<p><strong><span style=\"color: rgb(75, 80, 88);\">Partie de la plante utilis\u00e9e :<\/span><\/strong> feuilles&nbsp;<\/p>\n<p><strong><span style=\"color: rgb(75, 80, 88);\">Provenance :<\/span><\/strong> Portugal&nbsp;<\/p>\n<p><strong><span style=\"color: rgb(75, 80, 88);\">M\u00e9thode d&rsquo;extraction :<\/span><\/strong> Distillation \u00e0 la vapeur&nbsp;<\/p>\n<p><strong><span style=\"color: rgb(141, 186, 216);\">NB : Nos Huiles Essentielles ne conviennent pas \u00e0 un usage interne.<\/span><\/strong><\/p>\n","protected":false},"excerpt":{"rendered":"<p>L&rsquo;huile essentielle d&rsquo;eucalyptus biologique en gros est un liquide concentr\u00e9 contenant des compos\u00e9s aromatiques volatils de l&rsquo;arbre Eucalyptus Globulus. Il est g\u00e9n\u00e9ralement distill\u00e9, parfois exprim\u00e9 ou extrait par solvant. L&rsquo;huile essentielle d&rsquo;eucalyptus serait antibact\u00e9rienne, d\u00e9sinfectante et antalgique. Il a \u00e9t\u00e9 utilis\u00e9 pour soulager la toux, le rhume et d&rsquo;autres troubles respiratoires.&nbsp; Elle apaise les douleurs [&hellip;]<\/p>\n","protected":false},"featured_media":268772,"comment_status":"closed","ping_status":"open","template":"","meta":{"_angie_page":false},"product_brand":[27093],"product_cat":[16450,26180,23646,26657,26867,25842],"product_tag":[],"class_list":{"0":"post-242200","1":"product","2":"type-product","3":"status-publish","4":"has-post-thumbnail","6":"product_brand-ancient-wisdom","7":"product_cat-aromatherapie-et-parfums-d-ambiance","8":"product_cat-eucalyptus","9":"product_cat-huiles-essentielles","10":"product_cat-huiles-essentielles-ecologiques","11":"product_cat-medicinal-camphre","12":"product_cat-senteurs-aromes","13":"pa_collection-50ml-organic-essential-oils-for-professionals-fr","14":"pa_made-in-chine","15":"pa_size-50ml","17":"first","18":"instock","19":"purchasable","20":"product-type-simple"},"supplier_id":null,"supplier_sku":"PreOrg-03","barcode":null,"atum_controlled":true,"out_stock_date":null,"out_stock_threshold":null,"inheritable":false,"inbound_stock":null,"stock_on_hold":0,"sold_today":0,"sales_last_days":0,"reserved_stock":null,"customer_returns":null,"warehouse_damage":null,"lost_in_post":null,"other_logs":null,"out_stock_days":0,"lost_sales":0,"has_location":null,"update_date":"2026-04-27T07:18:37","atum_locations":[],"atum_stock_status":"instock","restock_status":false,"low_stock_amount":"","sales_update_date":"2026-01-30T01:24:58","calc_backorders":null,"_links":{"self":[{"href":"https:\/\/aromasentia.com\/fr\/wp-json\/wp\/v2\/product\/242200","targetHints":{"allow":["GET"]}}],"collection":[{"href":"https:\/\/aromasentia.com\/fr\/wp-json\/wp\/v2\/product"}],"about":[{"href":"https:\/\/aromasentia.com\/fr\/wp-json\/wp\/v2\/types\/product"}],"replies":[{"embeddable":true,"href":"https:\/\/aromasentia.com\/fr\/wp-json\/wp\/v2\/comments?post=242200"}],"version-history":[{"count":0,"href":"https:\/\/aromasentia.com\/fr\/wp-json\/wp\/v2\/product\/242200\/revisions"}],"wp:featuredmedia":[{"embeddable":true,"href":"https:\/\/aromasentia.com\/fr\/wp-json\/wp\/v2\/media\/268772"}],"wp:attachment":[{"href":"https:\/\/aromasentia.com\/fr\/wp-json\/wp\/v2\/media?parent=242200"}],"wp:term":[{"taxonomy":"product_brand","embeddable":true,"href":"https:\/\/aromasentia.com\/fr\/wp-json\/wp\/v2\/product_brand?post=242200"},{"taxonomy":"product_cat","embeddable":true,"href":"https:\/\/aromasentia.com\/fr\/wp-json\/wp\/v2\/product_cat?post=242200"},{"taxonomy":"product_tag","embeddable":true,"href":"https:\/\/aromasentia.com\/fr\/wp-json\/wp\/v2\/product_tag?post=242200"}],"curies":[{"name":"wp","href":"https:\/\/api.w.org\/{rel}","templated":true}]}}