{"id":242184,"date":"2025-03-20T15:16:36","date_gmt":"2025-03-20T15:16:36","guid":{"rendered":"https:\/\/aromasentia.com\/product\/200-ml-round-antique-reed-diffuser-bottle-charcoal\/"},"modified":"2025-06-23T19:16:21","modified_gmt":"2025-06-23T19:16:21","slug":"250-ml-bouteilles-diffuseur-antique-ronde-charbon-bouchons-vendus-separement","status":"publish","type":"product","link":"https:\/\/aromasentia.com\/fr\/250-ml-bouteilles-diffuseur-antique-ronde-charbon-bouchons-vendus-separement\/","title":{"rendered":"250 mL Bouteilles Diffuseur Antique Ronde &#8211; Charbon (bouchons vendus s\u00e9par\u00e9ment)"},"content":{"rendered":"<h1><a href=\"https:\/\/aromasentia.com\/rdbot-17g\">RDBot-17g &nbsp;<\/a>Lot de 6 Bouteilles Diffuseur Antique Ronde &#8211; Charbon (250 mL)<\/h1>\n<p>Transformez votre maison en un havre de fra\u00eecheur et de s\u00e9r\u00e9nit\u00e9 avec notre lot de 6 bouteilles diffuseur antique ronde en verre, couleur charbon. D&rsquo;une capacit\u00e9 de 250 mL chacune, ces bouteilles sont parfaites pour cr\u00e9er des diffuseurs de parfum uniques et \u00e9l\u00e9gants. Veuillez noter que les bouchons sont vendus s\u00e9par\u00e9ment, ce qui vous permet de personnaliser chaque diffuseur selon vos pr\u00e9f\u00e9rences.<\/p>\n<h2>Caract\u00e9ristiques :<\/h2>\n<p><strong>Capacit\u00e9 Id\u00e9ale :<\/strong> Chaque bouteille a une capacit\u00e9 de 250 mL, id\u00e9ale pour une diffusion prolong\u00e9e de vos parfums pr\u00e9f\u00e9r\u00e9s.&nbsp;<\/p>\n<p><strong>Design Antique :<\/strong> Leur forme ronde et leur couleur charbon leur conf\u00e8rent un aspect vintage et raffin\u00e9, ajoutant une touche d&rsquo;\u00e9l\u00e9gance \u00e0 votre d\u00e9coration int\u00e9rieure.<\/p>\n<p><strong>Lot de 6 :&nbsp;<\/strong>Parfait pour les cr\u00e9ateurs de parfums ou pour offrir en cadeau, ce lot de 6 bouteilles vous permet de cr\u00e9er plusieurs diffuseurs personnalis\u00e9s.&nbsp;<\/p>\n<p><strong>Polyvalent :&nbsp;<\/strong>Les bouteilles conviennent non seulement aux huiles essentielles, mais aussi aux parfums d&rsquo;ambiance, aux parfums maison et \u00e0 bien d&rsquo;autres liquides parfum\u00e9s.&nbsp;<\/p>\n<p><strong>Cr\u00e9ez une atmosph\u00e8re parfum\u00e9e et \u00e9l\u00e9gante dans votre maison avec notre lot de 6 bouteilles diffuseur antique ronde. Commandez d\u00e8s maintenant !<\/strong><\/p>\n<p><em>Veuillez noter que les couvercles et les capuchons sont vendus s\u00e9par\u00e9ment.<\/em><\/p>\n<p><em><strong>Bouchons compatibles :&nbsp;<\/strong><\/em><\/p>\n<p><strong><a href=\"https:\/\/aromasentia.com\/rdbot-17s\">RDBot-17s<\/a><\/strong><\/p>\n<p><strong><a href=\"https:\/\/aromasentia.com\/rdbot-17s\">RDBot-17g &nbsp;<\/a><\/strong><\/p>\n<p><a href=\"https:\/\/aromasentia.com\/rdbot-17\"><strong>RDBot-17<\/strong><\/a> <\/p>\n","protected":false},"excerpt":{"rendered":"<p>RDBot-17g &nbsp;Lot de 6 Bouteilles Diffuseur Antique Ronde &#8211; Charbon (250 mL) Transformez votre maison en un havre de fra\u00eecheur et de s\u00e9r\u00e9nit\u00e9 avec notre lot de 6 bouteilles diffuseur antique ronde en verre, couleur charbon. D&rsquo;une capacit\u00e9 de 250 mL chacune, ces bouteilles sont parfaites pour cr\u00e9er des diffuseurs de parfum uniques et \u00e9l\u00e9gants. [&hellip;]<\/p>\n","protected":false},"featured_media":269146,"comment_status":"closed","ping_status":"open","template":"","meta":{"_angie_page":false},"product_brand":[],"product_cat":[16515,16514],"product_tag":[],"class_list":{"0":"post-242184","1":"product","2":"type-product","3":"status-publish","4":"has-post-thumbnail","6":"product_cat-diffuseurs-a-tiges","7":"product_cat-diffuseurs-ultrason-et-dambiance","8":"pa_collection-diffuser-bottles-fr","9":"pa_made-in-chine","10":"pa_size-200ml","12":"first","13":"instock","14":"purchasable","15":"product-type-simple"},"supplier_id":null,"supplier_sku":"RDBot-06","barcode":null,"atum_controlled":true,"out_stock_date":null,"out_stock_threshold":null,"inheritable":false,"inbound_stock":0,"stock_on_hold":0,"sold_today":0,"sales_last_days":0,"reserved_stock":0,"customer_returns":0,"warehouse_damage":0,"lost_in_post":0,"other_logs":0,"out_stock_days":0,"lost_sales":0,"has_location":false,"update_date":"2026-05-08T05:17:59","atum_locations":[],"atum_stock_status":"instock","restock_status":false,"low_stock_amount":"","sales_update_date":"2026-02-06T00:02:24","calc_backorders":null,"_links":{"self":[{"href":"https:\/\/aromasentia.com\/fr\/wp-json\/wp\/v2\/product\/242184","targetHints":{"allow":["GET"]}}],"collection":[{"href":"https:\/\/aromasentia.com\/fr\/wp-json\/wp\/v2\/product"}],"about":[{"href":"https:\/\/aromasentia.com\/fr\/wp-json\/wp\/v2\/types\/product"}],"replies":[{"embeddable":true,"href":"https:\/\/aromasentia.com\/fr\/wp-json\/wp\/v2\/comments?post=242184"}],"version-history":[{"count":0,"href":"https:\/\/aromasentia.com\/fr\/wp-json\/wp\/v2\/product\/242184\/revisions"}],"wp:featuredmedia":[{"embeddable":true,"href":"https:\/\/aromasentia.com\/fr\/wp-json\/wp\/v2\/media\/269146"}],"wp:attachment":[{"href":"https:\/\/aromasentia.com\/fr\/wp-json\/wp\/v2\/media?parent=242184"}],"wp:term":[{"taxonomy":"product_brand","embeddable":true,"href":"https:\/\/aromasentia.com\/fr\/wp-json\/wp\/v2\/product_brand?post=242184"},{"taxonomy":"product_cat","embeddable":true,"href":"https:\/\/aromasentia.com\/fr\/wp-json\/wp\/v2\/product_cat?post=242184"},{"taxonomy":"product_tag","embeddable":true,"href":"https:\/\/aromasentia.com\/fr\/wp-json\/wp\/v2\/product_tag?post=242184"}],"curies":[{"name":"wp","href":"https:\/\/api.w.org\/{rel}","templated":true}]}}