{"id":242176,"date":"2025-03-20T15:16:36","date_gmt":"2025-03-20T15:16:36","guid":{"rendered":"https:\/\/aromasentia.com\/product\/square-bottle-diffuser-lid-200ml\/"},"modified":"2025-06-23T19:16:21","modified_gmt":"2025-06-23T19:16:21","slug":"bouteille-carree-avec-bouchon-200ml","status":"publish","type":"product","link":"https:\/\/aromasentia.com\/fr\/bouteille-carree-avec-bouchon-200ml\/","title":{"rendered":"Bouteille Carr\u00e9e avec Bouchon &#8211; 200ml"},"content":{"rendered":"<p><strong>Dimensions: 6,5&#215;6,5&#215;9,5cm<\/strong><\/p>\n<p>Des bouteilles lourdes en verre de qualit\u00e9 avec bouchon en plastique pour le transport et des capuchons de diffuseur noir ( roseaux non inclus).<\/p>\n<p>Des bouteilles simples, mais un verre \u00e9l\u00e9gant et parfait pour les parfums d&rsquo;ambiance.<\/p>\n<p>Ajoutez vos propres huiles d&rsquo;aromath\u00e9rapie ou parfums rafra\u00eechissants avec des roseaux pour \u00e9gayer les maisons de vos clients.<\/p>\n<p>Cette gamme comprend deux bouteilles de verre simples et deux bouteilles de luxe sculpt\u00e9es ,ce qui vous donne le choix pour faire votre propre gamme des parfums essentiels ou de luxe.<\/p>\n","protected":false},"excerpt":{"rendered":"<p>Dimensions: 6,5&#215;6,5&#215;9,5cm Des bouteilles lourdes en verre de qualit\u00e9 avec bouchon en plastique pour le transport et des capuchons de diffuseur noir ( roseaux non inclus). Des bouteilles simples, mais un verre \u00e9l\u00e9gant et parfait pour les parfums d&rsquo;ambiance. Ajoutez vos propres huiles d&rsquo;aromath\u00e9rapie ou parfums rafra\u00eechissants avec des roseaux pour \u00e9gayer les maisons de [&hellip;]<\/p>\n","protected":false},"featured_media":269024,"comment_status":"closed","ping_status":"open","template":"","meta":[],"product_brand":[],"product_cat":[16515,16514],"product_tag":[],"class_list":{"0":"post-242176","1":"product","2":"type-product","3":"status-publish","4":"has-post-thumbnail","6":"product_cat-diffuseurs-a-tiges","7":"product_cat-diffuseurs-ultrason-et-dambiance","8":"pa_collection-diffuser-bottles-fr","9":"pa_made-in-chine","10":"pa_size-200ml","12":"first","13":"instock","14":"purchasable","15":"product-type-simple"},"supplier_id":null,"supplier_sku":"RDBot-02","barcode":null,"atum_controlled":true,"out_stock_date":null,"out_stock_threshold":null,"inheritable":false,"inbound_stock":null,"stock_on_hold":0,"sold_today":0,"sales_last_days":0,"reserved_stock":null,"customer_returns":null,"warehouse_damage":null,"lost_in_post":null,"other_logs":null,"out_stock_days":61,"lost_sales":0,"has_location":null,"update_date":"2026-02-10T10:25:12","atum_locations":[],"atum_stock_status":"instock","restock_status":false,"low_stock_amount":"","sales_update_date":"2026-01-20T05:14:40","calc_backorders":null,"_links":{"self":[{"href":"https:\/\/aromasentia.com\/fr\/wp-json\/wp\/v2\/product\/242176","targetHints":{"allow":["GET"]}}],"collection":[{"href":"https:\/\/aromasentia.com\/fr\/wp-json\/wp\/v2\/product"}],"about":[{"href":"https:\/\/aromasentia.com\/fr\/wp-json\/wp\/v2\/types\/product"}],"replies":[{"embeddable":true,"href":"https:\/\/aromasentia.com\/fr\/wp-json\/wp\/v2\/comments?post=242176"}],"version-history":[{"count":0,"href":"https:\/\/aromasentia.com\/fr\/wp-json\/wp\/v2\/product\/242176\/revisions"}],"wp:featuredmedia":[{"embeddable":true,"href":"https:\/\/aromasentia.com\/fr\/wp-json\/wp\/v2\/media\/269024"}],"wp:attachment":[{"href":"https:\/\/aromasentia.com\/fr\/wp-json\/wp\/v2\/media?parent=242176"}],"wp:term":[{"taxonomy":"product_brand","embeddable":true,"href":"https:\/\/aromasentia.com\/fr\/wp-json\/wp\/v2\/product_brand?post=242176"},{"taxonomy":"product_cat","embeddable":true,"href":"https:\/\/aromasentia.com\/fr\/wp-json\/wp\/v2\/product_cat?post=242176"},{"taxonomy":"product_tag","embeddable":true,"href":"https:\/\/aromasentia.com\/fr\/wp-json\/wp\/v2\/product_tag?post=242176"}],"curies":[{"name":"wp","href":"https:\/\/api.w.org\/{rel}","templated":true}]}}