{"id":242156,"date":"2025-03-20T15:16:36","date_gmt":"2025-03-20T15:16:36","guid":{"rendered":"https:\/\/aromasentia.com\/product\/petitgrain-organic-essential-oil-50ml\/"},"modified":"2025-06-23T19:16:17","modified_gmt":"2025-06-23T19:16:17","slug":"huile-essentielle-biologique-50ml-petitgrain","status":"publish","type":"product","link":"https:\/\/aromasentia.com\/fr\/huile-essentielle-biologique-50ml-petitgrain\/","title":{"rendered":"Huile Essentielle Biologique 50ml &#8211; Petitgrain"},"content":{"rendered":"<p><strong><span style=\"color: rgb(75, 80, 88);\">L&rsquo;huile essentielle biologique de Petitgrain<\/span><\/strong> est d\u00e9riv\u00e9e de l&rsquo;oranger amer, qui a une longue histoire d&rsquo;utilisation dans les pratiques de sant\u00e9 traditionnelles. Historiquement, l&rsquo;huile essentielle de petit grain a \u00e9t\u00e9 utilis\u00e9e \u00e0 des fins de nettoyage.&nbsp;<\/p>\n<p>Le petit grain est largement utilis\u00e9 dans l&rsquo;industrie du parfum, donnant aux sprays corporels, aux parfums, aux lotions et aux eaux de Cologne une note herbac\u00e9e fra\u00eeche qui est appr\u00e9ci\u00e9e tant par les femmes que par les hommes.&nbsp;<\/p>\n<p>L&rsquo;huile essentielle de petitgrain poss\u00e8de un<strong><span style=\"color: rgb(75, 80, 88);\">&nbsp;ar\u00f4me \u00e0 la fois doux et acidul\u00e9, avec de subtiles caract\u00e9ristiques florales et bois\u00e9es.<\/span><\/strong> Elle se marie particuli\u00e8rement bien avec les huiles d&rsquo;agrumes, de fleurs et de bois.&nbsp;<\/p>\n<p>Le petitgrain stimule les sentiments de joie et de bravoure face \u00e0 un d\u00e9fi et aide \u00e0 promouvoir l&rsquo;espoir et le calme.&nbsp;<\/p>\n<p><strong><span style=\"color: rgb(75, 80, 88);\">Nom latin <\/span><\/strong>: Citrus Aurantium var. Amara&nbsp;<\/p>\n<p><strong><span style=\"color: rgb(75, 80, 88);\">Partie de la plante utilis\u00e9e&nbsp;<\/span><\/strong>: Feuilles et rameaux&nbsp;<\/p>\n<p><strong><span style=\"color: rgb(75, 80, 88);\">Origine :&nbsp;<\/span><\/strong>Paraguay&nbsp;<\/p>\n<p><strong><span style=\"color: rgb(75, 80, 88);\">M\u00e9thode d&rsquo;extraction :<\/span><\/strong> Distillation \u00e0 la vapeur d&rsquo;eau&nbsp;<\/p>\n<p><strong><span style=\"color: rgb(184, 49, 47);\">NB : Nos huiles essentielles ne conviennent pas \u00e0 un usage interne.<\/span><\/strong><\/p>\n","protected":false},"excerpt":{"rendered":"<p>L&rsquo;huile essentielle biologique de Petitgrain est d\u00e9riv\u00e9e de l&rsquo;oranger amer, qui a une longue histoire d&rsquo;utilisation dans les pratiques de sant\u00e9 traditionnelles. Historiquement, l&rsquo;huile essentielle de petit grain a \u00e9t\u00e9 utilis\u00e9e \u00e0 des fins de nettoyage.&nbsp; Le petit grain est largement utilis\u00e9 dans l&rsquo;industrie du parfum, donnant aux sprays corporels, aux parfums, aux lotions et [&hellip;]<\/p>\n","protected":false},"featured_media":268907,"comment_status":"closed","ping_status":"open","template":"","meta":{"_angie_page":false},"product_brand":[27093],"product_cat":[16450,26818,23646,26657,26342,25842],"product_tag":[],"class_list":{"0":"post-242156","1":"product","2":"type-product","3":"status-publish","4":"has-post-thumbnail","6":"product_brand-ancient-wisdom","7":"product_cat-aromatherapie-et-parfums-d-ambiance","8":"product_cat-hesperide-agrumes","9":"product_cat-huiles-essentielles","10":"product_cat-huiles-essentielles-ecologiques","11":"product_cat-petitgrain","12":"product_cat-senteurs-aromes","13":"pa_collection-50ml-organic-essential-oils-for-professionals-fr","14":"pa_made-in-paraguay","15":"pa_size-50ml","17":"first","18":"instock","19":"purchasable","20":"product-type-simple"},"supplier_id":null,"supplier_sku":"PreOrg-18","barcode":null,"atum_controlled":true,"out_stock_date":null,"out_stock_threshold":null,"inheritable":false,"inbound_stock":null,"stock_on_hold":0,"sold_today":0,"sales_last_days":0,"reserved_stock":null,"customer_returns":null,"warehouse_damage":null,"lost_in_post":null,"other_logs":null,"out_stock_days":0,"lost_sales":0,"has_location":null,"update_date":"2026-04-27T07:18:41","atum_locations":[],"atum_stock_status":"instock","restock_status":false,"low_stock_amount":"","sales_update_date":"2026-01-30T01:26:03","calc_backorders":null,"_links":{"self":[{"href":"https:\/\/aromasentia.com\/fr\/wp-json\/wp\/v2\/product\/242156","targetHints":{"allow":["GET"]}}],"collection":[{"href":"https:\/\/aromasentia.com\/fr\/wp-json\/wp\/v2\/product"}],"about":[{"href":"https:\/\/aromasentia.com\/fr\/wp-json\/wp\/v2\/types\/product"}],"replies":[{"embeddable":true,"href":"https:\/\/aromasentia.com\/fr\/wp-json\/wp\/v2\/comments?post=242156"}],"version-history":[{"count":0,"href":"https:\/\/aromasentia.com\/fr\/wp-json\/wp\/v2\/product\/242156\/revisions"}],"wp:featuredmedia":[{"embeddable":true,"href":"https:\/\/aromasentia.com\/fr\/wp-json\/wp\/v2\/media\/268907"}],"wp:attachment":[{"href":"https:\/\/aromasentia.com\/fr\/wp-json\/wp\/v2\/media?parent=242156"}],"wp:term":[{"taxonomy":"product_brand","embeddable":true,"href":"https:\/\/aromasentia.com\/fr\/wp-json\/wp\/v2\/product_brand?post=242156"},{"taxonomy":"product_cat","embeddable":true,"href":"https:\/\/aromasentia.com\/fr\/wp-json\/wp\/v2\/product_cat?post=242156"},{"taxonomy":"product_tag","embeddable":true,"href":"https:\/\/aromasentia.com\/fr\/wp-json\/wp\/v2\/product_tag?post=242156"}],"curies":[{"name":"wp","href":"https:\/\/api.w.org\/{rel}","templated":true}]}}