{"id":242140,"date":"2025-03-20T15:16:36","date_gmt":"2025-03-20T15:16:36","guid":{"rendered":"https:\/\/aromasentia.com\/product\/clary-sage-organic-essential-oil-50ml\/"},"modified":"2025-06-23T19:16:15","modified_gmt":"2025-06-23T19:16:15","slug":"huile-essentielle-biologique-50ml-sauge-sclaree","status":"publish","type":"product","link":"https:\/\/aromasentia.com\/fr\/huile-essentielle-biologique-50ml-sauge-sclaree\/","title":{"rendered":"Huile Essentielle Biologique 50ml &#8211; Sauge Sclar\u00e9e"},"content":{"rendered":"<p>S\u00e9r\u00e9nit\u00e9 gr\u00e2ce aux prix de gros de <strong><span style=\"color: rgb(75, 80, 88);\">l&rsquo;huile essentielle de sauge sclar\u00e9e<\/span><\/strong> &#8211; Adoptez l&rsquo;essence calmante de la nature !&nbsp;<\/p>\n<p>L&rsquo;huile essentielle de sauge sclar\u00e9e est une huile naturelle et pure extraite des feuilles et des fleurs de la plante Salvia sclarea. Cette huile est connue pour son ar\u00f4me doux, herbac\u00e9 et terreux et est tr\u00e8s utilis\u00e9e en aromath\u00e9rapie pour ses propri\u00e9t\u00e9s relaxantes et calmantes.&nbsp;<\/p>\n<p>Ce flacon de 50 ml d&rsquo;huile essentielle de sauge sclar\u00e9e biologique est produit sans pesticides ni produits chimiques nocifs et ne contient aucun additif ni ingr\u00e9dient synth\u00e9tique.&nbsp;<\/p>\n<p><strong><span style=\"color: rgb(75, 80, 88);\">L&rsquo;huile de sauge sclar\u00e9e est un choix populaire pour aider \u00e0 r\u00e9duire le stress et l&rsquo;anxi\u00e9t\u00e9<\/span><\/strong>, favorisant un sentiment de relaxation et de bien-\u00eatre.&nbsp;<\/p>\n<p>En aromath\u00e9rapie, l&rsquo;huile essentielle de sauge sclar\u00e9e a un effet \u00e9quilibrant sur le corps et l&rsquo;esprit, favorisant les sentiments de clart\u00e9 et de concentration mentale. Elle est \u00e9galement utilis\u00e9e pour soulager les maux de t\u00eate, l&rsquo;insomnie et la fatigue.&nbsp;<\/p>\n<p>Faites l&rsquo;exp\u00e9rience de la tranquillit\u00e9 sereine &#8211; Achetez en gros de l&rsquo;huile essentielle de sauge sclar\u00e9e et profitez de la touche apaisante de la nature d\u00e8s aujourd&rsquo;hui !<\/p>\n","protected":false},"excerpt":{"rendered":"<p>S\u00e9r\u00e9nit\u00e9 gr\u00e2ce aux prix de gros de l&rsquo;huile essentielle de sauge sclar\u00e9e &#8211; Adoptez l&rsquo;essence calmante de la nature !&nbsp; L&rsquo;huile essentielle de sauge sclar\u00e9e est une huile naturelle et pure extraite des feuilles et des fleurs de la plante Salvia sclarea. Cette huile est connue pour son ar\u00f4me doux, herbac\u00e9 et terreux et est [&hellip;]<\/p>\n","protected":false},"featured_media":268871,"comment_status":"closed","ping_status":"open","template":"","meta":[],"product_brand":[27093],"product_cat":[16450,26860,23646,26657,26144,25842],"product_tag":[],"class_list":{"0":"post-242140","1":"product","2":"type-product","3":"status-publish","4":"has-post-thumbnail","6":"product_brand-ancient-wisdom","7":"product_cat-aromatherapie-et-parfums-d-ambiance","8":"product_cat-herbes-aromatiques","9":"product_cat-huiles-essentielles","10":"product_cat-huiles-essentielles-ecologiques","11":"product_cat-sauge-sclaree","12":"product_cat-senteurs-aromes","13":"pa_collection-50ml-organic-essential-oils-for-professionals-fr","14":"pa_made-in-france","15":"pa_size-50ml","17":"first","18":"instock","19":"purchasable","20":"product-type-simple"},"supplier_id":null,"supplier_sku":"PreOrg-14","barcode":null,"atum_controlled":true,"out_stock_date":null,"out_stock_threshold":null,"inheritable":false,"inbound_stock":null,"stock_on_hold":0,"sold_today":0,"sales_last_days":0,"reserved_stock":null,"customer_returns":null,"warehouse_damage":null,"lost_in_post":null,"other_logs":null,"out_stock_days":0,"lost_sales":0,"has_location":null,"update_date":"2026-01-30T01:24:25","atum_locations":[],"atum_stock_status":"instock","restock_status":false,"low_stock_amount":"","sales_update_date":"2026-01-30T01:24:25","calc_backorders":null,"_links":{"self":[{"href":"https:\/\/aromasentia.com\/fr\/wp-json\/wp\/v2\/product\/242140","targetHints":{"allow":["GET"]}}],"collection":[{"href":"https:\/\/aromasentia.com\/fr\/wp-json\/wp\/v2\/product"}],"about":[{"href":"https:\/\/aromasentia.com\/fr\/wp-json\/wp\/v2\/types\/product"}],"replies":[{"embeddable":true,"href":"https:\/\/aromasentia.com\/fr\/wp-json\/wp\/v2\/comments?post=242140"}],"version-history":[{"count":0,"href":"https:\/\/aromasentia.com\/fr\/wp-json\/wp\/v2\/product\/242140\/revisions"}],"wp:featuredmedia":[{"embeddable":true,"href":"https:\/\/aromasentia.com\/fr\/wp-json\/wp\/v2\/media\/268871"}],"wp:attachment":[{"href":"https:\/\/aromasentia.com\/fr\/wp-json\/wp\/v2\/media?parent=242140"}],"wp:term":[{"taxonomy":"product_brand","embeddable":true,"href":"https:\/\/aromasentia.com\/fr\/wp-json\/wp\/v2\/product_brand?post=242140"},{"taxonomy":"product_cat","embeddable":true,"href":"https:\/\/aromasentia.com\/fr\/wp-json\/wp\/v2\/product_cat?post=242140"},{"taxonomy":"product_tag","embeddable":true,"href":"https:\/\/aromasentia.com\/fr\/wp-json\/wp\/v2\/product_tag?post=242140"}],"curies":[{"name":"wp","href":"https:\/\/api.w.org\/{rel}","templated":true}]}}