{"id":242100,"date":"2025-03-20T15:17:23","date_gmt":"2025-03-20T15:17:23","guid":{"rendered":"https:\/\/aromasentia.com\/product\/100-ml-square-long-reed-diffuser-bottle-amber\/"},"modified":"2025-06-23T19:16:10","modified_gmt":"2025-06-23T19:16:10","slug":"100-ml-bouteille-diffuseur-longue-ambree-bouchons-vendus-separement","status":"publish","type":"product","link":"https:\/\/aromasentia.com\/fr\/100-ml-bouteille-diffuseur-longue-ambree-bouchons-vendus-separement\/","title":{"rendered":"100 mL Bouteille Diffuseur Longue &#8211; Ambr\u00e9e (Bouchons vendus s\u00e9par\u00e9ment)"},"content":{"rendered":"<h1>Lot de 6 Bouteilles Diffuseurs Longues en Verre Ambr\u00e9 &#8211; 100 &nbsp;ml<\/h1>\n<p>Cr\u00e9ez des diffuseurs de parfum \u00e9l\u00e9gants et personnalis\u00e9s avec notre lot de 6 bouteilles diffuseurs longues en verre ambr\u00e9 de 100 mL. Id\u00e9ales pour les amateurs de d\u00e9coration raffin\u00e9e et les cr\u00e9ateurs de parfums d&rsquo;int\u00e9rieur, ces bouteilles offrent un design \u00e9pur\u00e9 et une diffusion optimale. Veuillez noter que les bouchons sont vendus s\u00e9par\u00e9ment, vous permettant ainsi de personnaliser chaque diffuseur selon vos pr\u00e9f\u00e9rences.&nbsp;<\/p>\n<h2>Caract\u00e9ristiques :<\/h2>\n<p><strong>Capacit\u00e9 :<\/strong> Chaque bouteille a une capacit\u00e9 de 100 mL, id\u00e9ale pour une diffusion prolong\u00e9e de vos huiles essentielles ou parfums pr\u00e9f\u00e9r\u00e9s.&nbsp;<\/p>\n<p><strong>Design \u00e9l\u00e9gant :<\/strong> Forme longue et verre ambr\u00e9, ces bouteilles apportent une touche de sophistication \u00e0 tout int\u00e9rieur.&nbsp;<\/p>\n<p><strong>Lot de 6 :&nbsp;<\/strong>Parfait pour les cr\u00e9ateurs de parfums ou pour offrir en cadeau, ce lot de 6 bouteilles permet de cr\u00e9er plusieurs diffuseurs personnalis\u00e9s. &#8211;&nbsp;<\/p>\n<p><strong>Personnalisable :<\/strong> Les bouchons \u00e9tant vendus s\u00e9par\u00e9ment, vous avez la libert\u00e9 de choisir parmi une vari\u00e9t\u00e9 de styles pour parfaire vos cr\u00e9ations. &nbsp;<\/p>\n<p>Commandez d\u00e8s maintenant ce lot de 6 bouteilles diffuseurs longues et commencez \u00e0 cr\u00e9er des diffuseurs de parfum \u00e9l\u00e9gants et personnalis\u00e9s pour chaque pi\u00e8ce de votre maison !<\/p>\n<p><strong>Dimensions :<\/strong> H: 10.5 cm L : 4.8 cm <\/p>\n<p><strong>Veuillez noter que les couvercles et les capuchons sont vendus s\u00e9par\u00e9ment.<\/strong><\/p>\n<p>Ces bouteilles sont compatibles avec les bouchons :&nbsp;<\/p>\n<p><a href=\"https:\/\/aromasentia.com\/rdbot-19s\">-RDBot-19s<\/a><\/p>\n<p><a href=\"https:\/\/aromasentia.com\/rdbot-19\">&#8211; RDBot-19 &nbsp;<\/a><\/p>\n","protected":false},"excerpt":{"rendered":"<p>Lot de 6 Bouteilles Diffuseurs Longues en Verre Ambr\u00e9 &#8211; 100 &nbsp;ml Cr\u00e9ez des diffuseurs de parfum \u00e9l\u00e9gants et personnalis\u00e9s avec notre lot de 6 bouteilles diffuseurs longues en verre ambr\u00e9 de 100 mL. Id\u00e9ales pour les amateurs de d\u00e9coration raffin\u00e9e et les cr\u00e9ateurs de parfums d&rsquo;int\u00e9rieur, ces bouteilles offrent un design \u00e9pur\u00e9 et une [&hellip;]<\/p>\n","protected":false},"featured_media":269391,"comment_status":"closed","ping_status":"open","template":"","meta":{"_angie_page":false},"product_brand":[],"product_cat":[16515,16514],"product_tag":[],"class_list":{"0":"post-242100","1":"product","2":"type-product","3":"status-publish","4":"has-post-thumbnail","6":"product_cat-diffuseurs-a-tiges","7":"product_cat-diffuseurs-ultrason-et-dambiance","8":"pa_collection-diffuser-bottles-fr","9":"pa_made-in-chine","10":"pa_size-100ml","12":"first","13":"instock","14":"purchasable","15":"product-type-simple"},"supplier_id":null,"supplier_sku":"RDBot-11","barcode":null,"atum_controlled":true,"out_stock_date":null,"out_stock_threshold":null,"inheritable":false,"inbound_stock":null,"stock_on_hold":0,"sold_today":0,"sales_last_days":0,"reserved_stock":null,"customer_returns":null,"warehouse_damage":null,"lost_in_post":null,"other_logs":null,"out_stock_days":0,"lost_sales":0,"has_location":null,"update_date":"2026-05-08T05:17:59","atum_locations":[],"atum_stock_status":"instock","restock_status":false,"low_stock_amount":"","sales_update_date":"2025-09-05T00:18:29","calc_backorders":null,"_links":{"self":[{"href":"https:\/\/aromasentia.com\/fr\/wp-json\/wp\/v2\/product\/242100","targetHints":{"allow":["GET"]}}],"collection":[{"href":"https:\/\/aromasentia.com\/fr\/wp-json\/wp\/v2\/product"}],"about":[{"href":"https:\/\/aromasentia.com\/fr\/wp-json\/wp\/v2\/types\/product"}],"replies":[{"embeddable":true,"href":"https:\/\/aromasentia.com\/fr\/wp-json\/wp\/v2\/comments?post=242100"}],"version-history":[{"count":0,"href":"https:\/\/aromasentia.com\/fr\/wp-json\/wp\/v2\/product\/242100\/revisions"}],"wp:featuredmedia":[{"embeddable":true,"href":"https:\/\/aromasentia.com\/fr\/wp-json\/wp\/v2\/media\/269391"}],"wp:attachment":[{"href":"https:\/\/aromasentia.com\/fr\/wp-json\/wp\/v2\/media?parent=242100"}],"wp:term":[{"taxonomy":"product_brand","embeddable":true,"href":"https:\/\/aromasentia.com\/fr\/wp-json\/wp\/v2\/product_brand?post=242100"},{"taxonomy":"product_cat","embeddable":true,"href":"https:\/\/aromasentia.com\/fr\/wp-json\/wp\/v2\/product_cat?post=242100"},{"taxonomy":"product_tag","embeddable":true,"href":"https:\/\/aromasentia.com\/fr\/wp-json\/wp\/v2\/product_tag?post=242100"}],"curies":[{"name":"wp","href":"https:\/\/api.w.org\/{rel}","templated":true}]}}