{"id":242092,"date":"2025-03-20T15:17:23","date_gmt":"2025-03-20T15:17:23","guid":{"rendered":"https:\/\/aromasentia.com\/product\/140-ml-round-alchemist-reed-diffuser-bottle-charcoal\/"},"modified":"2025-06-23T19:16:09","modified_gmt":"2025-06-23T19:16:09","slug":"140-ml-bouteilles-diffuseur-alchimiste-charbon-bouchons-vendus-separement","status":"publish","type":"product","link":"https:\/\/aromasentia.com\/fr\/140-ml-bouteilles-diffuseur-alchimiste-charbon-bouchons-vendus-separement\/","title":{"rendered":"140 mL Bouteilles Diffuseur Alchimiste &#8211; Charbon (bouchons vendus s\u00e9par\u00e9ment)"},"content":{"rendered":"<p>Bouteilles de diffuseur en gros.<\/p>\n<p>Ces bouteilles d&rsquo;AromaSentia sont de haute qualit\u00e9 et en verre lourd.&nbsp;<\/p>\n<p>Le design est simple et \u00e9l\u00e9gant, parfait pour les parfums d&rsquo;int\u00e9rieur et pour ajouter une touche de charme \u00e0 votre maison.&nbsp;<\/p>\n<p>Ajoutez vos propres huiles d&rsquo;aromath\u00e9rapie ou huiles parfum\u00e9es ainsi que quelques roseaux pour \u00e9gayer toutes pi\u00e8ces.&nbsp;<\/p>\n<p>Commandez d\u00e8s aujourd&rsquo;hui pour transformer votre boutique en v\u00e9ritable paradis aromatique!&nbsp;<\/p>\n<p><em>Veuillez noter que les couvercles et les capuchons sont vendus s\u00e9par\u00e9ment.<\/em><\/p>\n","protected":false},"excerpt":{"rendered":"<p>Bouteilles de diffuseur en gros. Ces bouteilles d&rsquo;AromaSentia sont de haute qualit\u00e9 et en verre lourd.&nbsp; Le design est simple et \u00e9l\u00e9gant, parfait pour les parfums d&rsquo;int\u00e9rieur et pour ajouter une touche de charme \u00e0 votre maison.&nbsp; Ajoutez vos propres huiles d&rsquo;aromath\u00e9rapie ou huiles parfum\u00e9es ainsi que quelques roseaux pour \u00e9gayer toutes pi\u00e8ces.&nbsp; Commandez d\u00e8s [&hellip;]<\/p>\n","protected":false},"featured_media":269293,"comment_status":"closed","ping_status":"open","template":"","meta":[],"product_brand":[],"product_cat":[16515,16514],"product_tag":[],"class_list":{"0":"post-242092","1":"product","2":"type-product","3":"status-publish","4":"has-post-thumbnail","6":"product_cat-diffuseurs-a-tiges","7":"product_cat-diffuseurs-ultrason-et-dambiance","8":"pa_collection-diffuser-bottles-fr","9":"pa_made-in-chine","10":"pa_size-140ml","12":"first","13":"instock","14":"purchasable","15":"product-type-simple"},"supplier_id":null,"supplier_sku":"RDBot-09","barcode":null,"atum_controlled":true,"out_stock_date":null,"out_stock_threshold":null,"inheritable":false,"inbound_stock":null,"stock_on_hold":0,"sold_today":0,"sales_last_days":0,"reserved_stock":null,"customer_returns":null,"warehouse_damage":null,"lost_in_post":null,"other_logs":null,"out_stock_days":10,"lost_sales":0,"has_location":null,"update_date":"2026-02-10T11:26:04","atum_locations":[],"atum_stock_status":"instock","restock_status":false,"low_stock_amount":"","sales_update_date":"2026-02-06T00:02:30","calc_backorders":null,"_links":{"self":[{"href":"https:\/\/aromasentia.com\/fr\/wp-json\/wp\/v2\/product\/242092","targetHints":{"allow":["GET"]}}],"collection":[{"href":"https:\/\/aromasentia.com\/fr\/wp-json\/wp\/v2\/product"}],"about":[{"href":"https:\/\/aromasentia.com\/fr\/wp-json\/wp\/v2\/types\/product"}],"replies":[{"embeddable":true,"href":"https:\/\/aromasentia.com\/fr\/wp-json\/wp\/v2\/comments?post=242092"}],"version-history":[{"count":0,"href":"https:\/\/aromasentia.com\/fr\/wp-json\/wp\/v2\/product\/242092\/revisions"}],"wp:featuredmedia":[{"embeddable":true,"href":"https:\/\/aromasentia.com\/fr\/wp-json\/wp\/v2\/media\/269293"}],"wp:attachment":[{"href":"https:\/\/aromasentia.com\/fr\/wp-json\/wp\/v2\/media?parent=242092"}],"wp:term":[{"taxonomy":"product_brand","embeddable":true,"href":"https:\/\/aromasentia.com\/fr\/wp-json\/wp\/v2\/product_brand?post=242092"},{"taxonomy":"product_cat","embeddable":true,"href":"https:\/\/aromasentia.com\/fr\/wp-json\/wp\/v2\/product_cat?post=242092"},{"taxonomy":"product_tag","embeddable":true,"href":"https:\/\/aromasentia.com\/fr\/wp-json\/wp\/v2\/product_tag?post=242092"}],"curies":[{"name":"wp","href":"https:\/\/api.w.org\/{rel}","templated":true}]}}