{"id":242004,"date":"2025-03-20T15:19:48","date_gmt":"2025-03-20T15:19:48","guid":{"rendered":"https:\/\/aromasentia.com\/product\/30x-roll-on-essential-oil-blend-cheer-up-unlabelled\/"},"modified":"2025-06-23T19:15:54","modified_gmt":"2025-06-23T19:15:54","slug":"lot-de-30-huiles-roll-on-exultez","status":"publish","type":"product","link":"https:\/\/aromasentia.com\/fr\/lot-de-30-huiles-roll-on-exultez\/","title":{"rendered":"Lot de 30 Huiles Roll-on &#8211; Exultez!"},"content":{"rendered":"<h4 style=\"text-align: center;\"><strong>Menthe, Orange, Myrrhe<\/strong><\/h4>\n<p>C&rsquo;est une excellente occasion d&rsquo;<strong>\u00e9tiqueter et de cr\u00e9er votre propre marque de m\u00e9langes d&rsquo;huiles essentielles Roll-Ons<\/strong>. Disponibles en gamme grossiste, les m\u00e9langes d&rsquo;huiles essentielles Roll-Ons de 10 ml sont fournies avec une simple petite \u00e9tiquette sur le carton et emball\u00e9s dans des bo\u00eetes Kraft par <strong>lot de 30<\/strong>. &nbsp;Vous avez le choix parmi &nbsp;sept m\u00e9langes diff\u00e9rents. <strong>Les Roll-Ons individuels ne sont pas \u00e9tiquet\u00e9s.<\/strong><br \/>Les Roll-ons deviennent de plus en plus populaires aupr\u00e8s des clients en aromath\u00e9rapie. Ils contiennent un <strong>m\u00e9lange d&rsquo;huiles essentielles 100% naturelles dilu\u00e9es dans une base d&rsquo;huile de support apaisante \u00e0 la vitamine E<\/strong>.&nbsp;Vos clients peuvent profiter des avantages de l&rsquo;aromath\u00e9rapie \u00e0 tout moment avec ces m\u00e9langes d&rsquo;huiles essentielles \u00e0 roulettes de poche. Compagnon de voyage id\u00e9al, que vos clients soient en d\u00e9placement quotidien ou dans le monde entier.<br \/>Le m\u00e9lange d&rsquo;huiles essentielles Roll-on peut \u00eatre <strong>facilement appliqu\u00e9 tout au long de la journ\u00e9e<\/strong> pendant les situations stressantes et les temps tendus, ce qui facilite plus que jamais l&rsquo;exp\u00e9rience de l&rsquo;aromath\u00e9rapie lorsque votre client en a le plus besoin.<\/p>\n<p><strong>&nbsp;Usage externe uniquement.<\/strong><\/p>\n","protected":false},"excerpt":{"rendered":"<p>Menthe, Orange, Myrrhe C&rsquo;est une excellente occasion d&rsquo;\u00e9tiqueter et de cr\u00e9er votre propre marque de m\u00e9langes d&rsquo;huiles essentielles Roll-Ons. Disponibles en gamme grossiste, les m\u00e9langes d&rsquo;huiles essentielles Roll-Ons de 10 ml sont fournies avec une simple petite \u00e9tiquette sur le carton et emball\u00e9s dans des bo\u00eetes Kraft par lot de 30. &nbsp;Vous avez le choix [&hellip;]<\/p>\n","protected":false},"featured_media":270093,"comment_status":"closed","ping_status":"open","template":"","meta":[],"product_brand":[27093],"product_cat":[16450,23646,26649],"product_tag":[],"class_list":{"0":"post-242004","1":"product","2":"type-product","3":"status-publish","4":"has-post-thumbnail","6":"product_brand-ancient-wisdom","7":"product_cat-aromatherapie-et-parfums-d-ambiance","8":"product_cat-huiles-essentielles","9":"product_cat-synergies-dhuiles-essentielles","10":"pa_collection-unlabelled-roll-on-essential-oil-blends-fr","11":"pa_made-in-royaume-uni","13":"first","14":"instock","15":"purchasable","16":"product-type-simple"},"supplier_id":null,"supplier_sku":"ReblUL-03","barcode":null,"atum_controlled":true,"out_stock_date":null,"out_stock_threshold":null,"inheritable":false,"inbound_stock":null,"stock_on_hold":0,"sold_today":0,"sales_last_days":0,"reserved_stock":null,"customer_returns":null,"warehouse_damage":null,"lost_in_post":null,"other_logs":null,"out_stock_days":0,"lost_sales":0,"has_location":null,"update_date":"2026-01-30T01:26:38","atum_locations":[],"atum_stock_status":"instock","restock_status":false,"low_stock_amount":"","sales_update_date":"2026-01-30T01:26:38","calc_backorders":null,"_links":{"self":[{"href":"https:\/\/aromasentia.com\/fr\/wp-json\/wp\/v2\/product\/242004","targetHints":{"allow":["GET"]}}],"collection":[{"href":"https:\/\/aromasentia.com\/fr\/wp-json\/wp\/v2\/product"}],"about":[{"href":"https:\/\/aromasentia.com\/fr\/wp-json\/wp\/v2\/types\/product"}],"replies":[{"embeddable":true,"href":"https:\/\/aromasentia.com\/fr\/wp-json\/wp\/v2\/comments?post=242004"}],"version-history":[{"count":0,"href":"https:\/\/aromasentia.com\/fr\/wp-json\/wp\/v2\/product\/242004\/revisions"}],"wp:featuredmedia":[{"embeddable":true,"href":"https:\/\/aromasentia.com\/fr\/wp-json\/wp\/v2\/media\/270093"}],"wp:attachment":[{"href":"https:\/\/aromasentia.com\/fr\/wp-json\/wp\/v2\/media?parent=242004"}],"wp:term":[{"taxonomy":"product_brand","embeddable":true,"href":"https:\/\/aromasentia.com\/fr\/wp-json\/wp\/v2\/product_brand?post=242004"},{"taxonomy":"product_cat","embeddable":true,"href":"https:\/\/aromasentia.com\/fr\/wp-json\/wp\/v2\/product_cat?post=242004"},{"taxonomy":"product_tag","embeddable":true,"href":"https:\/\/aromasentia.com\/fr\/wp-json\/wp\/v2\/product_tag?post=242004"}],"curies":[{"name":"wp","href":"https:\/\/api.w.org\/{rel}","templated":true}]}}