{"id":241984,"date":"2025-03-20T15:19:48","date_gmt":"2025-03-20T15:19:48","guid":{"rendered":"https:\/\/aromasentia.com\/product\/small-soapstone-oil-burner-8cm-om\/"},"modified":"2025-06-23T19:15:52","modified_gmt":"2025-06-23T19:15:52","slug":"petit-bruleur-a-huile-en-pierre-ollaire-8cm-om","status":"publish","type":"product","link":"https:\/\/aromasentia.com\/fr\/petit-bruleur-a-huile-en-pierre-ollaire-8cm-om\/","title":{"rendered":"Petit Br\u00fbleur \u00e0 Huile en Pierre Ollaire 8cm &#8211; Om"},"content":{"rendered":"<p>Fabriqu\u00e9e avec pr\u00e9cision et soin, notre nouvelle gamme de <strong><span style=\"color: rgb(75, 80, 88);\">Br\u00fbleurs d&rsquo;encens en pierre st\u00e9atite<\/span><\/strong> en gros, o\u00f9chaque pi\u00e8ce t\u00e9moigne du savoir-faire de l&rsquo;artisan, ce qui en fait \u00e0 la fois de superbes objets de d\u00e9coration et des outils pratiques pour cr\u00e9er une ambiance sereine.&nbsp;<\/p>\n<p>Ce br\u00fbleur d&rsquo;huile sur le th\u00e8me de l&rsquo;Om apporte un sentiment de s\u00e9r\u00e9nit\u00e9 et de connexion spirituelle \u00e0 votre espace. Fabriqu\u00e9 en pierre ollaire, il est un m\u00e9lange d\u00e9licieux d&rsquo;art et de tranquillit\u00e9.<\/p>\n<p>Pour vraiment am\u00e9liorer l&rsquo;exp\u00e9rience, nous vous recommandons de compl\u00e9ter ces br\u00fbleurs avec des<a href=\"https:\/\/aromasentia.com\/eo\">&nbsp;huiles essentielles<\/a>, des <a href=\"https:\/\/aromasentia.com\/awfo\">huiles parfum\u00e9es<\/a>, des <a href=\"https:\/\/aromasentia.com\/lwmelt\">cires fondues&nbsp;<\/a>ou des <a href=\"https:\/\/aromasentia.com\/sghc\">granul\u00e9s mijot\u00e9s<\/a>.&nbsp;<\/p>\n<p>La combinaison d&rsquo;huiles parfum\u00e9es et le doux souffle de l&rsquo;encens cr\u00e9e un voyage sensoriel qui captivera vos clients.&nbsp;<\/p>\n<p><strong><span style=\"color: rgb(141, 186, 216);\">Attention : assurez-vous qu&rsquo;il y a suffisamment d&rsquo;eau dans le r\u00e9cipient au-dessus du br\u00fbleur et placez toujours le br\u00fbleur \u00e0 mazout sur un tapis r\u00e9sistant \u00e0 la chaleur.<\/span><\/strong><\/p>\n","protected":false},"excerpt":{"rendered":"<p>Fabriqu\u00e9e avec pr\u00e9cision et soin, notre nouvelle gamme de Br\u00fbleurs d&rsquo;encens en pierre st\u00e9atite en gros, o\u00f9chaque pi\u00e8ce t\u00e9moigne du savoir-faire de l&rsquo;artisan, ce qui en fait \u00e0 la fois de superbes objets de d\u00e9coration et des outils pratiques pour cr\u00e9er une ambiance sereine.&nbsp; Ce br\u00fbleur d&rsquo;huile sur le th\u00e8me de l&rsquo;Om apporte un sentiment [&hellip;]<\/p>\n","protected":false},"featured_media":270341,"comment_status":"closed","ping_status":"open","template":"","meta":{"_angie_page":false},"product_brand":[],"product_cat":[18405,16514],"product_tag":[],"class_list":{"0":"post-241984","1":"product","2":"type-product","3":"status-publish","4":"has-post-thumbnail","6":"product_cat-bruleurs-d-huiles","7":"product_cat-diffuseurs-ultrason-et-dambiance","8":"pa_collection-soapstone-oil-burners-fr","9":"pa_made-in-inde","11":"first","12":"outofstock","13":"purchasable","14":"product-type-simple"},"supplier_id":null,"supplier_sku":"SoapOB-14","barcode":null,"atum_controlled":true,"out_stock_date":"2025-09-05 16:08:21","out_stock_threshold":null,"inheritable":false,"inbound_stock":null,"stock_on_hold":0,"sold_today":0,"sales_last_days":0,"reserved_stock":null,"customer_returns":null,"warehouse_damage":null,"lost_in_post":null,"other_logs":null,"out_stock_days":0,"lost_sales":0,"has_location":null,"update_date":"2026-04-27T07:21:52","atum_locations":[],"atum_stock_status":"outofstock","restock_status":false,"low_stock_amount":"","sales_update_date":"2025-09-05T00:18:35","calc_backorders":null,"_links":{"self":[{"href":"https:\/\/aromasentia.com\/fr\/wp-json\/wp\/v2\/product\/241984","targetHints":{"allow":["GET"]}}],"collection":[{"href":"https:\/\/aromasentia.com\/fr\/wp-json\/wp\/v2\/product"}],"about":[{"href":"https:\/\/aromasentia.com\/fr\/wp-json\/wp\/v2\/types\/product"}],"replies":[{"embeddable":true,"href":"https:\/\/aromasentia.com\/fr\/wp-json\/wp\/v2\/comments?post=241984"}],"version-history":[{"count":0,"href":"https:\/\/aromasentia.com\/fr\/wp-json\/wp\/v2\/product\/241984\/revisions"}],"wp:featuredmedia":[{"embeddable":true,"href":"https:\/\/aromasentia.com\/fr\/wp-json\/wp\/v2\/media\/270341"}],"wp:attachment":[{"href":"https:\/\/aromasentia.com\/fr\/wp-json\/wp\/v2\/media?parent=241984"}],"wp:term":[{"taxonomy":"product_brand","embeddable":true,"href":"https:\/\/aromasentia.com\/fr\/wp-json\/wp\/v2\/product_brand?post=241984"},{"taxonomy":"product_cat","embeddable":true,"href":"https:\/\/aromasentia.com\/fr\/wp-json\/wp\/v2\/product_cat?post=241984"},{"taxonomy":"product_tag","embeddable":true,"href":"https:\/\/aromasentia.com\/fr\/wp-json\/wp\/v2\/product_tag?post=241984"}],"curies":[{"name":"wp","href":"https:\/\/api.w.org\/{rel}","templated":true}]}}