{"id":241964,"date":"2025-03-20T15:20:52","date_gmt":"2025-03-20T15:20:52","guid":{"rendered":"https:\/\/aromasentia.com\/product\/wake-up-aromatherapy-smelling-salt\/"},"modified":"2025-06-23T19:15:49","modified_gmt":"2025-06-23T19:15:49","slug":"sel-odorant-daromatherapie-reveil","status":"publish","type":"product","link":"https:\/\/aromasentia.com\/fr\/sel-odorant-daromatherapie-reveil\/","title":{"rendered":"Sel Odorant d&rsquo;Aromath\u00e9rapie &#8211; R\u00e9veil"},"content":{"rendered":"<p>R\u00e9veillez-vous au <strong><span style=\"color: rgb(250, 197, 28);\">Sel Odorant d&rsquo;Aromath\u00e9rapie &#8211; R\u00e9veil&nbsp;<\/span><\/strong>&#8211; Enflammez vos sens et dynamisez votre journ\u00e9e !&nbsp;<\/p>\n<p>Pendant des si\u00e8cles, une combinaison de substances aromatiques a \u00e9t\u00e9 exploit\u00e9e pour l\u2019inhalation, favorisant ainsi les effets th\u00e9rapeutiques. Faites l&rsquo;exp\u00e9rience d&rsquo;un \u00e9clat de fra\u00eecheur revitalisant avec le sel odorant d&rsquo;aromath\u00e9rapie R\u00e9veil, m\u00e9ticuleusement con&ccedil;u pour revigorer vos sens et d\u00e9marrer vos matin\u00e9es.&nbsp;<\/p>\n<p>Ce m\u00e9lange exceptionnel pr\u00e9sente<strong><span style=\"color: rgb(75, 80, 88);\">&nbsp;une symphonie d&rsquo;huiles essentielles et la puret\u00e9 naturelle du sel de l&rsquo;Himalaya, notamment du Ravensara, du romarin, de la citronnelle et de la mandarine<\/span><\/strong>.&nbsp;<\/p>\n<p>Ravensara, connu pour ses propri\u00e9t\u00e9s revigorantes, s&rsquo;associe aux notes vivifiantes du Romarin et de la Citronnelle. Ce trio dynamique \u00e9veille vos sens et procure un regain d\u2019\u00e9nergie piquant, ce qui en fait le compagnon id\u00e9al de votre routine matinale. L&rsquo;ar\u00f4me subtil mais joyeux de la mandarine ajoute une touche de luminosit\u00e9, cr\u00e9ant une ambiance de vitalit\u00e9 renouvel\u00e9e.&nbsp;<\/p>\n<p>S&rsquo;engager dans l&rsquo;aromath\u00e9rapie avec des sels odorants est un processus simple. D\u00e9bouchez simplement une bouteille, inhalez l&rsquo;ar\u00f4me revitalisant et ressentez la mont\u00e9e d&rsquo;\u00e9nergie lorsque les mol\u00e9cules aromatiques interagissent avec votre syst\u00e8me olfactif.&nbsp;<\/p>\n<p>Cette exp\u00e9rience engageante peut potentiellement am\u00e9liorer la vigilance, favoriser un sentiment de concentration renouvel\u00e9e et insuffler \u00e0 votre journ\u00e9e une nouvelle vigueur.&nbsp;<\/p>\n<p>\u00e9levez vos matin\u00e9es et profitez du pouvoir de la stimulation naturelle avec le sel odorant d&rsquo;aromath\u00e9rapie R\u00e9veil.&nbsp;<\/p>\n<p><strong><span style=\"color: rgb(141, 186, 216);\">Dynamisez votre environnement, am\u00e9liorez votre humeur et d\u00e9marrez chaque journ\u00e9e avec un sentiment de pr\u00e9paration revigorant.<\/span><\/strong>&nbsp;<\/p>\n<p>Ce pack exclusif comprend 10 bouteilles portables de 10 ml.<\/p>\n","protected":false},"excerpt":{"rendered":"<p>R\u00e9veillez-vous au Sel Odorant d&rsquo;Aromath\u00e9rapie &#8211; R\u00e9veil&nbsp;&#8211; Enflammez vos sens et dynamisez votre journ\u00e9e !&nbsp; Pendant des si\u00e8cles, une combinaison de substances aromatiques a \u00e9t\u00e9 exploit\u00e9e pour l\u2019inhalation, favorisant ainsi les effets th\u00e9rapeutiques. Faites l&rsquo;exp\u00e9rience d&rsquo;un \u00e9clat de fra\u00eecheur revitalisant avec le sel odorant d&rsquo;aromath\u00e9rapie R\u00e9veil, m\u00e9ticuleusement con&ccedil;u pour revigorer vos sens et d\u00e9marrer vos [&hellip;]<\/p>\n","protected":false},"featured_media":270835,"comment_status":"closed","ping_status":"open","template":"","meta":{"_angie_page":false},"product_brand":[],"product_cat":[16450,25797],"product_tag":[],"class_list":{"0":"post-241964","1":"product","2":"type-product","3":"status-publish","4":"has-post-thumbnail","6":"product_cat-aromatherapie-et-parfums-d-ambiance","7":"product_cat-sels-odorants","8":"pa_collection-aromatherapy-smelling-salts-fr","9":"pa_made-in-royaume-uni","11":"first","12":"instock","13":"purchasable","14":"product-type-simple"},"supplier_id":null,"supplier_sku":"SSalt-04","barcode":null,"atum_controlled":true,"out_stock_date":null,"out_stock_threshold":null,"inheritable":false,"inbound_stock":null,"stock_on_hold":0,"sold_today":0,"sales_last_days":0,"reserved_stock":null,"customer_returns":null,"warehouse_damage":null,"lost_in_post":null,"other_logs":null,"out_stock_days":0,"lost_sales":0,"has_location":null,"update_date":"2026-04-27T07:23:10","atum_locations":[],"atum_stock_status":"instock","restock_status":false,"low_stock_amount":"","sales_update_date":"2026-01-30T01:24:34","calc_backorders":null,"_links":{"self":[{"href":"https:\/\/aromasentia.com\/fr\/wp-json\/wp\/v2\/product\/241964","targetHints":{"allow":["GET"]}}],"collection":[{"href":"https:\/\/aromasentia.com\/fr\/wp-json\/wp\/v2\/product"}],"about":[{"href":"https:\/\/aromasentia.com\/fr\/wp-json\/wp\/v2\/types\/product"}],"replies":[{"embeddable":true,"href":"https:\/\/aromasentia.com\/fr\/wp-json\/wp\/v2\/comments?post=241964"}],"version-history":[{"count":0,"href":"https:\/\/aromasentia.com\/fr\/wp-json\/wp\/v2\/product\/241964\/revisions"}],"wp:featuredmedia":[{"embeddable":true,"href":"https:\/\/aromasentia.com\/fr\/wp-json\/wp\/v2\/media\/270835"}],"wp:attachment":[{"href":"https:\/\/aromasentia.com\/fr\/wp-json\/wp\/v2\/media?parent=241964"}],"wp:term":[{"taxonomy":"product_brand","embeddable":true,"href":"https:\/\/aromasentia.com\/fr\/wp-json\/wp\/v2\/product_brand?post=241964"},{"taxonomy":"product_cat","embeddable":true,"href":"https:\/\/aromasentia.com\/fr\/wp-json\/wp\/v2\/product_cat?post=241964"},{"taxonomy":"product_tag","embeddable":true,"href":"https:\/\/aromasentia.com\/fr\/wp-json\/wp\/v2\/product_tag?post=241964"}],"curies":[{"name":"wp","href":"https:\/\/api.w.org\/{rel}","templated":true}]}}