{"id":241912,"date":"2025-03-20T15:22:14","date_gmt":"2025-03-20T15:22:14","guid":{"rendered":"https:\/\/aromasentia.com\/product\/top-6-essential-oils-aromatherapy-box\/"},"modified":"2025-06-23T19:15:41","modified_gmt":"2025-06-23T19:15:41","slug":"top-6-boite-daromatherapie-boite-de-6-huiles","status":"publish","type":"product","link":"https:\/\/aromasentia.com\/fr\/top-6-boite-daromatherapie-boite-de-6-huiles\/","title":{"rendered":"Top 6 bo\u00eete d\u2019aromath\u00e9rapie (bo\u00eete de 6 huiles)"},"content":{"rendered":"<p>Le Coffret en bois de manguier et 6 huiles essentielles :&nbsp;<\/p>\n<p><strong>10 ml d&rsquo;huile essentielle de lavande<\/strong><\/p>\n<p><strong>10 ml d&rsquo;huile essentielle de th\u00e9i\u00e8re<\/strong><\/p>\n<p><strong>10 ml d&rsquo;huile essentielle d&rsquo;eucalyptus<\/strong><\/p>\n<p><strong>10 ml d&rsquo;huile essentielle de menthe poivr\u00e9e<\/strong><\/p>\n<p><strong>10 ml d&rsquo;huile essentielle d&rsquo;ylang-ylang I&nbsp;<\/strong><\/p>\n<p><strong>10 ml d&rsquo;huile essentielle de bois de c\u00e8dre<\/strong><\/p>\n","protected":false},"excerpt":{"rendered":"<p>Le Coffret en bois de manguier et 6 huiles essentielles :&nbsp; 10 ml d&rsquo;huile essentielle de lavande 10 ml d&rsquo;huile essentielle de th\u00e9i\u00e8re 10 ml d&rsquo;huile essentielle d&rsquo;eucalyptus 10 ml d&rsquo;huile essentielle de menthe poivr\u00e9e 10 ml d&rsquo;huile essentielle d&rsquo;ylang-ylang I&nbsp; 10 ml d&rsquo;huile essentielle de bois de c\u00e8dre<\/p>\n","protected":false},"featured_media":271048,"comment_status":"closed","ping_status":"open","template":"","meta":[],"product_brand":[],"product_cat":[16450,23646],"product_tag":[],"class_list":{"0":"post-241912","1":"product","2":"type-product","3":"status-publish","4":"has-post-thumbnail","6":"product_cat-aromatherapie-et-parfums-d-ambiance","7":"product_cat-huiles-essentielles","8":"pa_collection-starter-sets-for-dropshippers-fr","9":"pa_made-in-royaume-uni","11":"first","12":"outofstock","13":"purchasable","14":"product-type-simple"},"supplier_id":null,"supplier_sku":"ABoxEO-03","barcode":null,"atum_controlled":true,"out_stock_date":"2026-02-09 17:56:07","out_stock_threshold":null,"inheritable":false,"inbound_stock":null,"stock_on_hold":0,"sold_today":0,"sales_last_days":0,"reserved_stock":null,"customer_returns":null,"warehouse_damage":null,"lost_in_post":null,"other_logs":null,"out_stock_days":0,"lost_sales":0,"has_location":null,"update_date":"2026-02-09T17:56:07","atum_locations":[],"atum_stock_status":"outofstock","restock_status":false,"low_stock_amount":"","sales_update_date":"2026-02-06T00:02:42","calc_backorders":null,"_links":{"self":[{"href":"https:\/\/aromasentia.com\/fr\/wp-json\/wp\/v2\/product\/241912","targetHints":{"allow":["GET"]}}],"collection":[{"href":"https:\/\/aromasentia.com\/fr\/wp-json\/wp\/v2\/product"}],"about":[{"href":"https:\/\/aromasentia.com\/fr\/wp-json\/wp\/v2\/types\/product"}],"replies":[{"embeddable":true,"href":"https:\/\/aromasentia.com\/fr\/wp-json\/wp\/v2\/comments?post=241912"}],"version-history":[{"count":0,"href":"https:\/\/aromasentia.com\/fr\/wp-json\/wp\/v2\/product\/241912\/revisions"}],"wp:featuredmedia":[{"embeddable":true,"href":"https:\/\/aromasentia.com\/fr\/wp-json\/wp\/v2\/media\/271048"}],"wp:attachment":[{"href":"https:\/\/aromasentia.com\/fr\/wp-json\/wp\/v2\/media?parent=241912"}],"wp:term":[{"taxonomy":"product_brand","embeddable":true,"href":"https:\/\/aromasentia.com\/fr\/wp-json\/wp\/v2\/product_brand?post=241912"},{"taxonomy":"product_cat","embeddable":true,"href":"https:\/\/aromasentia.com\/fr\/wp-json\/wp\/v2\/product_cat?post=241912"},{"taxonomy":"product_tag","embeddable":true,"href":"https:\/\/aromasentia.com\/fr\/wp-json\/wp\/v2\/product_tag?post=241912"}],"curies":[{"name":"wp","href":"https:\/\/api.w.org\/{rel}","templated":true}]}}