{"id":241900,"date":"2025-03-20T15:22:14","date_gmt":"2025-03-20T15:22:14","guid":{"rendered":"https:\/\/aromasentia.com\/product\/stone-oil-burner-combo-square\/"},"modified":"2025-06-23T19:15:40","modified_gmt":"2025-06-23T19:15:40","slug":"brule-parfum-en-gres-forme-carree-combo","status":"publish","type":"product","link":"https:\/\/aromasentia.com\/fr\/brule-parfum-en-gres-forme-carree-combo\/","title":{"rendered":"Br\u00fble Parfum en Gr\u00e8s &#8211; Forme Carr\u00e9e Combo"},"content":{"rendered":"<p>Indonesian combo lantern oil burners&#8230;Meticulously carved Sandstone oil lamps look great enough to be a beautiful centerpiece in any &nbsp;room.<\/p>\n<p>Unique hand carved wholesale Sandstone Oil Burners have a great shape and exceptional colour.<\/p>\n<p>Oil burners are also great to use with Fragrance Oils and Wax Melts.Hard to find, this art from Java will compliment any space it is placed in. &nbsp;Come in ten different styles individually packed and bar-coded.<\/p>\n","protected":false},"excerpt":{"rendered":"<p>Indonesian combo lantern oil burners&#8230;Meticulously carved Sandstone oil lamps look great enough to be a beautiful centerpiece in any &nbsp;room. Unique hand carved wholesale Sandstone Oil Burners have a great shape and exceptional colour. Oil burners are also great to use with Fragrance Oils and Wax Melts.Hard to find, this art from Java will compliment [&hellip;]<\/p>\n","protected":false},"featured_media":271021,"comment_status":"closed","ping_status":"open","template":"","meta":{"_angie_page":false},"product_brand":[],"product_cat":[18405,16514],"product_tag":[],"class_list":{"0":"post-241900","1":"product","2":"type-product","3":"status-publish","4":"has-post-thumbnail","6":"product_cat-bruleurs-d-huiles","7":"product_cat-diffuseurs-ultrason-et-dambiance","8":"pa_collection-sandstone-oil-burner-fr","9":"pa_made-in-indonesie","11":"first","12":"instock","13":"purchasable","14":"product-type-simple"},"supplier_id":null,"supplier_sku":"SSOB-08","barcode":null,"atum_controlled":true,"out_stock_date":null,"out_stock_threshold":null,"inheritable":false,"inbound_stock":null,"stock_on_hold":0,"sold_today":0,"sales_last_days":0,"reserved_stock":null,"customer_returns":null,"warehouse_damage":null,"lost_in_post":null,"other_logs":null,"out_stock_days":0,"lost_sales":0,"has_location":null,"update_date":"2026-04-27T07:23:19","atum_locations":[],"atum_stock_status":"instock","restock_status":false,"low_stock_amount":"","sales_update_date":"2026-01-30T01:26:31","calc_backorders":null,"_links":{"self":[{"href":"https:\/\/aromasentia.com\/fr\/wp-json\/wp\/v2\/product\/241900","targetHints":{"allow":["GET"]}}],"collection":[{"href":"https:\/\/aromasentia.com\/fr\/wp-json\/wp\/v2\/product"}],"about":[{"href":"https:\/\/aromasentia.com\/fr\/wp-json\/wp\/v2\/types\/product"}],"replies":[{"embeddable":true,"href":"https:\/\/aromasentia.com\/fr\/wp-json\/wp\/v2\/comments?post=241900"}],"version-history":[{"count":0,"href":"https:\/\/aromasentia.com\/fr\/wp-json\/wp\/v2\/product\/241900\/revisions"}],"wp:featuredmedia":[{"embeddable":true,"href":"https:\/\/aromasentia.com\/fr\/wp-json\/wp\/v2\/media\/271021"}],"wp:attachment":[{"href":"https:\/\/aromasentia.com\/fr\/wp-json\/wp\/v2\/media?parent=241900"}],"wp:term":[{"taxonomy":"product_brand","embeddable":true,"href":"https:\/\/aromasentia.com\/fr\/wp-json\/wp\/v2\/product_brand?post=241900"},{"taxonomy":"product_cat","embeddable":true,"href":"https:\/\/aromasentia.com\/fr\/wp-json\/wp\/v2\/product_cat?post=241900"},{"taxonomy":"product_tag","embeddable":true,"href":"https:\/\/aromasentia.com\/fr\/wp-json\/wp\/v2\/product_tag?post=241900"}],"curies":[{"name":"wp","href":"https:\/\/api.w.org\/{rel}","templated":true}]}}