{"id":241868,"date":"2025-03-20T15:22:48","date_gmt":"2025-03-20T15:22:48","guid":{"rendered":"https:\/\/aromasentia.com\/product\/white-christmas-room-pillow-spray-100ml\/"},"modified":"2025-06-23T19:15:36","modified_gmt":"2025-06-23T19:15:36","slug":"spray-dambiance-et-doreiller-noel-blanc-100-ml","status":"publish","type":"product","link":"https:\/\/aromasentia.com\/fr\/spray-dambiance-et-doreiller-noel-blanc-100-ml\/","title":{"rendered":"Spray d&rsquo;Ambiance et d&rsquo;Oreiller No\u00ebl Blanc 100 ml"},"content":{"rendered":"<p><strong><span style=\"color: rgb(75, 80, 88);\">Pr\u00e9parez-vous \u00e0 r\u00e9pandre un peu de magie de No&euml;l avec nos tout nouveaux vaporisateurs de chambre et d&rsquo;oreiller en gros<\/span><\/strong>, d\u00e9sormais disponibles dans les parfums de vacances les plus festifs que vous puissiez imaginer !&nbsp;<\/p>\n<p>Ce parfum capture avec art l&rsquo;essence m\u00eame des f\u00eates de fin d&rsquo;ann\u00e9e.&nbsp;<\/p>\n<p>? Avec des notes de t\u00eate d&rsquo;eucalyptus et d&rsquo;orange menthol\u00e9e qui apportent un ar\u00f4me rafra\u00eechissant et revitalisant.&nbsp;<\/p>\n<p>? Rehauss\u00e9 par une touche florale fruit\u00e9e qui conf\u00e8re au parfum un soup&ccedil;on de douceur et de sophistication.&nbsp;<\/p>\n<p>? Et ancr\u00e9 par des notes de fond de c\u00e8dre, d&rsquo;ambre et de vanille, qui offrent un parfum douillet, durable et invitant.&nbsp;<\/p>\n<p><strong><span style=\"color: rgb(141, 186, 216);\">Procurez-vous-les d\u00e8s maintenant et que les festivit\u00e9s commencent !<\/span><\/strong><\/p>\n","protected":false},"excerpt":{"rendered":"<p>Pr\u00e9parez-vous \u00e0 r\u00e9pandre un peu de magie de No&euml;l avec nos tout nouveaux vaporisateurs de chambre et d&rsquo;oreiller en gros, d\u00e9sormais disponibles dans les parfums de vacances les plus festifs que vous puissiez imaginer !&nbsp; Ce parfum capture avec art l&rsquo;essence m\u00eame des f\u00eates de fin d&rsquo;ann\u00e9e.&nbsp; ? Avec des notes de t\u00eate d&rsquo;eucalyptus et [&hellip;]<\/p>\n","protected":false},"featured_media":271266,"comment_status":"closed","ping_status":"open","template":"","meta":[],"product_brand":[],"product_cat":[16450,16468,16632,27384],"product_tag":[],"class_list":{"0":"post-241868","1":"product","2":"type-product","3":"status-publish","4":"has-post-thumbnail","6":"product_cat-aromatherapie-et-parfums-d-ambiance","7":"product_cat-huiles-parfumees","8":"product_cat-parfums-et-sprays-d-ambiance","9":"product_cat-parfums-de-noel","10":"pa_collection-christmas-room-pillow-sprays-fr","11":"pa_made-in-royaume-uni","12":"pa_size-100ml","14":"first","15":"instock","16":"purchasable","17":"product-type-simple"},"supplier_id":null,"supplier_sku":"XRPS-01","barcode":null,"atum_controlled":true,"out_stock_date":null,"out_stock_threshold":null,"inheritable":false,"inbound_stock":null,"stock_on_hold":0,"sold_today":0,"sales_last_days":0,"reserved_stock":null,"customer_returns":null,"warehouse_damage":null,"lost_in_post":null,"other_logs":null,"out_stock_days":0,"lost_sales":0,"has_location":null,"update_date":"2026-02-07T03:15:24","atum_locations":[],"atum_stock_status":"instock","restock_status":false,"low_stock_amount":"","sales_update_date":"2026-01-30T01:24:48","calc_backorders":null,"_links":{"self":[{"href":"https:\/\/aromasentia.com\/fr\/wp-json\/wp\/v2\/product\/241868","targetHints":{"allow":["GET"]}}],"collection":[{"href":"https:\/\/aromasentia.com\/fr\/wp-json\/wp\/v2\/product"}],"about":[{"href":"https:\/\/aromasentia.com\/fr\/wp-json\/wp\/v2\/types\/product"}],"replies":[{"embeddable":true,"href":"https:\/\/aromasentia.com\/fr\/wp-json\/wp\/v2\/comments?post=241868"}],"version-history":[{"count":0,"href":"https:\/\/aromasentia.com\/fr\/wp-json\/wp\/v2\/product\/241868\/revisions"}],"wp:featuredmedia":[{"embeddable":true,"href":"https:\/\/aromasentia.com\/fr\/wp-json\/wp\/v2\/media\/271266"}],"wp:attachment":[{"href":"https:\/\/aromasentia.com\/fr\/wp-json\/wp\/v2\/media?parent=241868"}],"wp:term":[{"taxonomy":"product_brand","embeddable":true,"href":"https:\/\/aromasentia.com\/fr\/wp-json\/wp\/v2\/product_brand?post=241868"},{"taxonomy":"product_cat","embeddable":true,"href":"https:\/\/aromasentia.com\/fr\/wp-json\/wp\/v2\/product_cat?post=241868"},{"taxonomy":"product_tag","embeddable":true,"href":"https:\/\/aromasentia.com\/fr\/wp-json\/wp\/v2\/product_tag?post=241868"}],"curies":[{"name":"wp","href":"https:\/\/api.w.org\/{rel}","templated":true}]}}