{"id":241836,"date":"2025-03-20T16:13:15","date_gmt":"2025-03-20T16:13:15","guid":{"rendered":"https:\/\/aromasentia.com\/product\/sleepy-head-potion-7kg-hessian-sack\/"},"modified":"2025-06-23T19:15:30","modified_gmt":"2025-06-23T19:15:30","slug":"potion-7kg-paresse","status":"publish","type":"product","link":"https:\/\/aromasentia.com\/fr\/potion-7kg-paresse\/","title":{"rendered":"Potion 7kg Paresse"},"content":{"rendered":"<p>Ces potions de bain paresse sont fabriqu\u00e9es par nos soins: c\u2019est un savant m\u00e9lange d&rsquo;huiles essentielles de Lavande et Marjolaine, de sel de mer et de colorants. Nous vous les proposons en vrac, emball\u00e9es dans un sac en jute pour une pr\u00e9sentation en magasin et une utilisation imm\u00e9diate.<\/p>\n<p>La vente en vrac vous permet d\u2019acheter au meilleur prix et de pouvoir revendre dans les quantit\u00e9s que vous d\u00e9sirez.<\/p>\n<p>C&rsquo;est un produit d&rsquo;excellente qualit\u00e9-prix.<\/p>\n<p>Les pelles ne sont pas inclues dans le prix d\u2019achat des sacs de potions mais nous avons un prix tr\u00e8s comp\u00e9titif pour ces accessoires.<\/p>\n<p>Ouvrez votre potion de bain et vous sentirez imm\u00e9diatement leur parfum puissant.<\/p>\n<p>Ajouter une petite quantit\u00e9 de potion dans votre bain pour une exp\u00e9rience aromatique extraordinaire.<\/p>\n","protected":false},"excerpt":{"rendered":"<p>Ces potions de bain paresse sont fabriqu\u00e9es par nos soins: c\u2019est un savant m\u00e9lange d&rsquo;huiles essentielles de Lavande et Marjolaine, de sel de mer et de colorants. Nous vous les proposons en vrac, emball\u00e9es dans un sac en jute pour une pr\u00e9sentation en magasin et une utilisation imm\u00e9diate. La vente en vrac vous permet d\u2019acheter [&hellip;]<\/p>\n","protected":false},"featured_media":271654,"comment_status":"closed","ping_status":"open","template":"","meta":{"_angie_page":false},"product_brand":[],"product_cat":[19443],"product_tag":[],"class_list":{"0":"post-241836","1":"product","2":"type-product","3":"status-publish","4":"has-post-thumbnail","6":"product_cat-bain-et-corps","7":"pa_collection-aromatherapy-bath-potions-bulk-7kg-fr","8":"pa_made-in-royaume-uni","10":"first","11":"instock","12":"purchasable","13":"product-type-simple"},"supplier_id":null,"supplier_sku":"ABP-10","barcode":null,"atum_controlled":true,"out_stock_date":null,"out_stock_threshold":null,"inheritable":false,"inbound_stock":null,"stock_on_hold":0,"sold_today":0,"sales_last_days":0,"reserved_stock":null,"customer_returns":null,"warehouse_damage":null,"lost_in_post":null,"other_logs":null,"out_stock_days":0,"lost_sales":0,"has_location":null,"update_date":"2026-05-08T05:02:34","atum_locations":[],"atum_stock_status":"instock","restock_status":false,"low_stock_amount":"","sales_update_date":"2025-10-09T03:22:24","calc_backorders":null,"_links":{"self":[{"href":"https:\/\/aromasentia.com\/fr\/wp-json\/wp\/v2\/product\/241836","targetHints":{"allow":["GET"]}}],"collection":[{"href":"https:\/\/aromasentia.com\/fr\/wp-json\/wp\/v2\/product"}],"about":[{"href":"https:\/\/aromasentia.com\/fr\/wp-json\/wp\/v2\/types\/product"}],"replies":[{"embeddable":true,"href":"https:\/\/aromasentia.com\/fr\/wp-json\/wp\/v2\/comments?post=241836"}],"version-history":[{"count":0,"href":"https:\/\/aromasentia.com\/fr\/wp-json\/wp\/v2\/product\/241836\/revisions"}],"wp:featuredmedia":[{"embeddable":true,"href":"https:\/\/aromasentia.com\/fr\/wp-json\/wp\/v2\/media\/271654"}],"wp:attachment":[{"href":"https:\/\/aromasentia.com\/fr\/wp-json\/wp\/v2\/media?parent=241836"}],"wp:term":[{"taxonomy":"product_brand","embeddable":true,"href":"https:\/\/aromasentia.com\/fr\/wp-json\/wp\/v2\/product_brand?post=241836"},{"taxonomy":"product_cat","embeddable":true,"href":"https:\/\/aromasentia.com\/fr\/wp-json\/wp\/v2\/product_cat?post=241836"},{"taxonomy":"product_tag","embeddable":true,"href":"https:\/\/aromasentia.com\/fr\/wp-json\/wp\/v2\/product_tag?post=241836"}],"curies":[{"name":"wp","href":"https:\/\/api.w.org\/{rel}","templated":true}]}}