{"id":241704,"date":"2025-03-20T16:14:01","date_gmt":"2025-03-20T16:14:01","guid":{"rendered":"https:\/\/aromasentia.com\/product\/hand-body-cream-sea-salt-moss-300ml\/"},"modified":"2025-06-23T19:15:12","modified_gmt":"2025-06-23T19:15:12","slug":"creme-mains-corps-sel-marin-mousse-300ml","status":"publish","type":"product","link":"https:\/\/aromasentia.com\/fr\/creme-mains-corps-sel-marin-mousse-300ml\/","title":{"rendered":"Cr\u00e8me Mains &#038; Corps &#8211; Sel Marin &#038; Mousse &#8211; 300ml"},"content":{"rendered":"<p><strong><span style=\"color: rgb(75, 80, 88);\">La cr\u00e8me pour les mains et le corps Agnes + Cat &#8211; Sel Marin &amp; Mousse &#8211; 300 ml<\/span><\/strong> est fabriqu\u00e9e avec soin et infus\u00e9e avec les meilleurs ingr\u00e9dients naturels dans notre salle de production de Sheffield, garantissant une qualit\u00e9 et une consistance exceptionnelles.<\/p>\n<p>Cette cr\u00e8me luxueuse est con&ccedil;ue pour hydrater et nourrir en profondeur vos mains et votre corps.&nbsp;<\/p>\n<p><strong><span style=\"color: rgb(75, 80, 88);\">Disponibles en 6 parfums<\/span><\/strong> captivants, ils sont formul\u00e9s avec des huiles naturelles, facilement absorb\u00e9es par votre peau, la laissant douce, lisse et rajeunie. Pour une exp\u00e9rience de bien-\u00eatre ultime, associez-les \u00e0 nos savons faits \u00e0 la main et \u00e0 nos <a href=\"https:\/\/aromasentia.com\/solidb\"><strong>barres de shampoing solides.<\/strong><\/a><strong>&nbsp;<\/strong><\/p>\n<p>Nos bouteilles sont fabriqu\u00e9es \u00e0 partir de verre d\u00e9poli gris durable, offrant un look intemporel et \u00e9l\u00e9gant tout en r\u00e9duisant l&rsquo;impact environnemental. Vous pouvez facilement nettoyer la bouteille et la r\u00e9utiliser pour des projets de bricolage, ou la remplir avec votre lotion ou savon liquide pr\u00e9f\u00e9r\u00e9. Mode d&#8217;emploi : appliquez simplement une petite quantit\u00e9 sur vos mains ou votre corps et massez doucement.&nbsp;<\/p>\n<p>Laissez la cr\u00e8me s&rsquo;absorber compl\u00e8tement et profitez du beau parfum qui s&rsquo;attardera sur votre peau.&nbsp;<\/p>\n<p><strong><span style=\"color: rgb(141, 186, 216);\">Sans SLS, SLES, sans paraben, sans huile de palme&nbsp;<\/span><\/strong><\/p>\n<p><span style=\"color: rgb(141, 186, 216);\"><strong>Sans cruaut\u00e9 envers les animaux, Non test\u00e9 sur les animaux,&nbsp;<\/strong><\/span><\/p>\n<p><span style=\"color: rgb(141, 186, 216);\"><strong>V\u00e9g\u00e9talien&nbsp;<\/strong><\/span><\/p>\n<p><strong><span style=\"color: rgb(141, 186, 216);\">Vendu en boite de 4<\/span><\/strong><\/p>\n","protected":false},"excerpt":{"rendered":"<p>La cr\u00e8me pour les mains et le corps Agnes + Cat &#8211; Sel Marin &amp; Mousse &#8211; 300 ml est fabriqu\u00e9e avec soin et infus\u00e9e avec les meilleurs ingr\u00e9dients naturels dans notre salle de production de Sheffield, garantissant une qualit\u00e9 et une consistance exceptionnelles. Cette cr\u00e8me luxueuse est con&ccedil;ue pour hydrater et nourrir en profondeur [&hellip;]<\/p>\n","protected":false},"featured_media":642336,"comment_status":"closed","ping_status":"open","template":"","meta":{"_angie_page":false},"product_brand":[27089],"product_cat":[19443,20986],"product_tag":[],"class_list":{"0":"post-241704","1":"product","2":"type-product","3":"status-publish","4":"has-post-thumbnail","6":"product_brand-agnes-and-cat","7":"product_cat-bain-et-corps","8":"product_cat-soins-corps","9":"pa_collection-agnescat-hand-body-cream-fr","10":"pa_made-in-royaume-uni","11":"pa_size-300ml","13":"first","14":"instock","15":"purchasable","16":"product-type-simple"},"supplier_id":null,"supplier_sku":"ACBC-02","barcode":null,"atum_controlled":true,"out_stock_date":null,"out_stock_threshold":null,"inheritable":false,"inbound_stock":null,"stock_on_hold":0,"sold_today":0,"sales_last_days":0,"reserved_stock":null,"customer_returns":null,"warehouse_damage":null,"lost_in_post":null,"other_logs":null,"out_stock_days":0,"lost_sales":0,"has_location":null,"update_date":"2026-04-27T06:49:08","atum_locations":[],"atum_stock_status":"instock","restock_status":false,"low_stock_amount":"","sales_update_date":"2026-01-30T01:25:22","calc_backorders":null,"_links":{"self":[{"href":"https:\/\/aromasentia.com\/fr\/wp-json\/wp\/v2\/product\/241704","targetHints":{"allow":["GET"]}}],"collection":[{"href":"https:\/\/aromasentia.com\/fr\/wp-json\/wp\/v2\/product"}],"about":[{"href":"https:\/\/aromasentia.com\/fr\/wp-json\/wp\/v2\/types\/product"}],"replies":[{"embeddable":true,"href":"https:\/\/aromasentia.com\/fr\/wp-json\/wp\/v2\/comments?post=241704"}],"version-history":[{"count":0,"href":"https:\/\/aromasentia.com\/fr\/wp-json\/wp\/v2\/product\/241704\/revisions"}],"wp:featuredmedia":[{"embeddable":true,"href":"https:\/\/aromasentia.com\/fr\/wp-json\/wp\/v2\/media\/642336"}],"wp:attachment":[{"href":"https:\/\/aromasentia.com\/fr\/wp-json\/wp\/v2\/media?parent=241704"}],"wp:term":[{"taxonomy":"product_brand","embeddable":true,"href":"https:\/\/aromasentia.com\/fr\/wp-json\/wp\/v2\/product_brand?post=241704"},{"taxonomy":"product_cat","embeddable":true,"href":"https:\/\/aromasentia.com\/fr\/wp-json\/wp\/v2\/product_cat?post=241704"},{"taxonomy":"product_tag","embeddable":true,"href":"https:\/\/aromasentia.com\/fr\/wp-json\/wp\/v2\/product_tag?post=241704"}],"curies":[{"name":"wp","href":"https:\/\/api.w.org\/{rel}","templated":true}]}}