{"id":241644,"date":"2025-03-20T16:15:57","date_gmt":"2025-03-20T16:15:57","guid":{"rendered":"https:\/\/aromasentia.com\/product\/red-clay-face-mask-80g\/"},"modified":"2025-06-23T19:15:03","modified_gmt":"2025-06-23T19:15:03","slug":"masque-a-largile-rouge-80g","status":"publish","type":"product","link":"https:\/\/aromasentia.com\/fr\/masque-a-largile-rouge-80g\/","title":{"rendered":"Masque \u00e0 l&rsquo;argile rouge 80g"},"content":{"rendered":"<p>Revitalisez et illuminez les peaux matures ou fatigu\u00e9es avec notre masque \u00e0 l&rsquo;argile rouge. Ce pot de 80 g contient de l&rsquo;argile rouge riche, connue pour sa teneur \u00e9lev\u00e9e en oxyde de fer qui aide \u00e0 rafra\u00eechir et \u00e0 revitaliser l&rsquo;apparence de la peau. Elle est excellente pour am\u00e9liorer le teint de la peau, r\u00e9duire les poches et donner un coup d&rsquo;\u00e9clat \u00e0 la peau. L&rsquo;argile rouge est particuli\u00e8rement b\u00e9n\u00e9fique pour les peaux normales \u00e0 s\u00e8ches ou matures, car elle nettoie et adoucit en douceur sans trop ass\u00e9cher, laissant votre teint radieux et merveilleusement lisse.<\/p>\n","protected":false},"excerpt":{"rendered":"<p>Revitalisez et illuminez les peaux matures ou fatigu\u00e9es avec notre masque \u00e0 l&rsquo;argile rouge. Ce pot de 80 g contient de l&rsquo;argile rouge riche, connue pour sa teneur \u00e9lev\u00e9e en oxyde de fer qui aide \u00e0 rafra\u00eechir et \u00e0 revitaliser l&rsquo;apparence de la peau. Elle est excellente pour am\u00e9liorer le teint de la peau, r\u00e9duire [&hellip;]<\/p>\n","protected":false},"featured_media":271934,"comment_status":"closed","ping_status":"open","template":"","meta":{"_angie_page":false},"product_brand":[27089],"product_cat":[19443,20882],"product_tag":[],"class_list":{"0":"post-241644","1":"product","2":"type-product","3":"status-publish","4":"has-post-thumbnail","6":"product_brand-agnes-and-cat","7":"product_cat-bain-et-corps","8":"product_cat-soins-pour-la-peau","9":"pa_collection-ac-natural-clay-face-masks-fr","10":"pa_made-in-france","11":"pa_size-80g","13":"first","14":"instock","15":"purchasable","16":"product-type-simple"},"supplier_id":null,"supplier_sku":"ACFM-01DS","barcode":null,"atum_controlled":true,"out_stock_date":null,"out_stock_threshold":null,"inheritable":false,"inbound_stock":null,"stock_on_hold":0,"sold_today":0,"sales_last_days":0,"reserved_stock":null,"customer_returns":null,"warehouse_damage":null,"lost_in_post":null,"other_logs":null,"out_stock_days":0,"lost_sales":0,"has_location":null,"update_date":"2026-04-27T06:49:16","atum_locations":[],"atum_stock_status":"instock","restock_status":false,"low_stock_amount":"","sales_update_date":"2026-02-06T00:02:09","calc_backorders":null,"_links":{"self":[{"href":"https:\/\/aromasentia.com\/fr\/wp-json\/wp\/v2\/product\/241644","targetHints":{"allow":["GET"]}}],"collection":[{"href":"https:\/\/aromasentia.com\/fr\/wp-json\/wp\/v2\/product"}],"about":[{"href":"https:\/\/aromasentia.com\/fr\/wp-json\/wp\/v2\/types\/product"}],"replies":[{"embeddable":true,"href":"https:\/\/aromasentia.com\/fr\/wp-json\/wp\/v2\/comments?post=241644"}],"version-history":[{"count":0,"href":"https:\/\/aromasentia.com\/fr\/wp-json\/wp\/v2\/product\/241644\/revisions"}],"wp:featuredmedia":[{"embeddable":true,"href":"https:\/\/aromasentia.com\/fr\/wp-json\/wp\/v2\/media\/271934"}],"wp:attachment":[{"href":"https:\/\/aromasentia.com\/fr\/wp-json\/wp\/v2\/media?parent=241644"}],"wp:term":[{"taxonomy":"product_brand","embeddable":true,"href":"https:\/\/aromasentia.com\/fr\/wp-json\/wp\/v2\/product_brand?post=241644"},{"taxonomy":"product_cat","embeddable":true,"href":"https:\/\/aromasentia.com\/fr\/wp-json\/wp\/v2\/product_cat?post=241644"},{"taxonomy":"product_tag","embeddable":true,"href":"https:\/\/aromasentia.com\/fr\/wp-json\/wp\/v2\/product_tag?post=241644"}],"curies":[{"name":"wp","href":"https:\/\/api.w.org\/{rel}","templated":true}]}}